{"id":228,"date":"2021-03-15T12:51:38","date_gmt":"2021-03-15T15:51:38","guid":{"rendered":"https:\/\/unifsa.com.br\/cics2025\/?page_id=228"},"modified":"2025-11-03T12:24:37","modified_gmt":"2025-11-03T15:24:37","slug":"editais","status":"publish","type":"page","link":"https:\/\/unifsa.com.br\/cics2025\/editais\/","title":{"rendered":"Editais"},"content":{"rendered":"\n<h2 class=\"wp-block-heading has-white-color has-text-color has-background has-medium-font-size\" style=\"background-color:#0f567e\">EDITAL DE LAN\u00c7AMENTO DE LIVROS, REVISTAS\/PERI\u00d3DICOS E E-BOOKS<\/h2>\n\n\n\n<div data-wp-interactive=\"core\/file\" class=\"wp-block-file\"><object data-wp-bind--hidden=\"!state.hasPdfPreview\" hidden class=\"wp-block-file__embed\" data=\"https:\/\/unifsa.com.br\/cics2025\/wp-content\/uploads\/2025\/10\/Edital-n.04-Lancamento_livros-revistas-e-e-books.CICS2025.pdf\" type=\"application\/pdf\" style=\"width:100%;height:600px\" aria-label=\"Incorporado de Edital n.04 - Lancamento_livros, revistas e e-books.CICS2025.\"><\/object><a id=\"wp-block-file--media-2fe562bf-1bfd-4af4-8e72-56fa12625437\" href=\"https:\/\/unifsa.com.br\/cics2025\/wp-content\/uploads\/2025\/10\/Edital-n.04-Lancamento_livros-revistas-e-e-books.CICS2025.pdf\">Edital n.04 &#8211; Lancamento_livros, revistas e e-books.CICS2025<\/a><a href=\"https:\/\/unifsa.com.br\/cics2025\/wp-content\/uploads\/2025\/10\/Edital-n.04-Lancamento_livros-revistas-e-e-books.CICS2025.pdf\" class=\"wp-block-file__button wp-element-button\" download aria-describedby=\"wp-block-file--media-2fe562bf-1bfd-4af4-8e72-56fa12625437\">Baixar<\/a><\/div>\n\n\n\n<div data-wp-interactive=\"core\/file\" class=\"wp-block-file\"><object data-wp-bind--hidden=\"!state.hasPdfPreview\" hidden class=\"wp-block-file__embed\" data=\"https:\/\/unifsa.com.br\/cics2025\/wp-content\/uploads\/2025\/11\/Orientacoes_Lancamento_livros_2o-CICS.pdf\" type=\"application\/pdf\" style=\"width:100%;height:600px\" aria-label=\"Incorporado de Orienta\u00e7\u00f5es_Lancamento_livros_2\u00ba CICS.\"><\/object><a id=\"wp-block-file--media-2677533e-17cf-460c-8d50-38930a6b7903\" href=\"https:\/\/unifsa.com.br\/cics2025\/wp-content\/uploads\/2025\/11\/Orientacoes_Lancamento_livros_2o-CICS.pdf\">Orienta\u00e7\u00f5es_Lancamento_livros_2\u00ba CICS<\/a><a href=\"https:\/\/unifsa.com.br\/cics2025\/wp-content\/uploads\/2025\/11\/Orientacoes_Lancamento_livros_2o-CICS.pdf\" class=\"wp-block-file__button wp-element-button\" download aria-describedby=\"wp-block-file--media-2677533e-17cf-460c-8d50-38930a6b7903\">Baixar<\/a><\/div>\n\n\n\n<h2 class=\"wp-block-heading has-white-color has-text-color has-background has-medium-font-size\" style=\"background-color:#0f567e\">EDITAL DE SUBMISS\u00c3O DE TRABALHOS NOS GRUPOS TEM\u00c1TICOS (GTs)<\/h2>\n\n\n\n<p>Caro(a) pesquisador(a), para submeter seu trabalho ao&nbsp;<strong>2\u00ba Congresso Internacional Ci\u00eancia e Sociedade (CICS)<\/strong>, baixe o&nbsp;<strong>Edital de Submiss\u00e3o de Trabalhos<\/strong>&nbsp;e o&nbsp;<strong>template oficial<\/strong>&nbsp;para formata\u00e7\u00e3o do artigo. Certifique-se de que seu trabalho segue todas as normas exigidas e de que&nbsp;<strong>pelo menos um dos autores esteja inscrito no evento antes da submiss\u00e3o<\/strong>, requisito indispens\u00e1vel para aprova\u00e7\u00e3o. A submiss\u00e3o deve ser realizada exclusivamente pela&nbsp;<strong>plataforma oficial<\/strong>&nbsp;do evento at\u00e9&nbsp;<strong>15 de setembro de 2025<\/strong>, sendo que trabalhos fora do padr\u00e3o ou enviados ap\u00f3s o prazo n\u00e3o ser\u00e3o aceitos. Os trabalhos aprovados ser\u00e3o publicados nos&nbsp;<strong>Anais do 2\u00ba CICS<\/strong>, com atribui\u00e7\u00e3o de&nbsp;<strong>DOI<\/strong>, e os melhores ser\u00e3o selecionados para compor um e-book especial. Em caso de d\u00favidas, entre em contato pelo e-mail&nbsp;<strong><a class=\"\">cics.cientifico@unifsa.com.br<\/a><\/strong>.<\/p>\n\n\n\n<div data-wp-interactive=\"core\/file\" class=\"wp-block-file\"><object data-wp-bind--hidden=\"!state.hasPdfPreview\" hidden class=\"wp-block-file__embed\" data=\"https:\/\/unifsa.com.br\/cics2025\/wp-content\/uploads\/2025\/04\/Edital-de-Submissao-Trabalhos-em-GTS-do-2o-CICS_2025.pdf\" type=\"application\/pdf\" style=\"width:100%;height:600px\" aria-label=\"Incorporado de Edital de Submiss\u00e3o Trabalhos em GTS do 2\u00ba CICS_2025.\"><\/object><a id=\"wp-block-file--media-03ba0135-5186-4db7-91dd-21914177f0c8\" href=\"https:\/\/unifsa.com.br\/cics2025\/wp-content\/uploads\/2025\/04\/Edital-de-Submissao-Trabalhos-em-GTS-do-2o-CICS_2025.pdf\">Edital de Submiss\u00e3o Trabalhos em GTS do 2\u00ba CICS_2025<\/a><a href=\"https:\/\/unifsa.com.br\/cics2025\/wp-content\/uploads\/2025\/04\/Edital-de-Submissao-Trabalhos-em-GTS-do-2o-CICS_2025.pdf\" class=\"wp-block-file__button wp-element-button\" download aria-describedby=\"wp-block-file--media-03ba0135-5186-4db7-91dd-21914177f0c8\">Baixar<\/a><\/div>\n\n\n\n<div class=\"wp-block-buttons is-layout-flex wp-block-buttons-is-layout-flex\">\n<div class=\"wp-block-button\"><a class=\"wp-block-button__link has-black-color has-luminous-vivid-orange-background-color has-text-color has-background has-link-color wp-element-button\" href=\"https:\/\/unifsa.com.br\/cics2025\/wp-content\/uploads\/2025\/04\/TEMPLATE-SUBMISSAO-2oCICS.2025-1.docx\"><strong>TEMPLATE DE SUBMISS\u00c3O DO ARTIGO<\/strong><\/a><\/div>\n<\/div>\n\n\n\n<p><\/p>\n\n\n\n<h2 class=\"wp-block-heading has-white-color has-text-color has-background has-medium-font-size\" style=\"background-color:#0f567e\">EDITAL DE SUBMISS\u00c3O DE GRUPO TEM\u00c1TICO<\/h2>\n\n\n\n<p class=\"has-vivid-cyan-blue-color has-text-color\">Caro\/a pesquisador\/a, baixe o Edital de Submiss\u00e3o de GT, bem como o formul\u00e1rio de inscri\u00e7\u00e3o e modelo da proposta de GT, que deve ser encaminhado ao e-mail: cics.cientifico@unifsa.com.br, considerando o prazo m\u00e1ximo de <strong>21 de mar\u00e7o de 2025 <\/strong>(prorrogado).<\/p>\n\n\n\n<div data-wp-interactive=\"core\/file\" class=\"wp-block-file\"><object data-wp-bind--hidden=\"!state.hasPdfPreview\" hidden class=\"wp-block-file__embed\" data=\"https:\/\/unifsa.com.br\/cics2025\/wp-content\/uploads\/2025\/03\/Edital-de-Submissao-GTS-Prorrogacao_ate21marco2025.pdf\" type=\"application\/pdf\" style=\"width:100%;height:600px\" aria-label=\"Incorporado de &lt;strong&gt;Edital de Submissao GTS - Prorroga\u00e7\u00e3o_at\u00e921mar\u00e7o2025&lt;\/strong&gt;.\"><\/object><a id=\"wp-block-file--media-f75eff3a-1e15-4fcb-947d-3fa8d0f0f37c\" href=\"https:\/\/unifsa.com.br\/cics2025\/wp-content\/uploads\/2025\/03\/Edital-de-Submissao-GTS-Prorrogacao_ate21marco2025.pdf\"><strong>Edital de Submissao GTS &#8211; Prorroga\u00e7\u00e3o_at\u00e921mar\u00e7o2025<\/strong><\/a><a href=\"https:\/\/unifsa.com.br\/cics2025\/wp-content\/uploads\/2025\/03\/Edital-de-Submissao-GTS-Prorrogacao_ate21marco2025.pdf\" class=\"wp-block-file__button wp-element-button\" download aria-describedby=\"wp-block-file--media-f75eff3a-1e15-4fcb-947d-3fa8d0f0f37c\">Baixar<\/a><\/div>\n\n\n\n<div class=\"wp-block-buttons is-content-justification-left is-layout-flex wp-container-core-buttons-is-layout-fc4fd283 wp-block-buttons-is-layout-flex\">\n<div class=\"wp-block-button is-style-fill\"><a class=\"wp-block-button__link has-white-color has-vivid-cyan-blue-background-color has-text-color has-background has-link-color wp-element-button\" href=\"https:\/\/unifsa.com.br\/cics2025\/wp-content\/uploads\/2025\/03\/Edital-de-Submissao-GTS-Prorrogacao_ate21marco2025.pdf\"><strong>EDITAL DE PRORROGA\u00c7\u00c3O<\/strong><\/a><\/div>\n\n\n\n<div class=\"wp-block-button is-style-fill\"><a class=\"wp-block-button__link has-vivid-cyan-blue-background-color has-background wp-element-button\" href=\"https:\/\/unifsa.com.br\/cics2025\/wp-content\/uploads\/2025\/03\/Formulario-de-Submissao-de-GTS-do-2o-CICS.docx\"><strong>FORMUL\u00c1RIO<\/strong><\/a><\/div>\n\n\n\n<div class=\"wp-block-button is-style-fill\"><a class=\"wp-block-button__link has-vivid-cyan-blue-background-color has-background wp-element-button\" href=\"https:\/\/unifsa.com.br\/cics2025\/wp-content\/uploads\/2025\/03\/Modelo-da-Proposta-de-GTS-do-2o-CICS-2.docx\"><strong>MODELO PROPOSTA GT<\/strong><\/a><\/div>\n<\/div>\n\n\n\n<p><\/p>\n\n\n\n<div data-wp-interactive=\"core\/file\" class=\"wp-block-file\"><object data-wp-bind--hidden=\"!state.hasPdfPreview\" hidden class=\"wp-block-file__embed\" data=\"https:\/\/unifsa.com.br\/cics2025\/wp-content\/uploads\/2025\/03\/Edital-de-Submissao-de-GTS-do-2o-CICS.pdf\" type=\"application\/pdf\" style=\"width:100%;height:600px\" aria-label=\"Incorporado de Edital de Submiss\u00e3o de GTS do 2\u00ba CICS.\"><\/object><a id=\"wp-block-file--media-476c1443-1cda-4586-a975-d3353526e52f\" href=\"https:\/\/unifsa.com.br\/cics2025\/wp-content\/uploads\/2025\/03\/Edital-de-Submissao-de-GTS-do-2o-CICS.pdf\">Edital de Submiss\u00e3o de GTS do 2\u00ba CICS<\/a><a href=\"https:\/\/unifsa.com.br\/cics2025\/wp-content\/uploads\/2025\/03\/Edital-de-Submissao-de-GTS-do-2o-CICS.pdf\" class=\"wp-block-file__button wp-element-button\" download aria-describedby=\"wp-block-file--media-476c1443-1cda-4586-a975-d3353526e52f\">Baixar<\/a><\/div>\n\n\n\n<div class=\"wp-block-file\"><a id=\"wp-block-file--media-e3cbb368-e691-40b2-9674-bbb4f7eeaa35\" href=\"https:\/\/unifsa.com.br\/cics2025\/wp-content\/uploads\/2025\/03\/Formulario-de-Submissao-de-GTS-do-2o-CICS.docx\">Formul\u00e1rio de Submiss\u00e3o de GTS do 2\u00ba CICS<\/a><a href=\"https:\/\/unifsa.com.br\/cics2025\/wp-content\/uploads\/2025\/03\/Formulario-de-Submissao-de-GTS-do-2o-CICS.docx\" class=\"wp-block-file__button wp-element-button\" download aria-describedby=\"wp-block-file--media-e3cbb368-e691-40b2-9674-bbb4f7eeaa35\">Baixar<\/a><\/div>\n\n\n\n<div class=\"wp-block-file\"><a id=\"wp-block-file--media-d9c3fac9-10d6-4ecd-866d-19343b95fce9\" href=\"https:\/\/unifsa.com.br\/cics2025\/wp-content\/uploads\/2025\/03\/Modelo-da-Proposta-de-GTS-do-2o-CICS-2.docx\">Modelo da Proposta de GTS do 2\u00ba CICS<\/a><a href=\"https:\/\/unifsa.com.br\/cics2025\/wp-content\/uploads\/2025\/03\/Modelo-da-Proposta-de-GTS-do-2o-CICS-2.docx\" class=\"wp-block-file__button wp-element-button\" download aria-describedby=\"wp-block-file--media-d9c3fac9-10d6-4ecd-866d-19343b95fce9\">Baixar<\/a><\/div>\n","protected":false},"excerpt":{"rendered":"<p>EDITAL DE LAN\u00c7AMENTO DE LIVROS, REVISTAS\/PERI\u00d3DICOS E E-BOOKS EDITAL DE SUBMISS\u00c3O DE TRABALHOS NOS GRUPOS TEM\u00c1TICOS (GTs) Caro(a) pesquisador(a), para submeter seu trabalho ao&nbsp;2\u00ba Congresso Internacional Ci\u00eancia e Sociedade (CICS), baixe o&nbsp;Edital de Submiss\u00e3o de Trabalhos&nbsp;e o&nbsp;template oficial&nbsp;para formata\u00e7\u00e3o do artigo. Certifique-se de que seu trabalho segue todas as normas exigidas e de que&nbsp;pelo menos [&hellip;]<\/p>\n","protected":false},"author":2,"featured_media":0,"parent":0,"menu_order":0,"comment_status":"closed","ping_status":"closed","template":"","meta":{"footnotes":""},"class_list":["post-228","page","type-page","status-publish","hentry"],"yoast_head":"<!-- This site is optimized with the Yoast SEO plugin v26.2 - https:\/\/yoast.com\/wordpress\/plugins\/seo\/ -->\n<title>Editais - 2\u00ba CICS | Edi\u00e7\u00e3o 2025<\/title>\n<meta name=\"robots\" content=\"index, follow, max-snippet:-1, max-image-preview:large, max-video-preview:-1\" \/>\n<link rel=\"canonical\" href=\"https:\/\/unifsa.com.br\/cics2025\/editais\/\" \/>\n<meta property=\"og:locale\" content=\"pt_BR\" \/>\n<meta property=\"og:type\" content=\"article\" \/>\n<meta property=\"og:title\" content=\"Editais - 2\u00ba CICS | Edi\u00e7\u00e3o 2025\" \/>\n<meta property=\"og:description\" content=\"EDITAL DE LAN\u00c7AMENTO DE LIVROS, REVISTAS\/PERI\u00d3DICOS E E-BOOKS EDITAL DE SUBMISS\u00c3O DE TRABALHOS NOS GRUPOS TEM\u00c1TICOS (GTs) Caro(a) pesquisador(a), para submeter seu trabalho ao&nbsp;2\u00ba Congresso Internacional Ci\u00eancia e Sociedade (CICS), baixe o&nbsp;Edital de Submiss\u00e3o de Trabalhos&nbsp;e o&nbsp;template oficial&nbsp;para formata\u00e7\u00e3o do artigo. Certifique-se de que seu trabalho segue todas as normas exigidas e de que&nbsp;pelo menos [&hellip;]\" \/>\n<meta property=\"og:url\" content=\"https:\/\/unifsa.com.br\/cics2025\/editais\/\" \/>\n<meta property=\"og:site_name\" content=\"2\u00ba CICS | Edi\u00e7\u00e3o 2025\" \/>\n<meta property=\"article:publisher\" content=\"https:\/\/www.facebook.com\/unifsa\/\" \/>\n<meta property=\"article:modified_time\" content=\"2025-11-03T15:24:37+00:00\" \/>\n<meta property=\"og:image\" content=\"https:\/\/unifsa.com.br\/cics2025\/wp-content\/uploads\/2025\/01\/cropped-logomarca-cics202saa5.webp\" \/>\n\t<meta property=\"og:image:width\" content=\"512\" \/>\n\t<meta property=\"og:image:height\" content=\"512\" \/>\n\t<meta property=\"og:image:type\" content=\"image\/webp\" \/>\n<meta name=\"twitter:card\" content=\"summary_large_image\" \/>\n<meta name=\"twitter:label1\" content=\"Est. tempo de leitura\" \/>\n\t<meta name=\"twitter:data1\" content=\"2 minutos\" \/>\n<script type=\"application\/ld+json\" class=\"yoast-schema-graph\">{\"@context\":\"https:\/\/schema.org\",\"@graph\":[{\"@type\":\"WebPage\",\"@id\":\"https:\/\/unifsa.com.br\/cics2025\/editais\/\",\"url\":\"https:\/\/unifsa.com.br\/cics2025\/editais\/\",\"name\":\"Editais - 2\u00ba CICS | Edi\u00e7\u00e3o 2025\",\"isPartOf\":{\"@id\":\"https:\/\/unifsa.com.br\/cics2025\/#website\"},\"datePublished\":\"2021-03-15T15:51:38+00:00\",\"dateModified\":\"2025-11-03T15:24:37+00:00\",\"breadcrumb\":{\"@id\":\"https:\/\/unifsa.com.br\/cics2025\/editais\/#breadcrumb\"},\"inLanguage\":\"pt-BR\",\"potentialAction\":[{\"@type\":\"ReadAction\",\"target\":[\"https:\/\/unifsa.com.br\/cics2025\/editais\/\"]}]},{\"@type\":\"BreadcrumbList\",\"@id\":\"https:\/\/unifsa.com.br\/cics2025\/editais\/#breadcrumb\",\"itemListElement\":[{\"@type\":\"ListItem\",\"position\":1,\"name\":\"In\u00edcio\",\"item\":\"https:\/\/unifsa.com.br\/cics2025\/\"},{\"@type\":\"ListItem\",\"position\":2,\"name\":\"Editais\"}]},{\"@type\":\"WebSite\",\"@id\":\"https:\/\/unifsa.com.br\/cics2025\/#website\",\"url\":\"https:\/\/unifsa.com.br\/cics2025\/\",\"name\":\"2\u00ba CICS | Edi\u00e7\u00e3o 2025\",\"description\":\"Congresso Internaconal Ci\u00eancia e Sociedade\",\"publisher\":{\"@id\":\"https:\/\/unifsa.com.br\/cics2025\/#organization\"},\"alternateName\":\"Congresso Internacional Ci\u00eancia e Sociedade (CICS)\",\"potentialAction\":[{\"@type\":\"SearchAction\",\"target\":{\"@type\":\"EntryPoint\",\"urlTemplate\":\"https:\/\/unifsa.com.br\/cics2025\/?s={search_term_string}\"},\"query-input\":{\"@type\":\"PropertyValueSpecification\",\"valueRequired\":true,\"valueName\":\"search_term_string\"}}],\"inLanguage\":\"pt-BR\"},{\"@type\":\"Organization\",\"@id\":\"https:\/\/unifsa.com.br\/cics2025\/#organization\",\"name\":\"Centro Universit\u00e1rio Santo Agostinho\",\"alternateName\":\"UNIFSA\",\"url\":\"https:\/\/unifsa.com.br\/cics2025\/\",\"logo\":{\"@type\":\"ImageObject\",\"inLanguage\":\"pt-BR\",\"@id\":\"https:\/\/unifsa.com.br\/cics2025\/#\/schema\/logo\/image\/\",\"url\":\"https:\/\/unifsa.com.br\/cics2025\/wp-content\/uploads\/2025\/01\/cropped-logomarca-cics202saa5.webp\",\"contentUrl\":\"https:\/\/unifsa.com.br\/cics2025\/wp-content\/uploads\/2025\/01\/cropped-logomarca-cics202saa5.webp\",\"width\":512,\"height\":512,\"caption\":\"Centro Universit\u00e1rio Santo Agostinho\"},\"image\":{\"@id\":\"https:\/\/unifsa.com.br\/cics2025\/#\/schema\/logo\/image\/\"},\"sameAs\":[\"https:\/\/www.facebook.com\/unifsa\/\",\"https:\/\/unifsa.com.br\/cics2025\/a-conferencia\/\"]}]}<\/script>\n<!-- \/ Yoast SEO plugin. -->","yoast_head_json":{"title":"Editais - 2\u00ba CICS | Edi\u00e7\u00e3o 2025","robots":{"index":"index","follow":"follow","max-snippet":"max-snippet:-1","max-image-preview":"max-image-preview:large","max-video-preview":"max-video-preview:-1"},"canonical":"https:\/\/unifsa.com.br\/cics2025\/editais\/","og_locale":"pt_BR","og_type":"article","og_title":"Editais - 2\u00ba CICS | Edi\u00e7\u00e3o 2025","og_description":"EDITAL DE LAN\u00c7AMENTO DE LIVROS, REVISTAS\/PERI\u00d3DICOS E E-BOOKS EDITAL DE SUBMISS\u00c3O DE TRABALHOS NOS GRUPOS TEM\u00c1TICOS (GTs) Caro(a) pesquisador(a), para submeter seu trabalho ao&nbsp;2\u00ba Congresso Internacional Ci\u00eancia e Sociedade (CICS), baixe o&nbsp;Edital de Submiss\u00e3o de Trabalhos&nbsp;e o&nbsp;template oficial&nbsp;para formata\u00e7\u00e3o do artigo. Certifique-se de que seu trabalho segue todas as normas exigidas e de que&nbsp;pelo menos [&hellip;]","og_url":"https:\/\/unifsa.com.br\/cics2025\/editais\/","og_site_name":"2\u00ba CICS | Edi\u00e7\u00e3o 2025","article_publisher":"https:\/\/www.facebook.com\/unifsa\/","article_modified_time":"2025-11-03T15:24:37+00:00","og_image":[{"width":512,"height":512,"url":"https:\/\/unifsa.com.br\/cics2025\/wp-content\/uploads\/2025\/01\/cropped-logomarca-cics202saa5.webp","type":"image\/webp"}],"twitter_card":"summary_large_image","twitter_misc":{"Est. tempo de leitura":"2 minutos"},"schema":{"@context":"https:\/\/schema.org","@graph":[{"@type":"WebPage","@id":"https:\/\/unifsa.com.br\/cics2025\/editais\/","url":"https:\/\/unifsa.com.br\/cics2025\/editais\/","name":"Editais - 2\u00ba CICS | Edi\u00e7\u00e3o 2025","isPartOf":{"@id":"https:\/\/unifsa.com.br\/cics2025\/#website"},"datePublished":"2021-03-15T15:51:38+00:00","dateModified":"2025-11-03T15:24:37+00:00","breadcrumb":{"@id":"https:\/\/unifsa.com.br\/cics2025\/editais\/#breadcrumb"},"inLanguage":"pt-BR","potentialAction":[{"@type":"ReadAction","target":["https:\/\/unifsa.com.br\/cics2025\/editais\/"]}]},{"@type":"BreadcrumbList","@id":"https:\/\/unifsa.com.br\/cics2025\/editais\/#breadcrumb","itemListElement":[{"@type":"ListItem","position":1,"name":"In\u00edcio","item":"https:\/\/unifsa.com.br\/cics2025\/"},{"@type":"ListItem","position":2,"name":"Editais"}]},{"@type":"WebSite","@id":"https:\/\/unifsa.com.br\/cics2025\/#website","url":"https:\/\/unifsa.com.br\/cics2025\/","name":"2\u00ba CICS | Edi\u00e7\u00e3o 2025","description":"Congresso Internaconal Ci\u00eancia e Sociedade","publisher":{"@id":"https:\/\/unifsa.com.br\/cics2025\/#organization"},"alternateName":"Congresso Internacional Ci\u00eancia e Sociedade (CICS)","potentialAction":[{"@type":"SearchAction","target":{"@type":"EntryPoint","urlTemplate":"https:\/\/unifsa.com.br\/cics2025\/?s={search_term_string}"},"query-input":{"@type":"PropertyValueSpecification","valueRequired":true,"valueName":"search_term_string"}}],"inLanguage":"pt-BR"},{"@type":"Organization","@id":"https:\/\/unifsa.com.br\/cics2025\/#organization","name":"Centro Universit\u00e1rio Santo Agostinho","alternateName":"UNIFSA","url":"https:\/\/unifsa.com.br\/cics2025\/","logo":{"@type":"ImageObject","inLanguage":"pt-BR","@id":"https:\/\/unifsa.com.br\/cics2025\/#\/schema\/logo\/image\/","url":"https:\/\/unifsa.com.br\/cics2025\/wp-content\/uploads\/2025\/01\/cropped-logomarca-cics202saa5.webp","contentUrl":"https:\/\/unifsa.com.br\/cics2025\/wp-content\/uploads\/2025\/01\/cropped-logomarca-cics202saa5.webp","width":512,"height":512,"caption":"Centro Universit\u00e1rio Santo Agostinho"},"image":{"@id":"https:\/\/unifsa.com.br\/cics2025\/#\/schema\/logo\/image\/"},"sameAs":["https:\/\/www.facebook.com\/unifsa\/","https:\/\/unifsa.com.br\/cics2025\/a-conferencia\/"]}]}},"_links":{"self":[{"href":"https:\/\/unifsa.com.br\/cics2025\/wp-json\/wp\/v2\/pages\/228","targetHints":{"allow":["GET"]}}],"collection":[{"href":"https:\/\/unifsa.com.br\/cics2025\/wp-json\/wp\/v2\/pages"}],"about":[{"href":"https:\/\/unifsa.com.br\/cics2025\/wp-json\/wp\/v2\/types\/page"}],"author":[{"embeddable":true,"href":"https:\/\/unifsa.com.br\/cics2025\/wp-json\/wp\/v2\/users\/2"}],"replies":[{"embeddable":true,"href":"https:\/\/unifsa.com.br\/cics2025\/wp-json\/wp\/v2\/comments?post=228"}],"version-history":[{"count":54,"href":"https:\/\/unifsa.com.br\/cics2025\/wp-json\/wp\/v2\/pages\/228\/revisions"}],"predecessor-version":[{"id":4918,"href":"https:\/\/unifsa.com.br\/cics2025\/wp-json\/wp\/v2\/pages\/228\/revisions\/4918"}],"wp:attachment":[{"href":"https:\/\/unifsa.com.br\/cics2025\/wp-json\/wp\/v2\/media?parent=228"}],"curies":[{"name":"wp","href":"https:\/\/api.w.org\/{rel}","templated":true}]}}