{"id":181,"date":"2021-02-23T11:16:14","date_gmt":"2021-02-23T14:16:14","guid":{"rendered":"https:\/\/unifsa.com.br\/cics2025\/?page_id=181"},"modified":"2025-05-26T13:51:47","modified_gmt":"2025-05-26T16:51:47","slug":"comissao-de-programacao","status":"publish","type":"page","link":"https:\/\/unifsa.com.br\/cics2025\/comissao-de-programacao\/","title":{"rendered":"Comiss\u00e3o de Programa\u00e7\u00e3o"},"content":{"rendered":"\n<p><br><strong>MEMBROS<br><\/strong><a href=\"http:\/\/lattes.cnpq.br\/3208910720507868\">Profa. Ma. Antonieta Lira e Silva<\/a><br><a href=\"http:\/\/lattes.cnpq.br\/1849321949853471\">Prof. Dr. Edj\u00f4fre Coelho de Oliveira<\/a><br><a href=\"http:\/\/lattes.cnpq.br\/2790585585767871\">Prof. Dr. Alisson Dias Gomes<\/a><br><a data-type=\"URL\" href=\"http:\/\/lattes.cnpq.br\/1713090757067566\" target=\"_blank\" rel=\"noreferrer noopener\">Profa. Dra. Izabel Herika Gomes Matias Cronemberger<\/a><br><a data-type=\"URL\" data-id=\"http:\/\/lattes.cnpq.br\/4880694253138298\" href=\"http:\/\/lattes.cnpq.br\/4880694253138298\" target=\"_blank\" rel=\"noreferrer noopener\">Profa. Dra. Ana Kelma Cunha Gallas<\/a><br><a href=\"http:\/\/lattes.cnpq.br\/1885329446905459\">Profa. Dra. Eldelita \u00c1guida Porf\u00edrio Franco<\/a><br><a href=\"http:\/\/lattes.cnpq.br\/8227347815366039\">Prof. Me. Rhubens Ewald Moura Ribeiro<\/a><br><a href=\"http:\/\/lattes.cnpq.br\/4146356217218356\">Profa. Ma. Am\u00e9lia Ac\u00e1cia M. Batista<\/a><br><a href=\"http:\/\/lattes.cnpq.br\/6289923540113283\">Profa. Ma. Juliana Gomes da Silva Soares<\/a><br><br><\/p>\n\n\n\n<p><br><\/p>\n\n\n\n<p><\/p>\n","protected":false},"excerpt":{"rendered":"<p>MEMBROSProfa. Ma. Antonieta Lira e SilvaProf. Dr. Edj\u00f4fre Coelho de OliveiraProf. Dr. Alisson Dias GomesProfa. Dra. Izabel Herika Gomes Matias CronembergerProfa. Dra. Ana Kelma Cunha GallasProfa. Dra. Eldelita \u00c1guida Porf\u00edrio FrancoProf. Me. Rhubens Ewald Moura RibeiroProfa. Ma. Am\u00e9lia Ac\u00e1cia M. BatistaProfa. Ma. Juliana Gomes da Silva Soares<\/p>\n","protected":false},"author":2,"featured_media":0,"parent":0,"menu_order":0,"comment_status":"closed","ping_status":"closed","template":"","meta":{"footnotes":""},"class_list":["post-181","page","type-page","status-publish","hentry"],"yoast_head":"<!-- This site is optimized with the Yoast SEO plugin v26.2 - https:\/\/yoast.com\/wordpress\/plugins\/seo\/ -->\n<title>Comiss\u00e3o de Programa\u00e7\u00e3o - 2\u00ba CICS | Edi\u00e7\u00e3o 2025<\/title>\n<meta name=\"robots\" content=\"index, follow, max-snippet:-1, max-image-preview:large, max-video-preview:-1\" \/>\n<link rel=\"canonical\" href=\"https:\/\/unifsa.com.br\/cics2025\/comissao-de-programacao\/\" \/>\n<meta property=\"og:locale\" content=\"pt_BR\" \/>\n<meta property=\"og:type\" content=\"article\" \/>\n<meta property=\"og:title\" content=\"Comiss\u00e3o de Programa\u00e7\u00e3o - 2\u00ba CICS | Edi\u00e7\u00e3o 2025\" \/>\n<meta property=\"og:description\" content=\"MEMBROSProfa. Ma. Antonieta Lira e SilvaProf. Dr. Edj\u00f4fre Coelho de OliveiraProf. Dr. Alisson Dias GomesProfa. Dra. Izabel Herika Gomes Matias CronembergerProfa. Dra. Ana Kelma Cunha GallasProfa. Dra. Eldelita \u00c1guida Porf\u00edrio FrancoProf. Me. Rhubens Ewald Moura RibeiroProfa. Ma. Am\u00e9lia Ac\u00e1cia M. BatistaProfa. Ma. Juliana Gomes da Silva Soares\" \/>\n<meta property=\"og:url\" content=\"https:\/\/unifsa.com.br\/cics2025\/comissao-de-programacao\/\" \/>\n<meta property=\"og:site_name\" content=\"2\u00ba CICS | Edi\u00e7\u00e3o 2025\" \/>\n<meta property=\"article:publisher\" content=\"https:\/\/www.facebook.com\/unifsa\/\" \/>\n<meta property=\"article:modified_time\" content=\"2025-05-26T16:51:47+00:00\" \/>\n<meta property=\"og:image\" content=\"https:\/\/unifsa.com.br\/cics2025\/wp-content\/uploads\/2025\/01\/cropped-logomarca-cics202saa5.webp\" \/>\n\t<meta property=\"og:image:width\" content=\"512\" \/>\n\t<meta property=\"og:image:height\" content=\"512\" \/>\n\t<meta property=\"og:image:type\" content=\"image\/webp\" \/>\n<meta name=\"twitter:card\" content=\"summary_large_image\" \/>\n<meta name=\"twitter:label1\" content=\"Est. tempo de leitura\" \/>\n\t<meta name=\"twitter:data1\" content=\"1 minuto\" \/>\n<script type=\"application\/ld+json\" class=\"yoast-schema-graph\">{\"@context\":\"https:\/\/schema.org\",\"@graph\":[{\"@type\":\"WebPage\",\"@id\":\"https:\/\/unifsa.com.br\/cics2025\/comissao-de-programacao\/\",\"url\":\"https:\/\/unifsa.com.br\/cics2025\/comissao-de-programacao\/\",\"name\":\"Comiss\u00e3o de Programa\u00e7\u00e3o - 2\u00ba CICS | Edi\u00e7\u00e3o 2025\",\"isPartOf\":{\"@id\":\"https:\/\/unifsa.com.br\/cics2025\/#website\"},\"datePublished\":\"2021-02-23T14:16:14+00:00\",\"dateModified\":\"2025-05-26T16:51:47+00:00\",\"breadcrumb\":{\"@id\":\"https:\/\/unifsa.com.br\/cics2025\/comissao-de-programacao\/#breadcrumb\"},\"inLanguage\":\"pt-BR\",\"potentialAction\":[{\"@type\":\"ReadAction\",\"target\":[\"https:\/\/unifsa.com.br\/cics2025\/comissao-de-programacao\/\"]}]},{\"@type\":\"BreadcrumbList\",\"@id\":\"https:\/\/unifsa.com.br\/cics2025\/comissao-de-programacao\/#breadcrumb\",\"itemListElement\":[{\"@type\":\"ListItem\",\"position\":1,\"name\":\"In\u00edcio\",\"item\":\"https:\/\/unifsa.com.br\/cics2025\/\"},{\"@type\":\"ListItem\",\"position\":2,\"name\":\"Comiss\u00e3o de Programa\u00e7\u00e3o\"}]},{\"@type\":\"WebSite\",\"@id\":\"https:\/\/unifsa.com.br\/cics2025\/#website\",\"url\":\"https:\/\/unifsa.com.br\/cics2025\/\",\"name\":\"2\u00ba CICS | Edi\u00e7\u00e3o 2025\",\"description\":\"Congresso Internaconal Ci\u00eancia e Sociedade\",\"publisher\":{\"@id\":\"https:\/\/unifsa.com.br\/cics2025\/#organization\"},\"alternateName\":\"Congresso Internacional Ci\u00eancia e Sociedade (CICS)\",\"potentialAction\":[{\"@type\":\"SearchAction\",\"target\":{\"@type\":\"EntryPoint\",\"urlTemplate\":\"https:\/\/unifsa.com.br\/cics2025\/?s={search_term_string}\"},\"query-input\":{\"@type\":\"PropertyValueSpecification\",\"valueRequired\":true,\"valueName\":\"search_term_string\"}}],\"inLanguage\":\"pt-BR\"},{\"@type\":\"Organization\",\"@id\":\"https:\/\/unifsa.com.br\/cics2025\/#organization\",\"name\":\"Centro Universit\u00e1rio Santo Agostinho\",\"alternateName\":\"UNIFSA\",\"url\":\"https:\/\/unifsa.com.br\/cics2025\/\",\"logo\":{\"@type\":\"ImageObject\",\"inLanguage\":\"pt-BR\",\"@id\":\"https:\/\/unifsa.com.br\/cics2025\/#\/schema\/logo\/image\/\",\"url\":\"https:\/\/unifsa.com.br\/cics2025\/wp-content\/uploads\/2025\/01\/cropped-logomarca-cics202saa5.webp\",\"contentUrl\":\"https:\/\/unifsa.com.br\/cics2025\/wp-content\/uploads\/2025\/01\/cropped-logomarca-cics202saa5.webp\",\"width\":512,\"height\":512,\"caption\":\"Centro Universit\u00e1rio Santo Agostinho\"},\"image\":{\"@id\":\"https:\/\/unifsa.com.br\/cics2025\/#\/schema\/logo\/image\/\"},\"sameAs\":[\"https:\/\/www.facebook.com\/unifsa\/\",\"https:\/\/unifsa.com.br\/cics2025\/a-conferencia\/\"]}]}<\/script>\n<!-- \/ Yoast SEO plugin. -->","yoast_head_json":{"title":"Comiss\u00e3o de Programa\u00e7\u00e3o - 2\u00ba CICS | Edi\u00e7\u00e3o 2025","robots":{"index":"index","follow":"follow","max-snippet":"max-snippet:-1","max-image-preview":"max-image-preview:large","max-video-preview":"max-video-preview:-1"},"canonical":"https:\/\/unifsa.com.br\/cics2025\/comissao-de-programacao\/","og_locale":"pt_BR","og_type":"article","og_title":"Comiss\u00e3o de Programa\u00e7\u00e3o - 2\u00ba CICS | Edi\u00e7\u00e3o 2025","og_description":"MEMBROSProfa. Ma. Antonieta Lira e SilvaProf. Dr. Edj\u00f4fre Coelho de OliveiraProf. Dr. Alisson Dias GomesProfa. Dra. Izabel Herika Gomes Matias CronembergerProfa. Dra. Ana Kelma Cunha GallasProfa. Dra. Eldelita \u00c1guida Porf\u00edrio FrancoProf. Me. Rhubens Ewald Moura RibeiroProfa. Ma. Am\u00e9lia Ac\u00e1cia M. BatistaProfa. Ma. Juliana Gomes da Silva Soares","og_url":"https:\/\/unifsa.com.br\/cics2025\/comissao-de-programacao\/","og_site_name":"2\u00ba CICS | Edi\u00e7\u00e3o 2025","article_publisher":"https:\/\/www.facebook.com\/unifsa\/","article_modified_time":"2025-05-26T16:51:47+00:00","og_image":[{"width":512,"height":512,"url":"https:\/\/unifsa.com.br\/cics2025\/wp-content\/uploads\/2025\/01\/cropped-logomarca-cics202saa5.webp","type":"image\/webp"}],"twitter_card":"summary_large_image","twitter_misc":{"Est. tempo de leitura":"1 minuto"},"schema":{"@context":"https:\/\/schema.org","@graph":[{"@type":"WebPage","@id":"https:\/\/unifsa.com.br\/cics2025\/comissao-de-programacao\/","url":"https:\/\/unifsa.com.br\/cics2025\/comissao-de-programacao\/","name":"Comiss\u00e3o de Programa\u00e7\u00e3o - 2\u00ba CICS | Edi\u00e7\u00e3o 2025","isPartOf":{"@id":"https:\/\/unifsa.com.br\/cics2025\/#website"},"datePublished":"2021-02-23T14:16:14+00:00","dateModified":"2025-05-26T16:51:47+00:00","breadcrumb":{"@id":"https:\/\/unifsa.com.br\/cics2025\/comissao-de-programacao\/#breadcrumb"},"inLanguage":"pt-BR","potentialAction":[{"@type":"ReadAction","target":["https:\/\/unifsa.com.br\/cics2025\/comissao-de-programacao\/"]}]},{"@type":"BreadcrumbList","@id":"https:\/\/unifsa.com.br\/cics2025\/comissao-de-programacao\/#breadcrumb","itemListElement":[{"@type":"ListItem","position":1,"name":"In\u00edcio","item":"https:\/\/unifsa.com.br\/cics2025\/"},{"@type":"ListItem","position":2,"name":"Comiss\u00e3o de Programa\u00e7\u00e3o"}]},{"@type":"WebSite","@id":"https:\/\/unifsa.com.br\/cics2025\/#website","url":"https:\/\/unifsa.com.br\/cics2025\/","name":"2\u00ba CICS | Edi\u00e7\u00e3o 2025","description":"Congresso Internaconal Ci\u00eancia e Sociedade","publisher":{"@id":"https:\/\/unifsa.com.br\/cics2025\/#organization"},"alternateName":"Congresso Internacional Ci\u00eancia e Sociedade (CICS)","potentialAction":[{"@type":"SearchAction","target":{"@type":"EntryPoint","urlTemplate":"https:\/\/unifsa.com.br\/cics2025\/?s={search_term_string}"},"query-input":{"@type":"PropertyValueSpecification","valueRequired":true,"valueName":"search_term_string"}}],"inLanguage":"pt-BR"},{"@type":"Organization","@id":"https:\/\/unifsa.com.br\/cics2025\/#organization","name":"Centro Universit\u00e1rio Santo Agostinho","alternateName":"UNIFSA","url":"https:\/\/unifsa.com.br\/cics2025\/","logo":{"@type":"ImageObject","inLanguage":"pt-BR","@id":"https:\/\/unifsa.com.br\/cics2025\/#\/schema\/logo\/image\/","url":"https:\/\/unifsa.com.br\/cics2025\/wp-content\/uploads\/2025\/01\/cropped-logomarca-cics202saa5.webp","contentUrl":"https:\/\/unifsa.com.br\/cics2025\/wp-content\/uploads\/2025\/01\/cropped-logomarca-cics202saa5.webp","width":512,"height":512,"caption":"Centro Universit\u00e1rio Santo Agostinho"},"image":{"@id":"https:\/\/unifsa.com.br\/cics2025\/#\/schema\/logo\/image\/"},"sameAs":["https:\/\/www.facebook.com\/unifsa\/","https:\/\/unifsa.com.br\/cics2025\/a-conferencia\/"]}]}},"_links":{"self":[{"href":"https:\/\/unifsa.com.br\/cics2025\/wp-json\/wp\/v2\/pages\/181","targetHints":{"allow":["GET"]}}],"collection":[{"href":"https:\/\/unifsa.com.br\/cics2025\/wp-json\/wp\/v2\/pages"}],"about":[{"href":"https:\/\/unifsa.com.br\/cics2025\/wp-json\/wp\/v2\/types\/page"}],"author":[{"embeddable":true,"href":"https:\/\/unifsa.com.br\/cics2025\/wp-json\/wp\/v2\/users\/2"}],"replies":[{"embeddable":true,"href":"https:\/\/unifsa.com.br\/cics2025\/wp-json\/wp\/v2\/comments?post=181"}],"version-history":[{"count":20,"href":"https:\/\/unifsa.com.br\/cics2025\/wp-json\/wp\/v2\/pages\/181\/revisions"}],"predecessor-version":[{"id":4688,"href":"https:\/\/unifsa.com.br\/cics2025\/wp-json\/wp\/v2\/pages\/181\/revisions\/4688"}],"wp:attachment":[{"href":"https:\/\/unifsa.com.br\/cics2025\/wp-json\/wp\/v2\/media?parent=181"}],"curies":[{"name":"wp","href":"https:\/\/api.w.org\/{rel}","templated":true}]}}