{"id":1330,"date":"2023-02-13T15:47:01","date_gmt":"2023-02-13T18:47:01","guid":{"rendered":"https:\/\/unifsa.com.br\/cics2025\/?page_id=1330"},"modified":"2025-11-13T16:41:30","modified_gmt":"2025-11-13T19:41:30","slug":"patrocinadores","status":"publish","type":"page","link":"https:\/\/unifsa.com.br\/cics2025\/patrocinadores\/","title":{"rendered":"Patrocinadores"},"content":{"rendered":"<p>O 2\u00ba Congresso Internacional Ci\u00eancia e Sociedade (CICS) \u00e9 realizado com a participa\u00e7\u00e3o de pesquisadores de diversas institui\u00e7\u00f5es de ensino brasileiras e internacionais. O evento busca aproximar a sociedade das pr\u00e1ticas cient\u00edficas contempor\u00e2neas e promover o di\u00e1logo e a intera\u00e7\u00e3o entre acad\u00eamicos de todo o mundo.<\/p>\n<p>Estamos abertos a propostas de patrocinadores, apoiadores e parceiros que compartilhem dessa vis\u00e3o e desejem desempenhar um papel fundamental no sucesso deste evento bianual do Centro Universit\u00e1rio Santo Agostinho.<\/p>\n<h3>Categorias para contribuir:<\/h3>\n<p>\ud83d\udd39 <strong>Patrocinadores<\/strong><br \/>\ud83d\udd39 <strong>Apoiadores<\/strong><br \/>\ud83d\udd39 <strong>Parceiros<\/strong><\/p>\n<p>\ud83d\udce9 <strong>Solicite uma proposta<\/strong> pelo N\u00facleo de Comunica\u00e7\u00e3o do UNIFSA: <strong><a rel=\"noopener\">nucom@unifsa.com.br<\/a><\/strong><\/p>\n<p>\u3164<\/p>\n<h3>Conhe\u00e7a quem faz este evento poss\u00edvel:<br \/>\u3164<br \/><strong>Gr\u00e1fica M\u00e9dica<\/strong><\/h3>\n<p><img decoding=\"async\" class=\"wp-image-4730  aligncenter\" src=\"https:\/\/unifsa.com.br\/cics2025\/wp-content\/uploads\/2025\/09\/Grafica-Medica-1-e1763061750634.webp\" alt=\"\" width=\"225\" height=\"163\" \/><\/p>\n<p>A Gr\u00e1fica M\u00e9dica \u00e9 uma empresa que alia criatividade, qualidade e compromisso em cada projeto que realiza. Especializada na produ\u00e7\u00e3o de materiais gr\u00e1ficos e brindes personalizados, com foco no segmento da sa\u00fade e em eventos acad\u00eamicos, a marca tem se destacado pela entrega \u00e1gil e pela aten\u00e7\u00e3o aos detalhes. Fundada em 2017 e atuando formalmente h\u00e1 pouco mais de um ano nos estados do Maranh\u00e3o e do Piau\u00ed, a Gr\u00e1fica M\u00e9dica vem construindo uma trajet\u00f3ria s\u00f3lida de parcerias estrat\u00e9gicas com institui\u00e7\u00f5es e profissionais da \u00e1rea. Seu apoio como patrocinadora oficial do 2\u00ba Congresso Internacional Ci\u00eancia e Sociedade (CICS), promovido pelo UNIFSA, refor\u00e7a essa conex\u00e3o entre ci\u00eancia e conhecimento, evidenciando o prop\u00f3sito da empresa de valorizar iniciativas que impulsionam o desenvolvimento acad\u00eamico e cient\u00edfico da regi\u00e3o.<\/p>\n<p><strong>Redes Sociais<\/strong><br \/>Instagram: <a href=\"https:\/\/www.instagram.com\/graficamedicabrasil\/\">@<\/a><a href=\"https:\/\/www.instagram.com\/graficamedicabrasil\/\">graficamedicabrasil<\/a><br \/>WhatsApp: <a href=\"https:\/\/l.instagram.com\/?u=https%3A%2F%2Fwa.me%2Fmessage%2FUASVGFC2SVQ5I1%3Ffbclid%3DPAZXh0bgNhZW0CMTEAc3J0YwZhcHBfaWQMMjU2MjgxMDQwNTU4AAGnMbE7hyCvUN9FhLJJ5YUSA3aUGWBb1y_PPlCLmbYfhvzvsOQ8xxc11FWVyYc_aem_lfdIw-hbuU8dhDBwfsAgZA&amp;e=AT1dcRt9gmZBYa1S-sUfTPcjEvfkbrRcCix9MHQ88Cg4GVg4q8SiGkg15eO0cxUfMguaj29Hj5Lj40MALdi9FHLEFfHIA4IznZywRxJw_g\">(86) 9 9811-4488<\/a><\/p>\n<p>\u00a0<\/p>\n<h3><strong>Lestu<\/strong><\/h3>\n<p><img decoding=\"async\" class=\"wp-image-4655  aligncenter\" src=\"https:\/\/unifsa.com.br\/cics2025\/wp-content\/uploads\/2025\/04\/LESTU-PNG-COLOR-scaled-e1763061704953-300x178.webp\" alt=\"\" width=\"238\" height=\"141\" srcset=\"https:\/\/unifsa.com.br\/cics2025\/wp-content\/uploads\/2025\/04\/LESTU-PNG-COLOR-scaled-e1763061704953-300x178.webp 300w, https:\/\/unifsa.com.br\/cics2025\/wp-content\/uploads\/2025\/04\/LESTU-PNG-COLOR-scaled-e1763061704953-1024x607.webp 1024w, https:\/\/unifsa.com.br\/cics2025\/wp-content\/uploads\/2025\/04\/LESTU-PNG-COLOR-scaled-e1763061704953-768x455.webp 768w, https:\/\/unifsa.com.br\/cics2025\/wp-content\/uploads\/2025\/04\/LESTU-PNG-COLOR-scaled-e1763061704953.webp 1386w\" sizes=\"(max-width: 238px) 100vw, 238px\" \/><\/p>\n\n\n<p>A Editora Lestu \u00e9 refer\u00eancia no cen\u00e1rio editorial acad\u00eamico e cient\u00edfico, reconhecida por seu compromisso com a ci\u00eancia aberta e a valoriza\u00e7\u00e3o do conhecimento produzido nas institui\u00e7\u00f5es de ensino. Especializada em publica\u00e7\u00f5es de acesso aberto, como livros, e-books, colet\u00e2neas, anais e peri\u00f3dicos, a Lestu oferece um conjunto completo de servi\u00e7os editoriais, que vai da diagrama\u00e7\u00e3o e revis\u00e3o at\u00e9 a indexa\u00e7\u00e3o e divulga\u00e7\u00e3o em plataformas nacionais e internacionais. Fundada em 2019 e formada por uma equipe com mais de 30 anos de experi\u00eancia, a editora tem constru\u00eddo uma s\u00f3lida parceria com o UNIFSA, marcada por diversas publica\u00e7\u00f5es conjuntas e pela miss\u00e3o de ampliar o alcance da produ\u00e7\u00e3o cient\u00edfica. Como patrocinadora oficial do 2\u00ba Congresso Internacional Ci\u00eancia e Sociedade (CICS), a Lestu reafirma seu papel de difusora do saber e sua dedica\u00e7\u00e3o em fortalecer o impacto acad\u00eamico e social das pesquisas realizadas no Piau\u00ed e em todo o pa\u00eds.<\/p>\n\n\n\n<p><strong>Redes Sociais<\/strong><br>Instagram: <a href=\"https:\/\/www.instagram.com\/lestu_editora\/\">@lestu_editora<\/a><br>Site: <a href=\"http:\/\/www.lestu.com.br\">www.lestu.com.br<\/a><\/p>\n\n\n\n<p>\u3164<\/p>\n\n\n\n<h3 class=\"wp-block-heading\"><strong>Realiza<\/strong><\/h3>\n\n\n\n<figure class=\"wp-block-image aligncenter size-full is-resized\"><a href=\"https:\/\/www.instagram.com\/realizaeventospi\/\"><img fetchpriority=\"high\" decoding=\"async\" width=\"458\" height=\"190\" src=\"https:\/\/unifsa.com.br\/cics2025\/wp-content\/uploads\/2025\/01\/Logo-Realiza-e1747244329648.webp\" alt=\"\" class=\"wp-image-4679\" style=\"width:242px;height:auto\"\/><\/a><\/figure>\n\n\n\n<p>Com mais de 15 anos de atua\u00e7\u00e3o, a REALIZA Cerimonial e Eventos \u00e9 refer\u00eancia em formaturas e celebra\u00e7\u00f5es no Piau\u00ed, reconhecida pela inova\u00e7\u00e3o, excel\u00eancia e estrutura de alto padr\u00e3o. Respons\u00e1vel pela ambienta\u00e7\u00e3o e estrutura do 2\u00ba Congresso Internacional Ci\u00eancia e Sociedade (CICS), promovido pelo UNIFSA, a empresa retorna ao evento ap\u00f3s o sucesso na primeira edi\u00e7\u00e3o, consolidando uma parceria marcada pela qualidade e confian\u00e7a. Sob a dire\u00e7\u00e3o de Fred Shas, a REALIZA se destaca por transformar espa\u00e7os em experi\u00eancias memor\u00e1veis, unindo sofistica\u00e7\u00e3o, organiza\u00e7\u00e3o e sensibilidade em cada detalhe. Sua presen\u00e7a no 2\u00ba CICS refor\u00e7a o compromisso do UNIFSA em proporcionar aos participantes um evento completo, que alia conte\u00fado cient\u00edfico relevante a um ambiente inspirador e acolhedor.<\/p>\n\n\n\n<p><strong>Redes Sociais<\/strong><br>Instagram: <a href=\"https:\/\/www.instagram.com\/realizaeventospi\/\">@realizaeventospi<\/a><br>WhatsApp: <a href=\"https:\/\/wa.me\/message\/S5KJ7APYSCS6G1\">(86) 9 9481-8545<\/a><\/p>\n","protected":false},"excerpt":{"rendered":"<p>O 2\u00ba Congresso Internacional Ci\u00eancia e Sociedade (CICS) \u00e9 realizado com a participa\u00e7\u00e3o de pesquisadores de diversas institui\u00e7\u00f5es de ensino brasileiras e internacionais. O evento busca aproximar a sociedade das pr\u00e1ticas cient\u00edficas contempor\u00e2neas e promover o di\u00e1logo e a intera\u00e7\u00e3o entre acad\u00eamicos de todo o mundo. Estamos abertos a propostas de patrocinadores, apoiadores e parceiros [&hellip;]<\/p>\n","protected":false},"author":1,"featured_media":0,"parent":0,"menu_order":0,"comment_status":"closed","ping_status":"closed","template":"","meta":{"footnotes":""},"class_list":["post-1330","page","type-page","status-publish","hentry"],"yoast_head":"<!-- This site is optimized with the Yoast SEO plugin v26.2 - https:\/\/yoast.com\/wordpress\/plugins\/seo\/ -->\n<title>Patrocinadores - 2\u00ba CICS | Edi\u00e7\u00e3o 2025<\/title>\n<meta name=\"robots\" content=\"index, follow, max-snippet:-1, max-image-preview:large, max-video-preview:-1\" \/>\n<link rel=\"canonical\" href=\"https:\/\/unifsa.com.br\/cics2025\/patrocinadores\/\" \/>\n<meta property=\"og:locale\" content=\"pt_BR\" \/>\n<meta property=\"og:type\" content=\"article\" \/>\n<meta property=\"og:title\" content=\"Patrocinadores - 2\u00ba CICS | Edi\u00e7\u00e3o 2025\" \/>\n<meta property=\"og:description\" content=\"O 2\u00ba Congresso Internacional Ci\u00eancia e Sociedade (CICS) \u00e9 realizado com a participa\u00e7\u00e3o de pesquisadores de diversas institui\u00e7\u00f5es de ensino brasileiras e internacionais. O evento busca aproximar a sociedade das pr\u00e1ticas cient\u00edficas contempor\u00e2neas e promover o di\u00e1logo e a intera\u00e7\u00e3o entre acad\u00eamicos de todo o mundo. Estamos abertos a propostas de patrocinadores, apoiadores e parceiros [&hellip;]\" \/>\n<meta property=\"og:url\" content=\"https:\/\/unifsa.com.br\/cics2025\/patrocinadores\/\" \/>\n<meta property=\"og:site_name\" content=\"2\u00ba CICS | Edi\u00e7\u00e3o 2025\" \/>\n<meta property=\"article:publisher\" content=\"https:\/\/www.facebook.com\/unifsa\/\" \/>\n<meta property=\"article:modified_time\" content=\"2025-11-13T19:41:30+00:00\" \/>\n<meta property=\"og:image\" content=\"https:\/\/unifsa.com.br\/cics2025\/wp-content\/uploads\/2025\/09\/Grafica-Medica-1-e1763061750634.webp\" \/>\n\t<meta property=\"og:image:width\" content=\"165\" \/>\n\t<meta property=\"og:image:height\" content=\"120\" \/>\n\t<meta property=\"og:image:type\" content=\"image\/webp\" \/>\n<meta name=\"twitter:card\" content=\"summary_large_image\" \/>\n<meta name=\"twitter:label1\" content=\"Est. tempo de leitura\" \/>\n\t<meta name=\"twitter:data1\" content=\"4 minutos\" \/>\n<script type=\"application\/ld+json\" class=\"yoast-schema-graph\">{\"@context\":\"https:\/\/schema.org\",\"@graph\":[{\"@type\":\"WebPage\",\"@id\":\"https:\/\/unifsa.com.br\/cics2025\/patrocinadores\/\",\"url\":\"https:\/\/unifsa.com.br\/cics2025\/patrocinadores\/\",\"name\":\"Patrocinadores - 2\u00ba CICS | Edi\u00e7\u00e3o 2025\",\"isPartOf\":{\"@id\":\"https:\/\/unifsa.com.br\/cics2025\/#website\"},\"primaryImageOfPage\":{\"@id\":\"https:\/\/unifsa.com.br\/cics2025\/patrocinadores\/#primaryimage\"},\"image\":{\"@id\":\"https:\/\/unifsa.com.br\/cics2025\/patrocinadores\/#primaryimage\"},\"thumbnailUrl\":\"https:\/\/unifsa.com.br\/cics2025\/wp-content\/uploads\/2025\/09\/Grafica-Medica-1-e1763061750634.webp\",\"datePublished\":\"2023-02-13T18:47:01+00:00\",\"dateModified\":\"2025-11-13T19:41:30+00:00\",\"breadcrumb\":{\"@id\":\"https:\/\/unifsa.com.br\/cics2025\/patrocinadores\/#breadcrumb\"},\"inLanguage\":\"pt-BR\",\"potentialAction\":[{\"@type\":\"ReadAction\",\"target\":[\"https:\/\/unifsa.com.br\/cics2025\/patrocinadores\/\"]}]},{\"@type\":\"ImageObject\",\"inLanguage\":\"pt-BR\",\"@id\":\"https:\/\/unifsa.com.br\/cics2025\/patrocinadores\/#primaryimage\",\"url\":\"https:\/\/unifsa.com.br\/cics2025\/wp-content\/uploads\/2025\/09\/Grafica-Medica-1-e1763061750634.webp\",\"contentUrl\":\"https:\/\/unifsa.com.br\/cics2025\/wp-content\/uploads\/2025\/09\/Grafica-Medica-1-e1763061750634.webp\",\"width\":165,\"height\":120},{\"@type\":\"BreadcrumbList\",\"@id\":\"https:\/\/unifsa.com.br\/cics2025\/patrocinadores\/#breadcrumb\",\"itemListElement\":[{\"@type\":\"ListItem\",\"position\":1,\"name\":\"In\u00edcio\",\"item\":\"https:\/\/unifsa.com.br\/cics2025\/\"},{\"@type\":\"ListItem\",\"position\":2,\"name\":\"Patrocinadores\"}]},{\"@type\":\"WebSite\",\"@id\":\"https:\/\/unifsa.com.br\/cics2025\/#website\",\"url\":\"https:\/\/unifsa.com.br\/cics2025\/\",\"name\":\"2\u00ba CICS | Edi\u00e7\u00e3o 2025\",\"description\":\"Congresso Internaconal Ci\u00eancia e Sociedade\",\"publisher\":{\"@id\":\"https:\/\/unifsa.com.br\/cics2025\/#organization\"},\"alternateName\":\"Congresso Internacional Ci\u00eancia e Sociedade (CICS)\",\"potentialAction\":[{\"@type\":\"SearchAction\",\"target\":{\"@type\":\"EntryPoint\",\"urlTemplate\":\"https:\/\/unifsa.com.br\/cics2025\/?s={search_term_string}\"},\"query-input\":{\"@type\":\"PropertyValueSpecification\",\"valueRequired\":true,\"valueName\":\"search_term_string\"}}],\"inLanguage\":\"pt-BR\"},{\"@type\":\"Organization\",\"@id\":\"https:\/\/unifsa.com.br\/cics2025\/#organization\",\"name\":\"Centro Universit\u00e1rio Santo Agostinho\",\"alternateName\":\"UNIFSA\",\"url\":\"https:\/\/unifsa.com.br\/cics2025\/\",\"logo\":{\"@type\":\"ImageObject\",\"inLanguage\":\"pt-BR\",\"@id\":\"https:\/\/unifsa.com.br\/cics2025\/#\/schema\/logo\/image\/\",\"url\":\"https:\/\/unifsa.com.br\/cics2025\/wp-content\/uploads\/2025\/01\/cropped-logomarca-cics202saa5.webp\",\"contentUrl\":\"https:\/\/unifsa.com.br\/cics2025\/wp-content\/uploads\/2025\/01\/cropped-logomarca-cics202saa5.webp\",\"width\":512,\"height\":512,\"caption\":\"Centro Universit\u00e1rio Santo Agostinho\"},\"image\":{\"@id\":\"https:\/\/unifsa.com.br\/cics2025\/#\/schema\/logo\/image\/\"},\"sameAs\":[\"https:\/\/www.facebook.com\/unifsa\/\",\"https:\/\/unifsa.com.br\/cics2025\/a-conferencia\/\"]}]}<\/script>\n<!-- \/ Yoast SEO plugin. -->","yoast_head_json":{"title":"Patrocinadores - 2\u00ba CICS | Edi\u00e7\u00e3o 2025","robots":{"index":"index","follow":"follow","max-snippet":"max-snippet:-1","max-image-preview":"max-image-preview:large","max-video-preview":"max-video-preview:-1"},"canonical":"https:\/\/unifsa.com.br\/cics2025\/patrocinadores\/","og_locale":"pt_BR","og_type":"article","og_title":"Patrocinadores - 2\u00ba CICS | Edi\u00e7\u00e3o 2025","og_description":"O 2\u00ba Congresso Internacional Ci\u00eancia e Sociedade (CICS) \u00e9 realizado com a participa\u00e7\u00e3o de pesquisadores de diversas institui\u00e7\u00f5es de ensino brasileiras e internacionais. O evento busca aproximar a sociedade das pr\u00e1ticas cient\u00edficas contempor\u00e2neas e promover o di\u00e1logo e a intera\u00e7\u00e3o entre acad\u00eamicos de todo o mundo. Estamos abertos a propostas de patrocinadores, apoiadores e parceiros [&hellip;]","og_url":"https:\/\/unifsa.com.br\/cics2025\/patrocinadores\/","og_site_name":"2\u00ba CICS | Edi\u00e7\u00e3o 2025","article_publisher":"https:\/\/www.facebook.com\/unifsa\/","article_modified_time":"2025-11-13T19:41:30+00:00","og_image":[{"width":165,"height":120,"url":"https:\/\/unifsa.com.br\/cics2025\/wp-content\/uploads\/2025\/09\/Grafica-Medica-1-e1763061750634.webp","type":"image\/webp"}],"twitter_card":"summary_large_image","twitter_misc":{"Est. tempo de leitura":"4 minutos"},"schema":{"@context":"https:\/\/schema.org","@graph":[{"@type":"WebPage","@id":"https:\/\/unifsa.com.br\/cics2025\/patrocinadores\/","url":"https:\/\/unifsa.com.br\/cics2025\/patrocinadores\/","name":"Patrocinadores - 2\u00ba CICS | Edi\u00e7\u00e3o 2025","isPartOf":{"@id":"https:\/\/unifsa.com.br\/cics2025\/#website"},"primaryImageOfPage":{"@id":"https:\/\/unifsa.com.br\/cics2025\/patrocinadores\/#primaryimage"},"image":{"@id":"https:\/\/unifsa.com.br\/cics2025\/patrocinadores\/#primaryimage"},"thumbnailUrl":"https:\/\/unifsa.com.br\/cics2025\/wp-content\/uploads\/2025\/09\/Grafica-Medica-1-e1763061750634.webp","datePublished":"2023-02-13T18:47:01+00:00","dateModified":"2025-11-13T19:41:30+00:00","breadcrumb":{"@id":"https:\/\/unifsa.com.br\/cics2025\/patrocinadores\/#breadcrumb"},"inLanguage":"pt-BR","potentialAction":[{"@type":"ReadAction","target":["https:\/\/unifsa.com.br\/cics2025\/patrocinadores\/"]}]},{"@type":"ImageObject","inLanguage":"pt-BR","@id":"https:\/\/unifsa.com.br\/cics2025\/patrocinadores\/#primaryimage","url":"https:\/\/unifsa.com.br\/cics2025\/wp-content\/uploads\/2025\/09\/Grafica-Medica-1-e1763061750634.webp","contentUrl":"https:\/\/unifsa.com.br\/cics2025\/wp-content\/uploads\/2025\/09\/Grafica-Medica-1-e1763061750634.webp","width":165,"height":120},{"@type":"BreadcrumbList","@id":"https:\/\/unifsa.com.br\/cics2025\/patrocinadores\/#breadcrumb","itemListElement":[{"@type":"ListItem","position":1,"name":"In\u00edcio","item":"https:\/\/unifsa.com.br\/cics2025\/"},{"@type":"ListItem","position":2,"name":"Patrocinadores"}]},{"@type":"WebSite","@id":"https:\/\/unifsa.com.br\/cics2025\/#website","url":"https:\/\/unifsa.com.br\/cics2025\/","name":"2\u00ba CICS | Edi\u00e7\u00e3o 2025","description":"Congresso Internaconal Ci\u00eancia e Sociedade","publisher":{"@id":"https:\/\/unifsa.com.br\/cics2025\/#organization"},"alternateName":"Congresso Internacional Ci\u00eancia e Sociedade (CICS)","potentialAction":[{"@type":"SearchAction","target":{"@type":"EntryPoint","urlTemplate":"https:\/\/unifsa.com.br\/cics2025\/?s={search_term_string}"},"query-input":{"@type":"PropertyValueSpecification","valueRequired":true,"valueName":"search_term_string"}}],"inLanguage":"pt-BR"},{"@type":"Organization","@id":"https:\/\/unifsa.com.br\/cics2025\/#organization","name":"Centro Universit\u00e1rio Santo Agostinho","alternateName":"UNIFSA","url":"https:\/\/unifsa.com.br\/cics2025\/","logo":{"@type":"ImageObject","inLanguage":"pt-BR","@id":"https:\/\/unifsa.com.br\/cics2025\/#\/schema\/logo\/image\/","url":"https:\/\/unifsa.com.br\/cics2025\/wp-content\/uploads\/2025\/01\/cropped-logomarca-cics202saa5.webp","contentUrl":"https:\/\/unifsa.com.br\/cics2025\/wp-content\/uploads\/2025\/01\/cropped-logomarca-cics202saa5.webp","width":512,"height":512,"caption":"Centro Universit\u00e1rio Santo Agostinho"},"image":{"@id":"https:\/\/unifsa.com.br\/cics2025\/#\/schema\/logo\/image\/"},"sameAs":["https:\/\/www.facebook.com\/unifsa\/","https:\/\/unifsa.com.br\/cics2025\/a-conferencia\/"]}]}},"_links":{"self":[{"href":"https:\/\/unifsa.com.br\/cics2025\/wp-json\/wp\/v2\/pages\/1330","targetHints":{"allow":["GET"]}}],"collection":[{"href":"https:\/\/unifsa.com.br\/cics2025\/wp-json\/wp\/v2\/pages"}],"about":[{"href":"https:\/\/unifsa.com.br\/cics2025\/wp-json\/wp\/v2\/types\/page"}],"author":[{"embeddable":true,"href":"https:\/\/unifsa.com.br\/cics2025\/wp-json\/wp\/v2\/users\/1"}],"replies":[{"embeddable":true,"href":"https:\/\/unifsa.com.br\/cics2025\/wp-json\/wp\/v2\/comments?post=1330"}],"version-history":[{"count":25,"href":"https:\/\/unifsa.com.br\/cics2025\/wp-json\/wp\/v2\/pages\/1330\/revisions"}],"predecessor-version":[{"id":4952,"href":"https:\/\/unifsa.com.br\/cics2025\/wp-json\/wp\/v2\/pages\/1330\/revisions\/4952"}],"wp:attachment":[{"href":"https:\/\/unifsa.com.br\/cics2025\/wp-json\/wp\/v2\/media?parent=1330"}],"curies":[{"name":"wp","href":"https:\/\/api.w.org\/{rel}","templated":true}]}}