{"id":120,"date":"2021-02-18T10:20:27","date_gmt":"2021-02-18T13:20:27","guid":{"rendered":"https:\/\/unifsa.com.br\/cics2025\/?page_id=120"},"modified":"2025-02-05T11:13:04","modified_gmt":"2025-02-05T14:13:04","slug":"cronograma","status":"publish","type":"page","link":"https:\/\/unifsa.com.br\/cics2025\/cronograma\/","title":{"rendered":"Cronograma"},"content":{"rendered":"\n<table style=\"width: 100%; border-collapse: collapse; font-family: Arial, sans-serif; text-align: center;\">\n    <thead style=\"background-color: #00008B; color: #ffffff;\">\n        <tr>\n            <th colspan=\"2\" style=\"padding: 12px; font-size: 20px; font-weight: bold;\">\n                CRONOGRAMA DO 2\u00ba CICS\n            <\/th>\n        <\/tr>\n    <\/thead>\n    <thead style=\"background-color: #00BFFF; color: #ffffff;\">\n        <tr>\n            <th style=\"padding: 10px; border: 1px solid #ffffff;\">ETAPAS<\/th>\n            <th style=\"padding: 10px; border: 1px solid #ffffff;\">PRAZOS<\/th>\n        <\/tr>\n    <\/thead>\n    <tbody>\n        <tr style=\"background-color: #FFE4C4;\">\n            <td style=\"padding: 10px; border: 1px solid #FF6002;\">Submiss\u00e3o da proposta de GTs<\/td>\n            <td style=\"padding: 10px; background-color: #F0FFFF; border: 1px solid #04D6FD;\">29 de janeiro a 10 de mar\u00e7o<\/td>\n        <\/tr>\n        <tr style=\"background-color: #FFE4C4;\">\n            <td style=\"padding: 10px; border: 1px solid #FF6002;\">Valida\u00e7\u00e3o das propostas de GTs submetidas<\/td>\n            <td style=\"padding: 10px; background-color: #F0FFFF; border: 1px solid #04D6FD;\">At\u00e9 15 de mar\u00e7o<\/td>\n        <\/tr>\n        <tr style=\"background-color: #FFE4C4;\">\n            <td style=\"padding: 10px; border: 1px solid #FF6002;\">Resultado da sele\u00e7\u00e3o de GTs<\/td>\n            <td style=\"padding: 10px; background-color: #F0FFFF; border: 1px solid #04D6FD;\">20 de mar\u00e7o<\/td>\n        <\/tr>\n        <tr style=\"background-color: #FFE4C4;\">\n            <td style=\"padding: 10px; border: 1px solid #FF6002;\">Lan\u00e7amento do Edital de Submiss\u00e3o de Trabalhos para os GTs<\/td>\n            <td style=\"padding: 10px; background-color: #F0FFFF; border: 1px solid #04D6FD;\">30 de mar\u00e7o<\/td>\n        <\/tr>\n        <tr style=\"background-color: #FFE4C4;\">\n            <td style=\"padding: 10px; border: 1px solid #FF6002;\">Submiss\u00e3o de Trabalhos para os GTs<\/td>\n            <td style=\"padding: 10px; background-color: #F0FFFF; border: 1px solid #04D6FD;\">1 de abril a 15 de setembro<\/td>\n        <\/tr>\n        <tr style=\"background-color: #FFE4C4;\">\n            <td style=\"padding: 10px; border: 1px solid #FF6002;\">Data limite de avalia\u00e7\u00e3o dos trabalhos submetidos<\/td>\n            <td style=\"padding: 10px; background-color: #F0FFFF; border: 1px solid #04D6FD;\">At\u00e9 6 de outubro<\/td>\n        <\/tr>\n        <tr style=\"background-color: #FFE4C4;\">\n            <td style=\"padding: 10px; border: 1px solid #FF6002;\">Realiza\u00e7\u00e3o do 2\u00ba CICS<\/td>\n            <td style=\"padding: 10px; background-color: #F0FFFF; border: 1px solid #04D6FD;\">4 a 8 de novembro<\/td>\n        <\/tr>\n        <tr style=\"background-color: #FFE4C4;\">\n            <td style=\"padding: 10px; border: 1px solid #FF6002;\">Apresenta\u00e7\u00e3o dos trabalhos nos Grupos Tem\u00e1ticos<\/td>\n            <td style=\"padding: 10px; background-color: #F0FFFF; border: 1px solid #04D6FD;\">8 de novembro<\/td>\n        <\/tr>\n        <tr style=\"background-color: #FFE4C4;\">\n            <td style=\"padding: 10px; border: 1px solid #FF6002;\">Divulga\u00e7\u00e3o dos Melhores Trabalhos de cada GT do 2\u00ba CICS<\/td>\n            <td style=\"padding: 10px; background-color: #F0FFFF; border: 1px solid #04D6FD;\">17 de novembro<\/td>\n        <\/tr>\n        <tr style=\"background-color: #FFE4C4;\">\n            <td style=\"padding: 10px; border: 1px solid #FF6002;\">Procedimento de publica\u00e7\u00e3o dos Anais<\/td>\n            <td style=\"padding: 10px; background-color: #F0FFFF; border: 1px solid #04D6FD;\">Novembro a Dezembro\/2025<\/td>\n        <\/tr>\n        <tr style=\"background-color: #FFE4C4;\">\n            <td style=\"padding: 10px; border: 1px solid #FF6002;\">Editora\u00e7\u00e3o do Livro \u201cMelhores Trabalhos do 2\u00ba CICS\u201d<\/td>\n            <td style=\"padding: 10px; background-color: #F0FFFF; border: 1px solid #04D6FD;\">Dezembro 2025 a janeiro 2026<\/td>\n        <\/tr>\n        <tr style=\"background-color: #FFE4C4;\">\n            <td style=\"padding: 10px; border: 1px solid #FF6002;\">Lan\u00e7amento do Livro \u201cMelhores Trabalhos do 2\u00ba CICS\u201d<\/td>\n            <td style=\"padding: 10px; background-color: #F0FFFF; border: 1px solid #04D6FD;\">Fevereiro de 2026<\/td>\n        <\/tr>\n    <\/tbody>\n<\/table>\n\n\n\n<p><\/p>\n","protected":false},"excerpt":{"rendered":"<p>CRONOGRAMA DO 2\u00ba CICS ETAPAS PRAZOS Submiss\u00e3o da proposta de GTs 29 de janeiro a 10 de mar\u00e7o Valida\u00e7\u00e3o das propostas de GTs submetidas At\u00e9 15 de mar\u00e7o Resultado da sele\u00e7\u00e3o de GTs 20 de mar\u00e7o Lan\u00e7amento do Edital de Submiss\u00e3o de Trabalhos para os GTs 30 de mar\u00e7o Submiss\u00e3o de Trabalhos para os GTs [&hellip;]<\/p>\n","protected":false},"author":1,"featured_media":0,"parent":0,"menu_order":0,"comment_status":"closed","ping_status":"closed","template":"","meta":{"footnotes":""},"class_list":["post-120","page","type-page","status-publish","hentry"],"yoast_head":"<!-- This site is optimized with the Yoast SEO plugin v26.2 - https:\/\/yoast.com\/wordpress\/plugins\/seo\/ -->\n<title>Cronograma - 2\u00ba CICS | Edi\u00e7\u00e3o 2025<\/title>\n<meta name=\"robots\" content=\"index, follow, max-snippet:-1, max-image-preview:large, max-video-preview:-1\" \/>\n<link rel=\"canonical\" href=\"https:\/\/unifsa.com.br\/cics2025\/cronograma\/\" \/>\n<meta property=\"og:locale\" content=\"pt_BR\" \/>\n<meta property=\"og:type\" content=\"article\" \/>\n<meta property=\"og:title\" content=\"Cronograma - 2\u00ba CICS | Edi\u00e7\u00e3o 2025\" \/>\n<meta property=\"og:description\" content=\"CRONOGRAMA DO 2\u00ba CICS ETAPAS PRAZOS Submiss\u00e3o da proposta de GTs 29 de janeiro a 10 de mar\u00e7o Valida\u00e7\u00e3o das propostas de GTs submetidas At\u00e9 15 de mar\u00e7o Resultado da sele\u00e7\u00e3o de GTs 20 de mar\u00e7o Lan\u00e7amento do Edital de Submiss\u00e3o de Trabalhos para os GTs 30 de mar\u00e7o Submiss\u00e3o de Trabalhos para os GTs [&hellip;]\" \/>\n<meta property=\"og:url\" content=\"https:\/\/unifsa.com.br\/cics2025\/cronograma\/\" \/>\n<meta property=\"og:site_name\" content=\"2\u00ba CICS | Edi\u00e7\u00e3o 2025\" \/>\n<meta property=\"article:publisher\" content=\"https:\/\/www.facebook.com\/unifsa\/\" \/>\n<meta property=\"article:modified_time\" content=\"2025-02-05T14:13:04+00:00\" \/>\n<meta property=\"og:image\" content=\"https:\/\/unifsa.com.br\/cics2025\/wp-content\/uploads\/2025\/01\/cropped-logomarca-cics202saa5.webp\" \/>\n\t<meta property=\"og:image:width\" content=\"512\" \/>\n\t<meta property=\"og:image:height\" content=\"512\" \/>\n\t<meta property=\"og:image:type\" content=\"image\/webp\" \/>\n<meta name=\"twitter:card\" content=\"summary_large_image\" \/>\n<meta name=\"twitter:label1\" content=\"Est. tempo de leitura\" \/>\n\t<meta name=\"twitter:data1\" content=\"1 minuto\" \/>\n<script type=\"application\/ld+json\" class=\"yoast-schema-graph\">{\"@context\":\"https:\/\/schema.org\",\"@graph\":[{\"@type\":\"WebPage\",\"@id\":\"https:\/\/unifsa.com.br\/cics2025\/cronograma\/\",\"url\":\"https:\/\/unifsa.com.br\/cics2025\/cronograma\/\",\"name\":\"Cronograma - 2\u00ba CICS | Edi\u00e7\u00e3o 2025\",\"isPartOf\":{\"@id\":\"https:\/\/unifsa.com.br\/cics2025\/#website\"},\"datePublished\":\"2021-02-18T13:20:27+00:00\",\"dateModified\":\"2025-02-05T14:13:04+00:00\",\"breadcrumb\":{\"@id\":\"https:\/\/unifsa.com.br\/cics2025\/cronograma\/#breadcrumb\"},\"inLanguage\":\"pt-BR\",\"potentialAction\":[{\"@type\":\"ReadAction\",\"target\":[\"https:\/\/unifsa.com.br\/cics2025\/cronograma\/\"]}]},{\"@type\":\"BreadcrumbList\",\"@id\":\"https:\/\/unifsa.com.br\/cics2025\/cronograma\/#breadcrumb\",\"itemListElement\":[{\"@type\":\"ListItem\",\"position\":1,\"name\":\"In\u00edcio\",\"item\":\"https:\/\/unifsa.com.br\/cics2025\/\"},{\"@type\":\"ListItem\",\"position\":2,\"name\":\"Cronograma\"}]},{\"@type\":\"WebSite\",\"@id\":\"https:\/\/unifsa.com.br\/cics2025\/#website\",\"url\":\"https:\/\/unifsa.com.br\/cics2025\/\",\"name\":\"2\u00ba CICS | Edi\u00e7\u00e3o 2025\",\"description\":\"Congresso Internaconal Ci\u00eancia e Sociedade\",\"publisher\":{\"@id\":\"https:\/\/unifsa.com.br\/cics2025\/#organization\"},\"alternateName\":\"Congresso Internacional Ci\u00eancia e Sociedade (CICS)\",\"potentialAction\":[{\"@type\":\"SearchAction\",\"target\":{\"@type\":\"EntryPoint\",\"urlTemplate\":\"https:\/\/unifsa.com.br\/cics2025\/?s={search_term_string}\"},\"query-input\":{\"@type\":\"PropertyValueSpecification\",\"valueRequired\":true,\"valueName\":\"search_term_string\"}}],\"inLanguage\":\"pt-BR\"},{\"@type\":\"Organization\",\"@id\":\"https:\/\/unifsa.com.br\/cics2025\/#organization\",\"name\":\"Centro Universit\u00e1rio Santo Agostinho\",\"alternateName\":\"UNIFSA\",\"url\":\"https:\/\/unifsa.com.br\/cics2025\/\",\"logo\":{\"@type\":\"ImageObject\",\"inLanguage\":\"pt-BR\",\"@id\":\"https:\/\/unifsa.com.br\/cics2025\/#\/schema\/logo\/image\/\",\"url\":\"https:\/\/unifsa.com.br\/cics2025\/wp-content\/uploads\/2025\/01\/cropped-logomarca-cics202saa5.webp\",\"contentUrl\":\"https:\/\/unifsa.com.br\/cics2025\/wp-content\/uploads\/2025\/01\/cropped-logomarca-cics202saa5.webp\",\"width\":512,\"height\":512,\"caption\":\"Centro Universit\u00e1rio Santo Agostinho\"},\"image\":{\"@id\":\"https:\/\/unifsa.com.br\/cics2025\/#\/schema\/logo\/image\/\"},\"sameAs\":[\"https:\/\/www.facebook.com\/unifsa\/\",\"https:\/\/unifsa.com.br\/cics2025\/a-conferencia\/\"]}]}<\/script>\n<!-- \/ Yoast SEO plugin. -->","yoast_head_json":{"title":"Cronograma - 2\u00ba CICS | Edi\u00e7\u00e3o 2025","robots":{"index":"index","follow":"follow","max-snippet":"max-snippet:-1","max-image-preview":"max-image-preview:large","max-video-preview":"max-video-preview:-1"},"canonical":"https:\/\/unifsa.com.br\/cics2025\/cronograma\/","og_locale":"pt_BR","og_type":"article","og_title":"Cronograma - 2\u00ba CICS | Edi\u00e7\u00e3o 2025","og_description":"CRONOGRAMA DO 2\u00ba CICS ETAPAS PRAZOS Submiss\u00e3o da proposta de GTs 29 de janeiro a 10 de mar\u00e7o Valida\u00e7\u00e3o das propostas de GTs submetidas At\u00e9 15 de mar\u00e7o Resultado da sele\u00e7\u00e3o de GTs 20 de mar\u00e7o Lan\u00e7amento do Edital de Submiss\u00e3o de Trabalhos para os GTs 30 de mar\u00e7o Submiss\u00e3o de Trabalhos para os GTs [&hellip;]","og_url":"https:\/\/unifsa.com.br\/cics2025\/cronograma\/","og_site_name":"2\u00ba CICS | Edi\u00e7\u00e3o 2025","article_publisher":"https:\/\/www.facebook.com\/unifsa\/","article_modified_time":"2025-02-05T14:13:04+00:00","og_image":[{"width":512,"height":512,"url":"https:\/\/unifsa.com.br\/cics2025\/wp-content\/uploads\/2025\/01\/cropped-logomarca-cics202saa5.webp","type":"image\/webp"}],"twitter_card":"summary_large_image","twitter_misc":{"Est. tempo de leitura":"1 minuto"},"schema":{"@context":"https:\/\/schema.org","@graph":[{"@type":"WebPage","@id":"https:\/\/unifsa.com.br\/cics2025\/cronograma\/","url":"https:\/\/unifsa.com.br\/cics2025\/cronograma\/","name":"Cronograma - 2\u00ba CICS | Edi\u00e7\u00e3o 2025","isPartOf":{"@id":"https:\/\/unifsa.com.br\/cics2025\/#website"},"datePublished":"2021-02-18T13:20:27+00:00","dateModified":"2025-02-05T14:13:04+00:00","breadcrumb":{"@id":"https:\/\/unifsa.com.br\/cics2025\/cronograma\/#breadcrumb"},"inLanguage":"pt-BR","potentialAction":[{"@type":"ReadAction","target":["https:\/\/unifsa.com.br\/cics2025\/cronograma\/"]}]},{"@type":"BreadcrumbList","@id":"https:\/\/unifsa.com.br\/cics2025\/cronograma\/#breadcrumb","itemListElement":[{"@type":"ListItem","position":1,"name":"In\u00edcio","item":"https:\/\/unifsa.com.br\/cics2025\/"},{"@type":"ListItem","position":2,"name":"Cronograma"}]},{"@type":"WebSite","@id":"https:\/\/unifsa.com.br\/cics2025\/#website","url":"https:\/\/unifsa.com.br\/cics2025\/","name":"2\u00ba CICS | Edi\u00e7\u00e3o 2025","description":"Congresso Internaconal Ci\u00eancia e Sociedade","publisher":{"@id":"https:\/\/unifsa.com.br\/cics2025\/#organization"},"alternateName":"Congresso Internacional Ci\u00eancia e Sociedade (CICS)","potentialAction":[{"@type":"SearchAction","target":{"@type":"EntryPoint","urlTemplate":"https:\/\/unifsa.com.br\/cics2025\/?s={search_term_string}"},"query-input":{"@type":"PropertyValueSpecification","valueRequired":true,"valueName":"search_term_string"}}],"inLanguage":"pt-BR"},{"@type":"Organization","@id":"https:\/\/unifsa.com.br\/cics2025\/#organization","name":"Centro Universit\u00e1rio Santo Agostinho","alternateName":"UNIFSA","url":"https:\/\/unifsa.com.br\/cics2025\/","logo":{"@type":"ImageObject","inLanguage":"pt-BR","@id":"https:\/\/unifsa.com.br\/cics2025\/#\/schema\/logo\/image\/","url":"https:\/\/unifsa.com.br\/cics2025\/wp-content\/uploads\/2025\/01\/cropped-logomarca-cics202saa5.webp","contentUrl":"https:\/\/unifsa.com.br\/cics2025\/wp-content\/uploads\/2025\/01\/cropped-logomarca-cics202saa5.webp","width":512,"height":512,"caption":"Centro Universit\u00e1rio Santo Agostinho"},"image":{"@id":"https:\/\/unifsa.com.br\/cics2025\/#\/schema\/logo\/image\/"},"sameAs":["https:\/\/www.facebook.com\/unifsa\/","https:\/\/unifsa.com.br\/cics2025\/a-conferencia\/"]}]}},"_links":{"self":[{"href":"https:\/\/unifsa.com.br\/cics2025\/wp-json\/wp\/v2\/pages\/120","targetHints":{"allow":["GET"]}}],"collection":[{"href":"https:\/\/unifsa.com.br\/cics2025\/wp-json\/wp\/v2\/pages"}],"about":[{"href":"https:\/\/unifsa.com.br\/cics2025\/wp-json\/wp\/v2\/types\/page"}],"author":[{"embeddable":true,"href":"https:\/\/unifsa.com.br\/cics2025\/wp-json\/wp\/v2\/users\/1"}],"replies":[{"embeddable":true,"href":"https:\/\/unifsa.com.br\/cics2025\/wp-json\/wp\/v2\/comments?post=120"}],"version-history":[{"count":21,"href":"https:\/\/unifsa.com.br\/cics2025\/wp-json\/wp\/v2\/pages\/120\/revisions"}],"predecessor-version":[{"id":4275,"href":"https:\/\/unifsa.com.br\/cics2025\/wp-json\/wp\/v2\/pages\/120\/revisions\/4275"}],"wp:attachment":[{"href":"https:\/\/unifsa.com.br\/cics2025\/wp-json\/wp\/v2\/media?parent=120"}],"curies":[{"name":"wp","href":"https:\/\/api.w.org\/{rel}","templated":true}]}}