{"id":7,"date":"2018-08-02T09:04:50","date_gmt":"2018-08-02T09:04:50","guid":{"rendered":"https:\/\/themes.muffingroup.com\/be\/internet2\/?page_id=7"},"modified":"2023-05-16T10:37:47","modified_gmt":"2023-05-16T13:37:47","slug":"a-conferencia","status":"publish","type":"page","link":"https:\/\/unifsa.com.br\/cics2023\/a-conferencia\/","title":{"rendered":"O evento"},"content":{"rendered":"\n<figure class=\"wp-block-image size-large\"><img fetchpriority=\"high\" decoding=\"async\" width=\"1024\" height=\"231\" src=\"https:\/\/unifsa.com.br\/cics2023\/wp-content\/uploads\/2023\/01\/TOPO-CICS-2023-1024x231.jpeg\" alt=\"\" class=\"wp-image-965\" srcset=\"https:\/\/unifsa.com.br\/cics2023\/wp-content\/uploads\/2023\/01\/TOPO-CICS-2023-1024x231.jpeg 1024w, https:\/\/unifsa.com.br\/cics2023\/wp-content\/uploads\/2023\/01\/TOPO-CICS-2023-300x68.jpeg 300w, https:\/\/unifsa.com.br\/cics2023\/wp-content\/uploads\/2023\/01\/TOPO-CICS-2023-768x173.jpeg 768w, https:\/\/unifsa.com.br\/cics2023\/wp-content\/uploads\/2023\/01\/TOPO-CICS-2023.jpeg 1280w\" sizes=\"(max-width: 1024px) 100vw, 1024px\" \/><\/figure>\n\n\n<p>O Congresso Internacional Ci\u00eancia e Sociedade (CICS) \u00e9 um evento bianual do Centro Universit\u00e1rio Santo Agostinho, realizado com a colabora\u00e7\u00e3o de pesquisadores de diversas institui\u00e7\u00f5es de ensino brasileiras e\u00a0 de outros pa\u00edses. O principal prop\u00f3sito do CICS \u00e9 aproximar a sociedade das pr\u00e1ticas cient\u00edficas contempor\u00e2neas. Assim, al\u00e9m de proporcionar um espa\u00e7o de di\u00e1logo e de intera\u00e7\u00e3o entre pesquisadores de v\u00e1rias partes do mundo, visa aprofundar estudos nas mais diversas \u00e1reas do conhecimento.<\/p>\n<p>O 1\u00ba Congresso Internacional Ci\u00eancia e Sociedade (1\u00ba CICS) ser\u00e1 realizado de 4 a 7 de outubro de 2023, no Centro Universit\u00e1rio Santo Agostinho, em Teresina, Piau\u00ed, com o tema: \u201c<strong>Desenvolvimento humano e social: das ideias \u00e0s pr\u00e1ticas <\/strong>\u201d.<\/p>\n<p>Este \u00e9 um evento que tenta atender aos desafios de uma humanidade cada vez mais desafiadora e interconectada, onde, pesquisadores do Brasil e de outros pa\u00edses t\u00eam a oportunidade de conduzir discuss\u00f5es cada vez mais transdisciplinares sobre os in\u00fameros aspectos do fazer ci\u00eancia.<\/p>\n<p>O CICS surge do amadurecimento do Congresso Brasileiro Ci\u00eancia e Sociedade (CBCS), cuja primeira edi\u00e7\u00e3o ocorreu em 2019, com o tema \u201cInova\u00e7\u00e3o, Diversidade e Sustentabilidade\u201d. Em 2021, entre os dias 4 e 7 de outubro, foi realizada a segunda edi\u00e7\u00e3o do CBCS, dessa vez com o tema \u201cConhecimento e Tecnologia para o Desenvolvimento Social\u201d.<\/p>\n<p>O Congresso Internacional Ci\u00eancia e Sociedade (CICS) traz novos desafios: o de buscar a colabora\u00e7\u00e3o internacional em ci\u00eancia e tecnologia (C&amp;T), permitindo o empreendimento cient\u00edfico ultrapasse as fronteiras, criando pontes entre as diferentes comunidades cient\u00edficas, ampliando, assim, as possibilidades da produ\u00e7\u00e3o de conhecimento.\u00a0\u00a0<br \/><br \/><strong>LOCAL<\/strong><\/p>\n<p><a href=\"https:\/\/goo.gl\/maps\/Zr6NgCWsvMesxnqn7\" target=\"_blank\" rel=\"noopener\">O 1\u00ba CICS ser\u00e1 realizado no Anexo 2 do Centro Universit\u00e1rio Santo Agostinho, situado \u00e0 Av. Prof. Valter Alencar, 855 &#8211; S\u00e3o Pedro, Teresina &#8211; PI, CEP 64019-625.<\/a><\/p>\n\n\n<figure class=\"wp-block-gallery has-nested-images columns-default is-cropped wp-block-gallery-1 is-layout-flex wp-block-gallery-is-layout-flex\">\n<figure class=\"wp-block-image size-large\"><img decoding=\"async\" width=\"1024\" height=\"768\" data-id=\"1939\" src=\"https:\/\/unifsa.com.br\/cics2023\/wp-content\/uploads\/2023\/05\/IMG_4314-1024x768.jpg\" alt=\"\" class=\"wp-image-1939\" srcset=\"https:\/\/unifsa.com.br\/cics2023\/wp-content\/uploads\/2023\/05\/IMG_4314-1024x768.jpg 1024w, https:\/\/unifsa.com.br\/cics2023\/wp-content\/uploads\/2023\/05\/IMG_4314-300x225.jpg 300w, https:\/\/unifsa.com.br\/cics2023\/wp-content\/uploads\/2023\/05\/IMG_4314-768x576.jpg 768w, https:\/\/unifsa.com.br\/cics2023\/wp-content\/uploads\/2023\/05\/IMG_4314-1536x1152.jpg 1536w, https:\/\/unifsa.com.br\/cics2023\/wp-content\/uploads\/2023\/05\/IMG_4314-2048x1536.jpg 2048w\" sizes=\"(max-width: 1024px) 100vw, 1024px\" \/><\/figure>\n<\/figure>\n\n\n\n<pre class=\"wp-block-code\"><code><\/code><\/pre>\n","protected":false},"excerpt":{"rendered":"<p>O Congresso Internacional Ci\u00eancia e Sociedade (CICS) \u00e9 um evento bianual do Centro Universit\u00e1rio Santo Agostinho, realizado com a colabora\u00e7\u00e3o de pesquisadores de diversas institui\u00e7\u00f5es de ensino brasileiras e\u00a0 de outros pa\u00edses. O principal prop\u00f3sito do CICS \u00e9 aproximar a sociedade das pr\u00e1ticas cient\u00edficas contempor\u00e2neas. Assim, al\u00e9m de proporcionar um espa\u00e7o de di\u00e1logo e de [&hellip;]<\/p>\n","protected":false},"author":1,"featured_media":0,"parent":0,"menu_order":0,"comment_status":"closed","ping_status":"closed","template":"","meta":{"footnotes":""},"class_list":["post-7","page","type-page","status-publish","hentry"],"acf":[],"yoast_head":"<!-- This site is optimized with the Yoast SEO plugin v24.3 - https:\/\/yoast.com\/wordpress\/plugins\/seo\/ -->\n<title>O evento - 1\u00ba CICS | Edi\u00e7\u00e3o 2023<\/title>\n<meta name=\"robots\" content=\"index, follow, max-snippet:-1, max-image-preview:large, max-video-preview:-1\" \/>\n<link rel=\"canonical\" href=\"https:\/\/unifsa.com.br\/cics2023\/a-conferencia\/\" \/>\n<meta property=\"og:locale\" content=\"pt_BR\" \/>\n<meta property=\"og:type\" content=\"article\" \/>\n<meta property=\"og:title\" content=\"O evento - 1\u00ba CICS | Edi\u00e7\u00e3o 2023\" \/>\n<meta property=\"og:description\" content=\"O Congresso Internacional Ci\u00eancia e Sociedade (CICS) \u00e9 um evento bianual do Centro Universit\u00e1rio Santo Agostinho, realizado com a colabora\u00e7\u00e3o de pesquisadores de diversas institui\u00e7\u00f5es de ensino brasileiras e\u00a0 de outros pa\u00edses. O principal prop\u00f3sito do CICS \u00e9 aproximar a sociedade das pr\u00e1ticas cient\u00edficas contempor\u00e2neas. Assim, al\u00e9m de proporcionar um espa\u00e7o de di\u00e1logo e de [&hellip;]\" \/>\n<meta property=\"og:url\" content=\"https:\/\/unifsa.com.br\/cics2023\/a-conferencia\/\" \/>\n<meta property=\"og:site_name\" content=\"1\u00ba CICS | Edi\u00e7\u00e3o 2023\" \/>\n<meta property=\"article:publisher\" content=\"https:\/\/unifsa.com.br\/cics2023\/a-conferencia\/\" \/>\n<meta property=\"article:modified_time\" content=\"2023-05-16T13:37:47+00:00\" \/>\n<meta property=\"og:image\" content=\"https:\/\/unifsa.com.br\/cics2023\/wp-content\/uploads\/2023\/01\/TOPO-CICS-2023-1024x231.jpeg\" \/>\n<meta name=\"twitter:card\" content=\"summary_large_image\" \/>\n<meta name=\"twitter:label1\" content=\"Est. tempo de leitura\" \/>\n\t<meta name=\"twitter:data1\" content=\"2 minutos\" \/>\n<script type=\"application\/ld+json\" class=\"yoast-schema-graph\">{\"@context\":\"https:\/\/schema.org\",\"@graph\":[{\"@type\":\"WebPage\",\"@id\":\"https:\/\/unifsa.com.br\/cics2023\/a-conferencia\/\",\"url\":\"https:\/\/unifsa.com.br\/cics2023\/a-conferencia\/\",\"name\":\"O evento - 1\u00ba CICS | Edi\u00e7\u00e3o 2023\",\"isPartOf\":{\"@id\":\"https:\/\/unifsa.com.br\/cics2023\/#website\"},\"primaryImageOfPage\":{\"@id\":\"https:\/\/unifsa.com.br\/cics2023\/a-conferencia\/#primaryimage\"},\"image\":{\"@id\":\"https:\/\/unifsa.com.br\/cics2023\/a-conferencia\/#primaryimage\"},\"thumbnailUrl\":\"https:\/\/unifsa.com.br\/cics2023\/wp-content\/uploads\/2023\/01\/TOPO-CICS-2023-1024x231.jpeg\",\"datePublished\":\"2018-08-02T09:04:50+00:00\",\"dateModified\":\"2023-05-16T13:37:47+00:00\",\"breadcrumb\":{\"@id\":\"https:\/\/unifsa.com.br\/cics2023\/a-conferencia\/#breadcrumb\"},\"inLanguage\":\"pt-BR\",\"potentialAction\":[{\"@type\":\"ReadAction\",\"target\":[\"https:\/\/unifsa.com.br\/cics2023\/a-conferencia\/\"]}]},{\"@type\":\"ImageObject\",\"inLanguage\":\"pt-BR\",\"@id\":\"https:\/\/unifsa.com.br\/cics2023\/a-conferencia\/#primaryimage\",\"url\":\"https:\/\/unifsa.com.br\/cics2023\/wp-content\/uploads\/2023\/01\/TOPO-CICS-2023.jpeg\",\"contentUrl\":\"https:\/\/unifsa.com.br\/cics2023\/wp-content\/uploads\/2023\/01\/TOPO-CICS-2023.jpeg\",\"width\":1280,\"height\":289},{\"@type\":\"BreadcrumbList\",\"@id\":\"https:\/\/unifsa.com.br\/cics2023\/a-conferencia\/#breadcrumb\",\"itemListElement\":[{\"@type\":\"ListItem\",\"position\":1,\"name\":\"In\u00edcio\",\"item\":\"https:\/\/unifsa.com.br\/cics2023\/\"},{\"@type\":\"ListItem\",\"position\":2,\"name\":\"O evento\"}]},{\"@type\":\"WebSite\",\"@id\":\"https:\/\/unifsa.com.br\/cics2023\/#website\",\"url\":\"https:\/\/unifsa.com.br\/cics2023\/\",\"name\":\"1\u00ba CICS | Edi\u00e7\u00e3o 2023\",\"description\":\"Congresso Internaconal Ci\u00eancia e Sociedade\",\"publisher\":{\"@id\":\"https:\/\/unifsa.com.br\/cics2023\/#organization\"},\"alternateName\":\"Congresso Internacional Ci\u00eancia e Sociedade (CICS)\",\"potentialAction\":[{\"@type\":\"SearchAction\",\"target\":{\"@type\":\"EntryPoint\",\"urlTemplate\":\"https:\/\/unifsa.com.br\/cics2023\/?s={search_term_string}\"},\"query-input\":{\"@type\":\"PropertyValueSpecification\",\"valueRequired\":true,\"valueName\":\"search_term_string\"}}],\"inLanguage\":\"pt-BR\"},{\"@type\":\"Organization\",\"@id\":\"https:\/\/unifsa.com.br\/cics2023\/#organization\",\"name\":\"Centro Universit\u00e1rio Santo Agostinho\",\"alternateName\":\"UNIFSA\",\"url\":\"https:\/\/unifsa.com.br\/cics2023\/\",\"logo\":{\"@type\":\"ImageObject\",\"inLanguage\":\"pt-BR\",\"@id\":\"https:\/\/unifsa.com.br\/cics2023\/#\/schema\/logo\/image\/\",\"url\":\"https:\/\/unifsa.com.br\/cics2023\/wp-content\/uploads\/2023\/01\/cisc-logo-login.fw_.png\",\"contentUrl\":\"https:\/\/unifsa.com.br\/cics2023\/wp-content\/uploads\/2023\/01\/cisc-logo-login.fw_.png\",\"width\":350,\"height\":216,\"caption\":\"Centro Universit\u00e1rio Santo Agostinho\"},\"image\":{\"@id\":\"https:\/\/unifsa.com.br\/cics2023\/#\/schema\/logo\/image\/\"},\"sameAs\":[\"https:\/\/unifsa.com.br\/cics2023\/a-conferencia\/\"]}]}<\/script>\n<!-- \/ Yoast SEO plugin. -->","yoast_head_json":{"title":"O evento - 1\u00ba CICS | Edi\u00e7\u00e3o 2023","robots":{"index":"index","follow":"follow","max-snippet":"max-snippet:-1","max-image-preview":"max-image-preview:large","max-video-preview":"max-video-preview:-1"},"canonical":"https:\/\/unifsa.com.br\/cics2023\/a-conferencia\/","og_locale":"pt_BR","og_type":"article","og_title":"O evento - 1\u00ba CICS | Edi\u00e7\u00e3o 2023","og_description":"O Congresso Internacional Ci\u00eancia e Sociedade (CICS) \u00e9 um evento bianual do Centro Universit\u00e1rio Santo Agostinho, realizado com a colabora\u00e7\u00e3o de pesquisadores de diversas institui\u00e7\u00f5es de ensino brasileiras e\u00a0 de outros pa\u00edses. O principal prop\u00f3sito do CICS \u00e9 aproximar a sociedade das pr\u00e1ticas cient\u00edficas contempor\u00e2neas. Assim, al\u00e9m de proporcionar um espa\u00e7o de di\u00e1logo e de [&hellip;]","og_url":"https:\/\/unifsa.com.br\/cics2023\/a-conferencia\/","og_site_name":"1\u00ba CICS | Edi\u00e7\u00e3o 2023","article_publisher":"https:\/\/unifsa.com.br\/cics2023\/a-conferencia\/","article_modified_time":"2023-05-16T13:37:47+00:00","og_image":[{"url":"https:\/\/unifsa.com.br\/cics2023\/wp-content\/uploads\/2023\/01\/TOPO-CICS-2023-1024x231.jpeg","type":"","width":"","height":""}],"twitter_card":"summary_large_image","twitter_misc":{"Est. tempo de leitura":"2 minutos"},"schema":{"@context":"https:\/\/schema.org","@graph":[{"@type":"WebPage","@id":"https:\/\/unifsa.com.br\/cics2023\/a-conferencia\/","url":"https:\/\/unifsa.com.br\/cics2023\/a-conferencia\/","name":"O evento - 1\u00ba CICS | Edi\u00e7\u00e3o 2023","isPartOf":{"@id":"https:\/\/unifsa.com.br\/cics2023\/#website"},"primaryImageOfPage":{"@id":"https:\/\/unifsa.com.br\/cics2023\/a-conferencia\/#primaryimage"},"image":{"@id":"https:\/\/unifsa.com.br\/cics2023\/a-conferencia\/#primaryimage"},"thumbnailUrl":"https:\/\/unifsa.com.br\/cics2023\/wp-content\/uploads\/2023\/01\/TOPO-CICS-2023-1024x231.jpeg","datePublished":"2018-08-02T09:04:50+00:00","dateModified":"2023-05-16T13:37:47+00:00","breadcrumb":{"@id":"https:\/\/unifsa.com.br\/cics2023\/a-conferencia\/#breadcrumb"},"inLanguage":"pt-BR","potentialAction":[{"@type":"ReadAction","target":["https:\/\/unifsa.com.br\/cics2023\/a-conferencia\/"]}]},{"@type":"ImageObject","inLanguage":"pt-BR","@id":"https:\/\/unifsa.com.br\/cics2023\/a-conferencia\/#primaryimage","url":"https:\/\/unifsa.com.br\/cics2023\/wp-content\/uploads\/2023\/01\/TOPO-CICS-2023.jpeg","contentUrl":"https:\/\/unifsa.com.br\/cics2023\/wp-content\/uploads\/2023\/01\/TOPO-CICS-2023.jpeg","width":1280,"height":289},{"@type":"BreadcrumbList","@id":"https:\/\/unifsa.com.br\/cics2023\/a-conferencia\/#breadcrumb","itemListElement":[{"@type":"ListItem","position":1,"name":"In\u00edcio","item":"https:\/\/unifsa.com.br\/cics2023\/"},{"@type":"ListItem","position":2,"name":"O evento"}]},{"@type":"WebSite","@id":"https:\/\/unifsa.com.br\/cics2023\/#website","url":"https:\/\/unifsa.com.br\/cics2023\/","name":"1\u00ba CICS | Edi\u00e7\u00e3o 2023","description":"Congresso Internaconal Ci\u00eancia e Sociedade","publisher":{"@id":"https:\/\/unifsa.com.br\/cics2023\/#organization"},"alternateName":"Congresso Internacional Ci\u00eancia e Sociedade (CICS)","potentialAction":[{"@type":"SearchAction","target":{"@type":"EntryPoint","urlTemplate":"https:\/\/unifsa.com.br\/cics2023\/?s={search_term_string}"},"query-input":{"@type":"PropertyValueSpecification","valueRequired":true,"valueName":"search_term_string"}}],"inLanguage":"pt-BR"},{"@type":"Organization","@id":"https:\/\/unifsa.com.br\/cics2023\/#organization","name":"Centro Universit\u00e1rio Santo Agostinho","alternateName":"UNIFSA","url":"https:\/\/unifsa.com.br\/cics2023\/","logo":{"@type":"ImageObject","inLanguage":"pt-BR","@id":"https:\/\/unifsa.com.br\/cics2023\/#\/schema\/logo\/image\/","url":"https:\/\/unifsa.com.br\/cics2023\/wp-content\/uploads\/2023\/01\/cisc-logo-login.fw_.png","contentUrl":"https:\/\/unifsa.com.br\/cics2023\/wp-content\/uploads\/2023\/01\/cisc-logo-login.fw_.png","width":350,"height":216,"caption":"Centro Universit\u00e1rio Santo Agostinho"},"image":{"@id":"https:\/\/unifsa.com.br\/cics2023\/#\/schema\/logo\/image\/"},"sameAs":["https:\/\/unifsa.com.br\/cics2023\/a-conferencia\/"]}]}},"_links":{"self":[{"href":"https:\/\/unifsa.com.br\/cics2023\/wp-json\/wp\/v2\/pages\/7","targetHints":{"allow":["GET"]}}],"collection":[{"href":"https:\/\/unifsa.com.br\/cics2023\/wp-json\/wp\/v2\/pages"}],"about":[{"href":"https:\/\/unifsa.com.br\/cics2023\/wp-json\/wp\/v2\/types\/page"}],"author":[{"embeddable":true,"href":"https:\/\/unifsa.com.br\/cics2023\/wp-json\/wp\/v2\/users\/1"}],"replies":[{"embeddable":true,"href":"https:\/\/unifsa.com.br\/cics2023\/wp-json\/wp\/v2\/comments?post=7"}],"version-history":[{"count":18,"href":"https:\/\/unifsa.com.br\/cics2023\/wp-json\/wp\/v2\/pages\/7\/revisions"}],"predecessor-version":[{"id":1940,"href":"https:\/\/unifsa.com.br\/cics2023\/wp-json\/wp\/v2\/pages\/7\/revisions\/1940"}],"wp:attachment":[{"href":"https:\/\/unifsa.com.br\/cics2023\/wp-json\/wp\/v2\/media?parent=7"}],"curies":[{"name":"wp","href":"https:\/\/api.w.org\/{rel}","templated":true}]}}