{"id":274,"date":"2021-03-20T10:46:34","date_gmt":"2021-03-20T13:46:34","guid":{"rendered":"https:\/\/unifsa.com.br\/cics2023\/?page_id=274"},"modified":"2023-06-27T13:24:18","modified_gmt":"2023-06-27T16:24:18","slug":"valores-das-inscricoes","status":"publish","type":"page","link":"https:\/\/unifsa.com.br\/cics2023\/valores-das-inscricoes\/","title":{"rendered":"Valores das inscri\u00e7\u00f5es"},"content":{"rendered":"\n<p>As inscri\u00e7\u00f5es para o evento 1\u00b0 Congresso Internacional Ci\u00eancia e Sociedade j\u00e1 est\u00e3o abertas!<\/p>\n\n\n\n<p>Confira abaixo na tabela de pre\u00e7os as categorias dispon\u00edveis e o valor para se inscrever, fique atento \u00e0 data indicada na tabela, descontos podem aparecer nos valores.<\/p>\n\n\n\n<h4 class=\"wp-block-heading\">Tabela de pre\u00e7os<\/h4>\n\n\n\n<figure class=\"wp-block-image size-large\"><img fetchpriority=\"high\" decoding=\"async\" width=\"1024\" height=\"490\" src=\"https:\/\/unifsa.com.br\/cics2023\/wp-content\/uploads\/2023\/06\/TABELA-VALORES-1024x490.jpg\" alt=\"\" class=\"wp-image-1986\" srcset=\"https:\/\/unifsa.com.br\/cics2023\/wp-content\/uploads\/2023\/06\/TABELA-VALORES-1024x490.jpg 1024w, https:\/\/unifsa.com.br\/cics2023\/wp-content\/uploads\/2023\/06\/TABELA-VALORES-300x143.jpg 300w, https:\/\/unifsa.com.br\/cics2023\/wp-content\/uploads\/2023\/06\/TABELA-VALORES-768x367.jpg 768w, https:\/\/unifsa.com.br\/cics2023\/wp-content\/uploads\/2023\/06\/TABELA-VALORES.jpg 1261w\" sizes=\"(max-width: 1024px) 100vw, 1024px\" \/><\/figure>\n\n\n\n<div class=\"wp-block-buttons alignwide is-layout-flex wp-block-buttons-is-layout-flex\">\n<div class=\"wp-block-button aligncenter is-style-fill\"><a class=\"wp-block-button__link has-vivid-cyan-blue-background-color has-background wp-element-button\" href=\"https:\/\/eventos.galoa.com.br\/cics-2023\/registration\/register\" target=\"_blank\" rel=\"noreferrer noopener\">INSCREVA-SE<\/a><\/div>\n<\/div>\n\n\n\n<p class=\"has-text-align-center\"><\/p>\n\n\n\n<p><\/p>\n\n\n\n<p><\/p>\n","protected":false},"excerpt":{"rendered":"<p>As inscri\u00e7\u00f5es para o evento 1\u00b0 Congresso Internacional Ci\u00eancia e Sociedade j\u00e1 est\u00e3o abertas! Confira abaixo na tabela de pre\u00e7os as categorias dispon\u00edveis e o valor para se inscrever, fique atento \u00e0 data indicada na tabela, descontos podem aparecer nos valores. Tabela de pre\u00e7os<\/p>\n","protected":false},"author":2,"featured_media":0,"parent":0,"menu_order":0,"comment_status":"closed","ping_status":"closed","template":"","meta":{"footnotes":""},"class_list":["post-274","page","type-page","status-publish","hentry"],"acf":[],"yoast_head":"<!-- This site is optimized with the Yoast SEO plugin v24.3 - https:\/\/yoast.com\/wordpress\/plugins\/seo\/ -->\n<title>Valores das inscri\u00e7\u00f5es - 1\u00ba CICS | Edi\u00e7\u00e3o 2023<\/title>\n<meta name=\"robots\" content=\"index, follow, max-snippet:-1, max-image-preview:large, max-video-preview:-1\" \/>\n<link rel=\"canonical\" href=\"https:\/\/unifsa.com.br\/cics2023\/valores-das-inscricoes\/\" \/>\n<meta property=\"og:locale\" content=\"pt_BR\" \/>\n<meta property=\"og:type\" content=\"article\" \/>\n<meta property=\"og:title\" content=\"Valores das inscri\u00e7\u00f5es - 1\u00ba CICS | Edi\u00e7\u00e3o 2023\" \/>\n<meta property=\"og:description\" content=\"As inscri\u00e7\u00f5es para o evento 1\u00b0 Congresso Internacional Ci\u00eancia e Sociedade j\u00e1 est\u00e3o abertas! Confira abaixo na tabela de pre\u00e7os as categorias dispon\u00edveis e o valor para se inscrever, fique atento \u00e0 data indicada na tabela, descontos podem aparecer nos valores. Tabela de pre\u00e7os\" \/>\n<meta property=\"og:url\" content=\"https:\/\/unifsa.com.br\/cics2023\/valores-das-inscricoes\/\" \/>\n<meta property=\"og:site_name\" content=\"1\u00ba CICS | Edi\u00e7\u00e3o 2023\" \/>\n<meta property=\"article:publisher\" content=\"https:\/\/unifsa.com.br\/cics2023\/a-conferencia\/\" \/>\n<meta property=\"article:modified_time\" content=\"2023-06-27T16:24:18+00:00\" \/>\n<meta property=\"og:image\" content=\"https:\/\/unifsa.com.br\/cics2023\/wp-content\/uploads\/2023\/06\/TABELA-VALORES-1024x490.jpg\" \/>\n<meta name=\"twitter:card\" content=\"summary_large_image\" \/>\n<meta name=\"twitter:label1\" content=\"Est. tempo de leitura\" \/>\n\t<meta name=\"twitter:data1\" content=\"1 minuto\" \/>\n<script type=\"application\/ld+json\" class=\"yoast-schema-graph\">{\"@context\":\"https:\/\/schema.org\",\"@graph\":[{\"@type\":\"WebPage\",\"@id\":\"https:\/\/unifsa.com.br\/cics2023\/valores-das-inscricoes\/\",\"url\":\"https:\/\/unifsa.com.br\/cics2023\/valores-das-inscricoes\/\",\"name\":\"Valores das inscri\u00e7\u00f5es - 1\u00ba CICS | Edi\u00e7\u00e3o 2023\",\"isPartOf\":{\"@id\":\"https:\/\/unifsa.com.br\/cics2023\/#website\"},\"primaryImageOfPage\":{\"@id\":\"https:\/\/unifsa.com.br\/cics2023\/valores-das-inscricoes\/#primaryimage\"},\"image\":{\"@id\":\"https:\/\/unifsa.com.br\/cics2023\/valores-das-inscricoes\/#primaryimage\"},\"thumbnailUrl\":\"https:\/\/unifsa.com.br\/cics2023\/wp-content\/uploads\/2023\/06\/TABELA-VALORES-1024x490.jpg\",\"datePublished\":\"2021-03-20T13:46:34+00:00\",\"dateModified\":\"2023-06-27T16:24:18+00:00\",\"breadcrumb\":{\"@id\":\"https:\/\/unifsa.com.br\/cics2023\/valores-das-inscricoes\/#breadcrumb\"},\"inLanguage\":\"pt-BR\",\"potentialAction\":[{\"@type\":\"ReadAction\",\"target\":[\"https:\/\/unifsa.com.br\/cics2023\/valores-das-inscricoes\/\"]}]},{\"@type\":\"ImageObject\",\"inLanguage\":\"pt-BR\",\"@id\":\"https:\/\/unifsa.com.br\/cics2023\/valores-das-inscricoes\/#primaryimage\",\"url\":\"https:\/\/unifsa.com.br\/cics2023\/wp-content\/uploads\/2023\/06\/TABELA-VALORES.jpg\",\"contentUrl\":\"https:\/\/unifsa.com.br\/cics2023\/wp-content\/uploads\/2023\/06\/TABELA-VALORES.jpg\",\"width\":1261,\"height\":603},{\"@type\":\"BreadcrumbList\",\"@id\":\"https:\/\/unifsa.com.br\/cics2023\/valores-das-inscricoes\/#breadcrumb\",\"itemListElement\":[{\"@type\":\"ListItem\",\"position\":1,\"name\":\"In\u00edcio\",\"item\":\"https:\/\/unifsa.com.br\/cics2023\/\"},{\"@type\":\"ListItem\",\"position\":2,\"name\":\"Valores das inscri\u00e7\u00f5es\"}]},{\"@type\":\"WebSite\",\"@id\":\"https:\/\/unifsa.com.br\/cics2023\/#website\",\"url\":\"https:\/\/unifsa.com.br\/cics2023\/\",\"name\":\"1\u00ba CICS | Edi\u00e7\u00e3o 2023\",\"description\":\"Congresso Internaconal Ci\u00eancia e Sociedade\",\"publisher\":{\"@id\":\"https:\/\/unifsa.com.br\/cics2023\/#organization\"},\"alternateName\":\"Congresso Internacional Ci\u00eancia e Sociedade (CICS)\",\"potentialAction\":[{\"@type\":\"SearchAction\",\"target\":{\"@type\":\"EntryPoint\",\"urlTemplate\":\"https:\/\/unifsa.com.br\/cics2023\/?s={search_term_string}\"},\"query-input\":{\"@type\":\"PropertyValueSpecification\",\"valueRequired\":true,\"valueName\":\"search_term_string\"}}],\"inLanguage\":\"pt-BR\"},{\"@type\":\"Organization\",\"@id\":\"https:\/\/unifsa.com.br\/cics2023\/#organization\",\"name\":\"Centro Universit\u00e1rio Santo Agostinho\",\"alternateName\":\"UNIFSA\",\"url\":\"https:\/\/unifsa.com.br\/cics2023\/\",\"logo\":{\"@type\":\"ImageObject\",\"inLanguage\":\"pt-BR\",\"@id\":\"https:\/\/unifsa.com.br\/cics2023\/#\/schema\/logo\/image\/\",\"url\":\"https:\/\/unifsa.com.br\/cics2023\/wp-content\/uploads\/2023\/01\/cisc-logo-login.fw_.png\",\"contentUrl\":\"https:\/\/unifsa.com.br\/cics2023\/wp-content\/uploads\/2023\/01\/cisc-logo-login.fw_.png\",\"width\":350,\"height\":216,\"caption\":\"Centro Universit\u00e1rio Santo Agostinho\"},\"image\":{\"@id\":\"https:\/\/unifsa.com.br\/cics2023\/#\/schema\/logo\/image\/\"},\"sameAs\":[\"https:\/\/unifsa.com.br\/cics2023\/a-conferencia\/\"]}]}<\/script>\n<!-- \/ Yoast SEO plugin. -->","yoast_head_json":{"title":"Valores das inscri\u00e7\u00f5es - 1\u00ba CICS | Edi\u00e7\u00e3o 2023","robots":{"index":"index","follow":"follow","max-snippet":"max-snippet:-1","max-image-preview":"max-image-preview:large","max-video-preview":"max-video-preview:-1"},"canonical":"https:\/\/unifsa.com.br\/cics2023\/valores-das-inscricoes\/","og_locale":"pt_BR","og_type":"article","og_title":"Valores das inscri\u00e7\u00f5es - 1\u00ba CICS | Edi\u00e7\u00e3o 2023","og_description":"As inscri\u00e7\u00f5es para o evento 1\u00b0 Congresso Internacional Ci\u00eancia e Sociedade j\u00e1 est\u00e3o abertas! Confira abaixo na tabela de pre\u00e7os as categorias dispon\u00edveis e o valor para se inscrever, fique atento \u00e0 data indicada na tabela, descontos podem aparecer nos valores. Tabela de pre\u00e7os","og_url":"https:\/\/unifsa.com.br\/cics2023\/valores-das-inscricoes\/","og_site_name":"1\u00ba CICS | Edi\u00e7\u00e3o 2023","article_publisher":"https:\/\/unifsa.com.br\/cics2023\/a-conferencia\/","article_modified_time":"2023-06-27T16:24:18+00:00","og_image":[{"url":"https:\/\/unifsa.com.br\/cics2023\/wp-content\/uploads\/2023\/06\/TABELA-VALORES-1024x490.jpg","type":"","width":"","height":""}],"twitter_card":"summary_large_image","twitter_misc":{"Est. tempo de leitura":"1 minuto"},"schema":{"@context":"https:\/\/schema.org","@graph":[{"@type":"WebPage","@id":"https:\/\/unifsa.com.br\/cics2023\/valores-das-inscricoes\/","url":"https:\/\/unifsa.com.br\/cics2023\/valores-das-inscricoes\/","name":"Valores das inscri\u00e7\u00f5es - 1\u00ba CICS | Edi\u00e7\u00e3o 2023","isPartOf":{"@id":"https:\/\/unifsa.com.br\/cics2023\/#website"},"primaryImageOfPage":{"@id":"https:\/\/unifsa.com.br\/cics2023\/valores-das-inscricoes\/#primaryimage"},"image":{"@id":"https:\/\/unifsa.com.br\/cics2023\/valores-das-inscricoes\/#primaryimage"},"thumbnailUrl":"https:\/\/unifsa.com.br\/cics2023\/wp-content\/uploads\/2023\/06\/TABELA-VALORES-1024x490.jpg","datePublished":"2021-03-20T13:46:34+00:00","dateModified":"2023-06-27T16:24:18+00:00","breadcrumb":{"@id":"https:\/\/unifsa.com.br\/cics2023\/valores-das-inscricoes\/#breadcrumb"},"inLanguage":"pt-BR","potentialAction":[{"@type":"ReadAction","target":["https:\/\/unifsa.com.br\/cics2023\/valores-das-inscricoes\/"]}]},{"@type":"ImageObject","inLanguage":"pt-BR","@id":"https:\/\/unifsa.com.br\/cics2023\/valores-das-inscricoes\/#primaryimage","url":"https:\/\/unifsa.com.br\/cics2023\/wp-content\/uploads\/2023\/06\/TABELA-VALORES.jpg","contentUrl":"https:\/\/unifsa.com.br\/cics2023\/wp-content\/uploads\/2023\/06\/TABELA-VALORES.jpg","width":1261,"height":603},{"@type":"BreadcrumbList","@id":"https:\/\/unifsa.com.br\/cics2023\/valores-das-inscricoes\/#breadcrumb","itemListElement":[{"@type":"ListItem","position":1,"name":"In\u00edcio","item":"https:\/\/unifsa.com.br\/cics2023\/"},{"@type":"ListItem","position":2,"name":"Valores das inscri\u00e7\u00f5es"}]},{"@type":"WebSite","@id":"https:\/\/unifsa.com.br\/cics2023\/#website","url":"https:\/\/unifsa.com.br\/cics2023\/","name":"1\u00ba CICS | Edi\u00e7\u00e3o 2023","description":"Congresso Internaconal Ci\u00eancia e Sociedade","publisher":{"@id":"https:\/\/unifsa.com.br\/cics2023\/#organization"},"alternateName":"Congresso Internacional Ci\u00eancia e Sociedade (CICS)","potentialAction":[{"@type":"SearchAction","target":{"@type":"EntryPoint","urlTemplate":"https:\/\/unifsa.com.br\/cics2023\/?s={search_term_string}"},"query-input":{"@type":"PropertyValueSpecification","valueRequired":true,"valueName":"search_term_string"}}],"inLanguage":"pt-BR"},{"@type":"Organization","@id":"https:\/\/unifsa.com.br\/cics2023\/#organization","name":"Centro Universit\u00e1rio Santo Agostinho","alternateName":"UNIFSA","url":"https:\/\/unifsa.com.br\/cics2023\/","logo":{"@type":"ImageObject","inLanguage":"pt-BR","@id":"https:\/\/unifsa.com.br\/cics2023\/#\/schema\/logo\/image\/","url":"https:\/\/unifsa.com.br\/cics2023\/wp-content\/uploads\/2023\/01\/cisc-logo-login.fw_.png","contentUrl":"https:\/\/unifsa.com.br\/cics2023\/wp-content\/uploads\/2023\/01\/cisc-logo-login.fw_.png","width":350,"height":216,"caption":"Centro Universit\u00e1rio Santo Agostinho"},"image":{"@id":"https:\/\/unifsa.com.br\/cics2023\/#\/schema\/logo\/image\/"},"sameAs":["https:\/\/unifsa.com.br\/cics2023\/a-conferencia\/"]}]}},"_links":{"self":[{"href":"https:\/\/unifsa.com.br\/cics2023\/wp-json\/wp\/v2\/pages\/274","targetHints":{"allow":["GET"]}}],"collection":[{"href":"https:\/\/unifsa.com.br\/cics2023\/wp-json\/wp\/v2\/pages"}],"about":[{"href":"https:\/\/unifsa.com.br\/cics2023\/wp-json\/wp\/v2\/types\/page"}],"author":[{"embeddable":true,"href":"https:\/\/unifsa.com.br\/cics2023\/wp-json\/wp\/v2\/users\/2"}],"replies":[{"embeddable":true,"href":"https:\/\/unifsa.com.br\/cics2023\/wp-json\/wp\/v2\/comments?post=274"}],"version-history":[{"count":16,"href":"https:\/\/unifsa.com.br\/cics2023\/wp-json\/wp\/v2\/pages\/274\/revisions"}],"predecessor-version":[{"id":1987,"href":"https:\/\/unifsa.com.br\/cics2023\/wp-json\/wp\/v2\/pages\/274\/revisions\/1987"}],"wp:attachment":[{"href":"https:\/\/unifsa.com.br\/cics2023\/wp-json\/wp\/v2\/media?parent=274"}],"curies":[{"name":"wp","href":"https:\/\/api.w.org\/{rel}","templated":true}]}}