{"id":231,"date":"2021-03-15T12:54:22","date_gmt":"2021-03-15T15:54:22","guid":{"rendered":"https:\/\/unifsa.com.br\/cics2023\/?page_id=231"},"modified":"2023-09-19T17:39:56","modified_gmt":"2023-09-19T20:39:56","slug":"minicursos","status":"publish","type":"page","link":"https:\/\/unifsa.com.br\/cics2023\/minicursos\/","title":{"rendered":"Minicursos"},"content":{"rendered":"\n<p>OBSERVA\u00c7\u00c3O: Para participar dos minicursos, \u00e9 necess\u00e1rio estar inscrito no evento. A inscri\u00e7\u00e3o \u00e9 na pr\u00f3pria plataforma do CICS, mediante login e senha de acesso ao sistema.<\/p>\n\n\n\n<p class=\"has-white-color has-vivid-cyan-blue-background-color has-text-color has-background\"><strong>MINICURSO 01<\/strong> | T\u00c9CNICA DE SUTURAS E FIOS UTILIZADOS NA MEDICINA VETERIN\u00c1RIA<\/p>\n\n\n\n<figure class=\"wp-block-image alignleft size-large is-resized\"><img fetchpriority=\"high\" decoding=\"async\" src=\"https:\/\/unifsa.com.br\/cics2023\/wp-content\/uploads\/2023\/09\/WhatsApp-Image-2023-09-11-at-08.55.10-1024x1024.jpeg\" alt=\"\" class=\"wp-image-2109\" style=\"width:424px;height:424px\" width=\"424\" height=\"424\" srcset=\"https:\/\/unifsa.com.br\/cics2023\/wp-content\/uploads\/2023\/09\/WhatsApp-Image-2023-09-11-at-08.55.10-1024x1024.jpeg 1024w, https:\/\/unifsa.com.br\/cics2023\/wp-content\/uploads\/2023\/09\/WhatsApp-Image-2023-09-11-at-08.55.10-300x300.jpeg 300w, https:\/\/unifsa.com.br\/cics2023\/wp-content\/uploads\/2023\/09\/WhatsApp-Image-2023-09-11-at-08.55.10-150x150.jpeg 150w, https:\/\/unifsa.com.br\/cics2023\/wp-content\/uploads\/2023\/09\/WhatsApp-Image-2023-09-11-at-08.55.10-768x768.jpeg 768w, https:\/\/unifsa.com.br\/cics2023\/wp-content\/uploads\/2023\/09\/WhatsApp-Image-2023-09-11-at-08.55.10.jpeg 1080w\" sizes=\"(max-width: 424px) 100vw, 424px\" \/><\/figure>\n\n\n\n<h2 class=\"wp-block-heading has-vivid-cyan-blue-color has-text-color\"><strong>O que \u00e9 o curso<\/strong><\/h2>\n\n\n\n<p>O curso visa promover a melhor intera\u00e7\u00e3o e contato pr\u00e9vio com a pr\u00e1tica de sutura, no intuito de construir conhecimento do discente de Medicina Veterin\u00e1ria com a Cl\u00ednica Cir\u00fargica, bem como discernir sobre indica\u00e7\u00e3o de cada fio e sutura.<\/p>\n\n\n\n<h2 class=\"wp-block-heading has-vivid-cyan-blue-color has-text-color\"><strong>Objetivo<\/strong><\/h2>\n\n\n\n<p>\u2022 Acumular e sedimentar conhecimento em sutura;<br>\u2022 Identificar e executar os principais movimentos facilitadores da t\u00e9cnica operat\u00f3ria em suturas;<br>\u2022 Conhecer os principais m\u00e9todos de sutura interrompida e cont\u00ednua.<\/p>\n\n\n\n<h2 class=\"wp-block-heading has-vivid-cyan-blue-color has-text-color\">Conte\u00fado Program\u00e1tico<\/h2>\n\n\n\n<p class=\"has-black-color has-text-color\">\u2022 Instrumenta\u00e7\u00e3o cir\u00fargica;<br>\u2022 Manuseio dos instrumentos e fios;<br>\u2022 Tipos de fios e indica\u00e7\u00f5es;<br>\u2022 Principais tipos de sutura;<br>\u2022 N\u00f3s cir\u00fargicos.<\/p>\n\n\n\n<p><\/p>\n\n\n\n<p class=\"has-white-color has-vivid-cyan-blue-background-color has-text-color has-background\"><strong>MINICURSO 2<\/strong> | <strong>Introdu\u00e7\u00e3o \u00e0 Neuropsicologia<\/strong><\/p>\n\n\n\n<figure class=\"wp-block-image alignleft size-large is-resized\"><img decoding=\"async\" src=\"https:\/\/unifsa.com.br\/cics2023\/wp-content\/uploads\/2023\/09\/WhatsApp-Image-2023-09-11-at-08.55.10-1-1024x1024.jpeg\" alt=\"\" class=\"wp-image-2110\" style=\"width:421px;height:421px\" width=\"421\" height=\"421\" srcset=\"https:\/\/unifsa.com.br\/cics2023\/wp-content\/uploads\/2023\/09\/WhatsApp-Image-2023-09-11-at-08.55.10-1-1024x1024.jpeg 1024w, https:\/\/unifsa.com.br\/cics2023\/wp-content\/uploads\/2023\/09\/WhatsApp-Image-2023-09-11-at-08.55.10-1-300x300.jpeg 300w, https:\/\/unifsa.com.br\/cics2023\/wp-content\/uploads\/2023\/09\/WhatsApp-Image-2023-09-11-at-08.55.10-1-150x150.jpeg 150w, https:\/\/unifsa.com.br\/cics2023\/wp-content\/uploads\/2023\/09\/WhatsApp-Image-2023-09-11-at-08.55.10-1-768x768.jpeg 768w, https:\/\/unifsa.com.br\/cics2023\/wp-content\/uploads\/2023\/09\/WhatsApp-Image-2023-09-11-at-08.55.10-1.jpeg 1080w\" sizes=\"(max-width: 421px) 100vw, 421px\" \/><\/figure>\n\n\n\n<h2 class=\"wp-block-heading has-vivid-cyan-blue-color has-text-color\"><strong>O que \u00e9 o curso<\/strong><\/h2>\n\n\n\n<p>A neuropsicologia visa compreender as rela\u00e7\u00f5es entre estruturas cerebrais, fun\u00e7\u00f5es cognitivas e comportamentos. Na cl\u00ednica, \u00e9 uma \u00e1rea que estuda os dist\u00farbios cognitivos e emocionais, bem como os dist\u00farbios da personalidade provocados por les\u00f5es do c\u00e9rebro (Gil, 2005).  Nessa dire\u00e7\u00e3o, esse curso busca contribuir com fundamentos da neuropsicologia cl\u00ednica para um olhar mais integral durante um atendimento cl\u00ednico, incluindo a aten\u00e7\u00e3o ao funcionamento neuropsicol\u00f3gico da pessoa avaliada.<\/p>\n\n\n\n<p><\/p>\n\n\n\n<h2 class=\"wp-block-heading has-vivid-cyan-blue-color has-text-color\"><strong>Objetivos<\/strong><\/h2>\n\n\n\n<p>Apresentar os fundamentos da neuropsicologia cl\u00ednica, caracterizando a organiza\u00e7\u00e3o e o funcionamento cerebral, as fun\u00e7\u00f5es cognitivas e seus correlatos comportamentais.<br>Discutir sobre diversas altera\u00e7\u00f5es que afetam o sistema nervoso central e suas repercuss\u00f5es no funcionamento neuropsicol\u00f3gico.<\/p>\n\n\n\n<p><\/p>\n\n\n\n<h2 class=\"wp-block-heading has-vivid-cyan-blue-color has-text-color\"><strong>Conte\u00fado Program\u00e1tico <\/strong><\/h2>\n\n\n\n<p>\u2022 Neuropsicologia: caracteriza\u00e7\u00e3o.<br>\u2022 Sistema nervoso central, fun\u00e7\u00f5es cognitivas e correlatos comportamentais.<br>\u2022 Altera\u00e7\u00f5es neuropsicol\u00f3gicas: etiologia e repercuss\u00f5es.<br>\u2022 Princ\u00edpios que regulam a organiza\u00e7\u00e3o das fun\u00e7\u00f5es encef\u00e1licas e o racioc\u00ednio neuropsicol\u00f3gico.<br>\u2022 Avalia\u00e7\u00e3o e reabilita\u00e7\u00e3o neuropsicol\u00f3gicas: princ\u00edpios, m\u00e9todos e indica\u00e7\u00f5es.<\/p>\n\n\n\n<p><\/p>\n\n\n\n<p class=\"has-white-color has-vivid-cyan-blue-background-color has-text-color has-background\"><strong>MINICURSO 03<\/strong> | <strong>Introdu\u00e7\u00e3o \u00e0 laserterapia em Odontologia<\/strong><\/p>\n\n\n\n<figure class=\"wp-block-image alignleft size-large is-resized\"><img decoding=\"async\" src=\"https:\/\/unifsa.com.br\/cics2023\/wp-content\/uploads\/2023\/09\/WhatsApp-Image-2023-09-11-at-08.55.11-1024x1024.jpeg\" alt=\"\" class=\"wp-image-2112\" style=\"width:435px;height:435px\" width=\"435\" height=\"435\" srcset=\"https:\/\/unifsa.com.br\/cics2023\/wp-content\/uploads\/2023\/09\/WhatsApp-Image-2023-09-11-at-08.55.11-1024x1024.jpeg 1024w, https:\/\/unifsa.com.br\/cics2023\/wp-content\/uploads\/2023\/09\/WhatsApp-Image-2023-09-11-at-08.55.11-300x300.jpeg 300w, https:\/\/unifsa.com.br\/cics2023\/wp-content\/uploads\/2023\/09\/WhatsApp-Image-2023-09-11-at-08.55.11-150x150.jpeg 150w, https:\/\/unifsa.com.br\/cics2023\/wp-content\/uploads\/2023\/09\/WhatsApp-Image-2023-09-11-at-08.55.11-768x768.jpeg 768w, https:\/\/unifsa.com.br\/cics2023\/wp-content\/uploads\/2023\/09\/WhatsApp-Image-2023-09-11-at-08.55.11.jpeg 1080w\" sizes=\"(max-width: 435px) 100vw, 435px\" \/><\/figure>\n\n\n\n<h2 class=\"wp-block-heading has-vivid-cyan-blue-color has-text-color\"><strong>O que \u00e9 o curso<\/strong><\/h2>\n\n\n\n<p>A laserterapia utiliza um tipo de radia\u00e7\u00e3o eletromagn\u00e9tica que se diferencia de uma fonte de luz comum por apresentar caracter\u00edsticas e propriedades pr\u00f3prias e variados comprimentos de onda (GOMES et al., 2013). Essa radia\u00e7\u00e3o manifesta seus efeitos, tais como analgesia, efeito antiinflamat\u00f3rio e efeito cicatrizante, por meio da intera\u00e7\u00e3o da luz com os tecidos biol\u00f3gicos, podendo tamb\u00e9m causar a morte microbiana atrav\u00e9s da terapia fotodin\u00e2mica (CAPRIOGLIO, OLIVI &amp; GENOVESE, 2017). A radia\u00e7\u00e3o \u00e9 classificada como de alta e baixa intensidade e o seu uso na Odontologia foi reconhecido e regulamentado pela Resolu\u00e7\u00e3o n\u00ba82\/2008 do Conselho Federal de Odontologia (CFO, 2008). Desde ent\u00e3o, o profissional tem incorporado o uso do laser em quase todas as especialidades como um m\u00e9todo auxiliar cuja finalidade \u00e9 minimizar a dor e o desconforto durante e ap\u00f3s as interven\u00e7\u00f5es cir\u00fargico-restauradoras, assim como estimular o crescimento e cicatriza\u00e7\u00e3o de tecidos nessas mesmas interven\u00e7\u00f5es e em les\u00f5es bucais. Diante disso, o contato do acad\u00eamico de Odontologia com a laserterapia \u00e9 importante durante seu processo de forma\u00e7\u00e3o acad\u00eamica.<\/p>\n\n\n\n<h2 class=\"wp-block-heading has-vivid-cyan-blue-color has-text-color\">Objetivos<\/h2>\n\n\n\n<p>\u2022 Aprofundar os conhecimentos do acad\u00eamico de Odontologia em laserterapia;<br>\u2022 Apresentar aos participantes os cuidados na aplica\u00e7\u00e3o dos lasers em procedimentos odontol\u00f3gicos;<br>\u2022 Apontar as indica\u00e7\u00f5es e contraindica\u00e7\u00f5es da terapia a laser em Odontologia.<\/p>\n\n\n\n<h2 class=\"wp-block-heading has-vivid-cyan-blue-color has-text-color\">Conte\u00fado Program\u00e1tico<\/h2>\n\n\n\n<p>1. Introdu\u00e7\u00e3o ao estudo do laser Laser e LED em Odontologia: conceito e intera\u00e7\u00e3o com os tecidos biol\u00f3gicos; <\/p>\n\n\n\n<p>2. Efeitos fotot\u00e9rmicos, fotoqu\u00edmicos e fotomec\u00e2nicos.<strong><span style=\"background-color:rgba(0, 0, 0, 0)\" class=\"has-inline-color has-white-color\">URNO MANH\u00c3<br>Hor\u00e1rio: 9h \u00e0s 12h<\/span><\/strong><\/p>\n\n\n\n<p class=\"has-white-color has-vivid-cyan-blue-background-color has-text-color has-background\"><strong>MINICURSO 04<\/strong> | <strong>INEQUIDAD SOCIAL Y CONOCIMIENTO CR\u00cdTICO, UNA MIRADA DESDE LA SALUD COLECTIVA<\/strong><\/p>\n\n\n\n<figure class=\"wp-block-image alignleft size-large is-resized\"><img loading=\"lazy\" decoding=\"async\" src=\"https:\/\/unifsa.com.br\/cics2023\/wp-content\/uploads\/2023\/09\/WhatsApp-Image-2023-09-19-at-14.41.55-1024x1024.jpeg\" alt=\"\" class=\"wp-image-2214\" style=\"width:421px;height:421px\" width=\"421\" height=\"421\" srcset=\"https:\/\/unifsa.com.br\/cics2023\/wp-content\/uploads\/2023\/09\/WhatsApp-Image-2023-09-19-at-14.41.55-1024x1024.jpeg 1024w, https:\/\/unifsa.com.br\/cics2023\/wp-content\/uploads\/2023\/09\/WhatsApp-Image-2023-09-19-at-14.41.55-300x300.jpeg 300w, https:\/\/unifsa.com.br\/cics2023\/wp-content\/uploads\/2023\/09\/WhatsApp-Image-2023-09-19-at-14.41.55-150x150.jpeg 150w, https:\/\/unifsa.com.br\/cics2023\/wp-content\/uploads\/2023\/09\/WhatsApp-Image-2023-09-19-at-14.41.55-768x768.jpeg 768w, https:\/\/unifsa.com.br\/cics2023\/wp-content\/uploads\/2023\/09\/WhatsApp-Image-2023-09-19-at-14.41.55.jpeg 1080w\" sizes=\"(max-width: 421px) 100vw, 421px\" \/><\/figure>\n\n\n\n<h2 class=\"wp-block-heading has-vivid-cyan-blue-color has-text-color\"><strong>O que \u00e9 o curso<\/strong><\/h2>\n\n\n\n<p>El curso visa promover una reflexi\u00f3n sobre las caracter\u00edsticas del momento hist\u00f3rico que vive la humanidad, siendo la inequidad social un rasgo central de este. Desde ah\u00ed reconocer la necesidad de dar un salto cualitativo en las formas de comprensi\u00f3n y de actuaci\u00f3n ante los desaf\u00edos del contexto social y sanitario contempor\u00e1neo.<\/p>\n\n\n\n<h2 class=\"wp-block-heading has-vivid-cyan-blue-color has-text-color\">Objetivos<\/h2>\n\n\n\n<p>\u2022 Analizar los rasgos centrales del presente momento hist\u00f3rico y discutir el concepto de crisis civilizatoria<br>\u2022 Discutir el concepto de inequidad social y desigualdades y reconocer su utilidad pr\u00e1ctica para los an\u00e1lisis de situaci\u00f3n social y de salud<br>\u2022 Repensar los marcos te\u00f3ricos de aproximaci\u00f3n a la inequidad social y los desaf\u00edos de la producci\u00f3n de conocimiento para comprenderla<\/p>\n\n\n\n<h2 class=\"wp-block-heading has-vivid-cyan-blue-color has-text-color\">Conte\u00fado Program\u00e1tico<\/h2>\n\n\n\n<p class=\"has-black-color has-text-color\">\u2022 Crisis civilizatoria<br>\u2022 Equidad, inequidad, y desigualdades<br>\u2022 Matriz de poder e interseccionalidad<br>\u2022 Ciencia cr\u00edtica para la vida<\/p>\n","protected":false},"excerpt":{"rendered":"<p>OBSERVA\u00c7\u00c3O: Para participar dos minicursos, \u00e9 necess\u00e1rio estar inscrito no evento. A inscri\u00e7\u00e3o \u00e9 na pr\u00f3pria plataforma do CICS, mediante login e senha de acesso ao sistema. MINICURSO 01 | T\u00c9CNICA DE SUTURAS E FIOS UTILIZADOS NA MEDICINA VETERIN\u00c1RIA O que \u00e9 o curso O curso visa promover a melhor intera\u00e7\u00e3o e contato pr\u00e9vio com [&hellip;]<\/p>\n","protected":false},"author":2,"featured_media":0,"parent":0,"menu_order":0,"comment_status":"closed","ping_status":"closed","template":"","meta":{"footnotes":""},"class_list":["post-231","page","type-page","status-publish","hentry"],"acf":[],"yoast_head":"<!-- This site is optimized with the Yoast SEO plugin v24.3 - https:\/\/yoast.com\/wordpress\/plugins\/seo\/ -->\n<title>Minicursos - 1\u00ba CICS | Edi\u00e7\u00e3o 2023<\/title>\n<meta name=\"robots\" content=\"index, follow, max-snippet:-1, max-image-preview:large, max-video-preview:-1\" \/>\n<link rel=\"canonical\" href=\"https:\/\/unifsa.com.br\/cics2023\/minicursos\/\" \/>\n<meta property=\"og:locale\" content=\"pt_BR\" \/>\n<meta property=\"og:type\" content=\"article\" \/>\n<meta property=\"og:title\" content=\"Minicursos - 1\u00ba CICS | Edi\u00e7\u00e3o 2023\" \/>\n<meta property=\"og:description\" content=\"OBSERVA\u00c7\u00c3O: Para participar dos minicursos, \u00e9 necess\u00e1rio estar inscrito no evento. A inscri\u00e7\u00e3o \u00e9 na pr\u00f3pria plataforma do CICS, mediante login e senha de acesso ao sistema. MINICURSO 01 | T\u00c9CNICA DE SUTURAS E FIOS UTILIZADOS NA MEDICINA VETERIN\u00c1RIA O que \u00e9 o curso O curso visa promover a melhor intera\u00e7\u00e3o e contato pr\u00e9vio com [&hellip;]\" \/>\n<meta property=\"og:url\" content=\"https:\/\/unifsa.com.br\/cics2023\/minicursos\/\" \/>\n<meta property=\"og:site_name\" content=\"1\u00ba CICS | Edi\u00e7\u00e3o 2023\" \/>\n<meta property=\"article:publisher\" content=\"https:\/\/unifsa.com.br\/cics2023\/a-conferencia\/\" \/>\n<meta property=\"article:modified_time\" content=\"2023-09-19T20:39:56+00:00\" \/>\n<meta property=\"og:image\" content=\"https:\/\/unifsa.com.br\/cics2023\/wp-content\/uploads\/2023\/09\/WhatsApp-Image-2023-09-11-at-08.55.10-1024x1024.jpeg\" \/>\n<meta name=\"twitter:card\" content=\"summary_large_image\" \/>\n<meta name=\"twitter:label1\" content=\"Est. tempo de leitura\" \/>\n\t<meta name=\"twitter:data1\" content=\"5 minutos\" \/>\n<script type=\"application\/ld+json\" class=\"yoast-schema-graph\">{\"@context\":\"https:\/\/schema.org\",\"@graph\":[{\"@type\":\"WebPage\",\"@id\":\"https:\/\/unifsa.com.br\/cics2023\/minicursos\/\",\"url\":\"https:\/\/unifsa.com.br\/cics2023\/minicursos\/\",\"name\":\"Minicursos - 1\u00ba CICS | Edi\u00e7\u00e3o 2023\",\"isPartOf\":{\"@id\":\"https:\/\/unifsa.com.br\/cics2023\/#website\"},\"primaryImageOfPage\":{\"@id\":\"https:\/\/unifsa.com.br\/cics2023\/minicursos\/#primaryimage\"},\"image\":{\"@id\":\"https:\/\/unifsa.com.br\/cics2023\/minicursos\/#primaryimage\"},\"thumbnailUrl\":\"https:\/\/unifsa.com.br\/cics2023\/wp-content\/uploads\/2023\/09\/WhatsApp-Image-2023-09-11-at-08.55.10-1024x1024.jpeg\",\"datePublished\":\"2021-03-15T15:54:22+00:00\",\"dateModified\":\"2023-09-19T20:39:56+00:00\",\"breadcrumb\":{\"@id\":\"https:\/\/unifsa.com.br\/cics2023\/minicursos\/#breadcrumb\"},\"inLanguage\":\"pt-BR\",\"potentialAction\":[{\"@type\":\"ReadAction\",\"target\":[\"https:\/\/unifsa.com.br\/cics2023\/minicursos\/\"]}]},{\"@type\":\"ImageObject\",\"inLanguage\":\"pt-BR\",\"@id\":\"https:\/\/unifsa.com.br\/cics2023\/minicursos\/#primaryimage\",\"url\":\"https:\/\/unifsa.com.br\/cics2023\/wp-content\/uploads\/2023\/09\/WhatsApp-Image-2023-09-11-at-08.55.10-1024x1024.jpeg\",\"contentUrl\":\"https:\/\/unifsa.com.br\/cics2023\/wp-content\/uploads\/2023\/09\/WhatsApp-Image-2023-09-11-at-08.55.10-1024x1024.jpeg\"},{\"@type\":\"BreadcrumbList\",\"@id\":\"https:\/\/unifsa.com.br\/cics2023\/minicursos\/#breadcrumb\",\"itemListElement\":[{\"@type\":\"ListItem\",\"position\":1,\"name\":\"In\u00edcio\",\"item\":\"https:\/\/unifsa.com.br\/cics2023\/\"},{\"@type\":\"ListItem\",\"position\":2,\"name\":\"Minicursos\"}]},{\"@type\":\"WebSite\",\"@id\":\"https:\/\/unifsa.com.br\/cics2023\/#website\",\"url\":\"https:\/\/unifsa.com.br\/cics2023\/\",\"name\":\"1\u00ba CICS | Edi\u00e7\u00e3o 2023\",\"description\":\"Congresso Internaconal Ci\u00eancia e Sociedade\",\"publisher\":{\"@id\":\"https:\/\/unifsa.com.br\/cics2023\/#organization\"},\"alternateName\":\"Congresso Internacional Ci\u00eancia e Sociedade (CICS)\",\"potentialAction\":[{\"@type\":\"SearchAction\",\"target\":{\"@type\":\"EntryPoint\",\"urlTemplate\":\"https:\/\/unifsa.com.br\/cics2023\/?s={search_term_string}\"},\"query-input\":{\"@type\":\"PropertyValueSpecification\",\"valueRequired\":true,\"valueName\":\"search_term_string\"}}],\"inLanguage\":\"pt-BR\"},{\"@type\":\"Organization\",\"@id\":\"https:\/\/unifsa.com.br\/cics2023\/#organization\",\"name\":\"Centro Universit\u00e1rio Santo Agostinho\",\"alternateName\":\"UNIFSA\",\"url\":\"https:\/\/unifsa.com.br\/cics2023\/\",\"logo\":{\"@type\":\"ImageObject\",\"inLanguage\":\"pt-BR\",\"@id\":\"https:\/\/unifsa.com.br\/cics2023\/#\/schema\/logo\/image\/\",\"url\":\"https:\/\/unifsa.com.br\/cics2023\/wp-content\/uploads\/2023\/01\/cisc-logo-login.fw_.png\",\"contentUrl\":\"https:\/\/unifsa.com.br\/cics2023\/wp-content\/uploads\/2023\/01\/cisc-logo-login.fw_.png\",\"width\":350,\"height\":216,\"caption\":\"Centro Universit\u00e1rio Santo Agostinho\"},\"image\":{\"@id\":\"https:\/\/unifsa.com.br\/cics2023\/#\/schema\/logo\/image\/\"},\"sameAs\":[\"https:\/\/unifsa.com.br\/cics2023\/a-conferencia\/\"]}]}<\/script>\n<!-- \/ Yoast SEO plugin. -->","yoast_head_json":{"title":"Minicursos - 1\u00ba CICS | Edi\u00e7\u00e3o 2023","robots":{"index":"index","follow":"follow","max-snippet":"max-snippet:-1","max-image-preview":"max-image-preview:large","max-video-preview":"max-video-preview:-1"},"canonical":"https:\/\/unifsa.com.br\/cics2023\/minicursos\/","og_locale":"pt_BR","og_type":"article","og_title":"Minicursos - 1\u00ba CICS | Edi\u00e7\u00e3o 2023","og_description":"OBSERVA\u00c7\u00c3O: Para participar dos minicursos, \u00e9 necess\u00e1rio estar inscrito no evento. A inscri\u00e7\u00e3o \u00e9 na pr\u00f3pria plataforma do CICS, mediante login e senha de acesso ao sistema. MINICURSO 01 | T\u00c9CNICA DE SUTURAS E FIOS UTILIZADOS NA MEDICINA VETERIN\u00c1RIA O que \u00e9 o curso O curso visa promover a melhor intera\u00e7\u00e3o e contato pr\u00e9vio com [&hellip;]","og_url":"https:\/\/unifsa.com.br\/cics2023\/minicursos\/","og_site_name":"1\u00ba CICS | Edi\u00e7\u00e3o 2023","article_publisher":"https:\/\/unifsa.com.br\/cics2023\/a-conferencia\/","article_modified_time":"2023-09-19T20:39:56+00:00","og_image":[{"url":"https:\/\/unifsa.com.br\/cics2023\/wp-content\/uploads\/2023\/09\/WhatsApp-Image-2023-09-11-at-08.55.10-1024x1024.jpeg","type":"","width":"","height":""}],"twitter_card":"summary_large_image","twitter_misc":{"Est. tempo de leitura":"5 minutos"},"schema":{"@context":"https:\/\/schema.org","@graph":[{"@type":"WebPage","@id":"https:\/\/unifsa.com.br\/cics2023\/minicursos\/","url":"https:\/\/unifsa.com.br\/cics2023\/minicursos\/","name":"Minicursos - 1\u00ba CICS | Edi\u00e7\u00e3o 2023","isPartOf":{"@id":"https:\/\/unifsa.com.br\/cics2023\/#website"},"primaryImageOfPage":{"@id":"https:\/\/unifsa.com.br\/cics2023\/minicursos\/#primaryimage"},"image":{"@id":"https:\/\/unifsa.com.br\/cics2023\/minicursos\/#primaryimage"},"thumbnailUrl":"https:\/\/unifsa.com.br\/cics2023\/wp-content\/uploads\/2023\/09\/WhatsApp-Image-2023-09-11-at-08.55.10-1024x1024.jpeg","datePublished":"2021-03-15T15:54:22+00:00","dateModified":"2023-09-19T20:39:56+00:00","breadcrumb":{"@id":"https:\/\/unifsa.com.br\/cics2023\/minicursos\/#breadcrumb"},"inLanguage":"pt-BR","potentialAction":[{"@type":"ReadAction","target":["https:\/\/unifsa.com.br\/cics2023\/minicursos\/"]}]},{"@type":"ImageObject","inLanguage":"pt-BR","@id":"https:\/\/unifsa.com.br\/cics2023\/minicursos\/#primaryimage","url":"https:\/\/unifsa.com.br\/cics2023\/wp-content\/uploads\/2023\/09\/WhatsApp-Image-2023-09-11-at-08.55.10-1024x1024.jpeg","contentUrl":"https:\/\/unifsa.com.br\/cics2023\/wp-content\/uploads\/2023\/09\/WhatsApp-Image-2023-09-11-at-08.55.10-1024x1024.jpeg"},{"@type":"BreadcrumbList","@id":"https:\/\/unifsa.com.br\/cics2023\/minicursos\/#breadcrumb","itemListElement":[{"@type":"ListItem","position":1,"name":"In\u00edcio","item":"https:\/\/unifsa.com.br\/cics2023\/"},{"@type":"ListItem","position":2,"name":"Minicursos"}]},{"@type":"WebSite","@id":"https:\/\/unifsa.com.br\/cics2023\/#website","url":"https:\/\/unifsa.com.br\/cics2023\/","name":"1\u00ba CICS | Edi\u00e7\u00e3o 2023","description":"Congresso Internaconal Ci\u00eancia e Sociedade","publisher":{"@id":"https:\/\/unifsa.com.br\/cics2023\/#organization"},"alternateName":"Congresso Internacional Ci\u00eancia e Sociedade (CICS)","potentialAction":[{"@type":"SearchAction","target":{"@type":"EntryPoint","urlTemplate":"https:\/\/unifsa.com.br\/cics2023\/?s={search_term_string}"},"query-input":{"@type":"PropertyValueSpecification","valueRequired":true,"valueName":"search_term_string"}}],"inLanguage":"pt-BR"},{"@type":"Organization","@id":"https:\/\/unifsa.com.br\/cics2023\/#organization","name":"Centro Universit\u00e1rio Santo Agostinho","alternateName":"UNIFSA","url":"https:\/\/unifsa.com.br\/cics2023\/","logo":{"@type":"ImageObject","inLanguage":"pt-BR","@id":"https:\/\/unifsa.com.br\/cics2023\/#\/schema\/logo\/image\/","url":"https:\/\/unifsa.com.br\/cics2023\/wp-content\/uploads\/2023\/01\/cisc-logo-login.fw_.png","contentUrl":"https:\/\/unifsa.com.br\/cics2023\/wp-content\/uploads\/2023\/01\/cisc-logo-login.fw_.png","width":350,"height":216,"caption":"Centro Universit\u00e1rio Santo Agostinho"},"image":{"@id":"https:\/\/unifsa.com.br\/cics2023\/#\/schema\/logo\/image\/"},"sameAs":["https:\/\/unifsa.com.br\/cics2023\/a-conferencia\/"]}]}},"_links":{"self":[{"href":"https:\/\/unifsa.com.br\/cics2023\/wp-json\/wp\/v2\/pages\/231","targetHints":{"allow":["GET"]}}],"collection":[{"href":"https:\/\/unifsa.com.br\/cics2023\/wp-json\/wp\/v2\/pages"}],"about":[{"href":"https:\/\/unifsa.com.br\/cics2023\/wp-json\/wp\/v2\/types\/page"}],"author":[{"embeddable":true,"href":"https:\/\/unifsa.com.br\/cics2023\/wp-json\/wp\/v2\/users\/2"}],"replies":[{"embeddable":true,"href":"https:\/\/unifsa.com.br\/cics2023\/wp-json\/wp\/v2\/comments?post=231"}],"version-history":[{"count":47,"href":"https:\/\/unifsa.com.br\/cics2023\/wp-json\/wp\/v2\/pages\/231\/revisions"}],"predecessor-version":[{"id":2216,"href":"https:\/\/unifsa.com.br\/cics2023\/wp-json\/wp\/v2\/pages\/231\/revisions\/2216"}],"wp:attachment":[{"href":"https:\/\/unifsa.com.br\/cics2023\/wp-json\/wp\/v2\/media?parent=231"}],"curies":[{"name":"wp","href":"https:\/\/api.w.org\/{rel}","templated":true}]}}