{"id":228,"date":"2021-03-15T12:51:38","date_gmt":"2021-03-15T15:51:38","guid":{"rendered":"https:\/\/unifsa.com.br\/cics2023\/?page_id=228"},"modified":"2023-09-15T14:17:22","modified_gmt":"2023-09-15T17:17:22","slug":"editais","status":"publish","type":"page","link":"https:\/\/unifsa.com.br\/cics2023\/editais\/","title":{"rendered":"Editais"},"content":{"rendered":"\n<p><\/p>\n\n\n\n<h2 class=\"wp-block-heading has-white-color has-text-color has-background has-medium-font-size\" style=\"background-color:#0f567e\">EDITAL DE LAN\u00c7AMENTO DE LIVROS, REVISTAS\/PERI\u00d3DICOS E E-BOOKS<\/h2>\n\n\n\n<p>Publica\u00e7\u00e3o prevista para o dia 14 setembro. Aguarde.<\/p>\n\n\n\n<div data-wp-interactive=\"core\/file\" class=\"wp-block-file\"><object data-wp-bind--hidden=\"!state.hasPdfPreview\" hidden class=\"wp-block-file__embed\" data=\"https:\/\/unifsa.com.br\/cics2023\/wp-content\/uploads\/2023\/09\/1-Edital-N-09-Lancamento-de-livros-revistas-e-e-books.CICS_-1.pdf\" type=\"application\/pdf\" style=\"width:100%;height:600px\" aria-label=\"Incorporado de 1-Edital-N-09-Lancamento-de-livros-revistas-e-e-books.CICS_-1.\"><\/object><a id=\"wp-block-file--media-7e0459bb-23ae-4f52-b9fa-d00faf86b7a3\" href=\"https:\/\/unifsa.com.br\/cics2023\/wp-content\/uploads\/2023\/09\/1-Edital-N-09-Lancamento-de-livros-revistas-e-e-books.CICS_-1.pdf\">1-Edital-N-09-Lancamento-de-livros-revistas-e-e-books.CICS_-1<\/a><a href=\"https:\/\/unifsa.com.br\/cics2023\/wp-content\/uploads\/2023\/09\/1-Edital-N-09-Lancamento-de-livros-revistas-e-e-books.CICS_-1.pdf\" class=\"wp-block-file__button wp-element-button\" download aria-describedby=\"wp-block-file--media-7e0459bb-23ae-4f52-b9fa-d00faf86b7a3\">Baixar<\/a><\/div>\n\n\n\n<h2 class=\"wp-block-heading has-white-color has-text-color has-background has-medium-font-size\" style=\"background-color:#0f567e\">EDITAL DE PRORROGA\u00c7\u00c3O DE SUBMISS\u00c3O DE TRABALHOS NOS GTs CICS<\/h2>\n\n\n\n<div data-wp-interactive=\"core\/file\" class=\"wp-block-file\"><object data-wp-bind--hidden=\"!state.hasPdfPreview\" hidden class=\"wp-block-file__embed\" data=\"https:\/\/unifsa.com.br\/cics2023\/wp-content\/uploads\/2023\/08\/2-PRORROGACAO-EDITAL-SUBMISSAO-TRABALHO-1-CICS-2023.pdf\" type=\"application\/pdf\" style=\"width:100%;height:600px\" aria-label=\"Incorporado de 2-PRORROGACAO-EDITAL-SUBMISSAO-TRABALHO-1-CICS-2023.\"><\/object><a id=\"wp-block-file--media-15af2309-d6d7-4ea4-b73d-f6ef3e333d33\" href=\"https:\/\/unifsa.com.br\/cics2023\/wp-content\/uploads\/2023\/08\/2-PRORROGACAO-EDITAL-SUBMISSAO-TRABALHO-1-CICS-2023.pdf\">2-PRORROGACAO-EDITAL-SUBMISSAO-TRABALHO-1-CICS-2023<\/a><a href=\"https:\/\/unifsa.com.br\/cics2023\/wp-content\/uploads\/2023\/08\/2-PRORROGACAO-EDITAL-SUBMISSAO-TRABALHO-1-CICS-2023.pdf\" class=\"wp-block-file__button wp-element-button\" download aria-describedby=\"wp-block-file--media-15af2309-d6d7-4ea4-b73d-f6ef3e333d33\">Baixar<\/a><\/div>\n\n\n\n<h2 class=\"wp-block-heading\">TEMPLATES<\/h2>\n\n\n\n<p>Baixe aqui os templates do CICS<\/p>\n\n\n\n<p><a href=\"https:\/\/unifsa.com.br\/cics2023\/wp-content\/uploads\/2023\/09\/TEMPLATE-SUBMISSAO-CICS.2023-1.docx\"><strong>TEMPLATE DE SUBMISS\u00c3O<\/strong><\/a><\/p>\n\n\n\n<div class=\"wp-block-file\"><a id=\"wp-block-file--media-d457562f-659d-4979-9ba5-c6a9eff8172c\" href=\"https:\/\/unifsa.com.br\/cics2023\/wp-content\/uploads\/2023\/09\/TEMPLATE-SUBMISSAO-CICS.2023-1.docx\">TEMPLATE-SUBMISSAO-CICS.2023-1<\/a><a href=\"https:\/\/unifsa.com.br\/cics2023\/wp-content\/uploads\/2023\/09\/TEMPLATE-SUBMISSAO-CICS.2023-1.docx\" class=\"wp-block-file__button wp-element-button\" download aria-describedby=\"wp-block-file--media-d457562f-659d-4979-9ba5-c6a9eff8172c\">Baixar<\/a><\/div>\n\n\n\n<p><strong><a href=\"https:\/\/unifsa.com.br\/cics2023\/wp-content\/uploads\/2023\/09\/Power-Point-GT-CICS-23-1.pptx\">TEMPLATE DE APRESENTA\u00c7\u00c3O \/ GTS CICS<\/a><\/strong><\/p>\n\n\n\n<div class=\"wp-block-file\"><a id=\"wp-block-file--media-5807092f-98bb-4a71-a007-4768d9abdb7c\" href=\"https:\/\/unifsa.com.br\/cics2023\/wp-content\/uploads\/2023\/09\/Power-Point-GT-CICS-23-1.pptx\">Power-Point-GT-CICS-23-1<\/a><a href=\"https:\/\/unifsa.com.br\/cics2023\/wp-content\/uploads\/2023\/09\/Power-Point-GT-CICS-23-1.pptx\" class=\"wp-block-file__button wp-element-button\" download aria-describedby=\"wp-block-file--media-5807092f-98bb-4a71-a007-4768d9abdb7c\">Baixar<\/a><\/div>\n\n\n\n<p><\/p>\n\n\n\n<h2 class=\"wp-block-heading has-black-color has-cyan-bluish-gray-background-color has-text-color has-background has-medium-font-size\">EDITAL DE SUBMISS\u00c3O DE TRABALHOS NOS GTs CICS<\/h2>\n\n\n\n<div data-wp-interactive=\"core\/file\" class=\"wp-block-file\"><object data-wp-bind--hidden=\"!state.hasPdfPreview\" hidden class=\"wp-block-file__embed\" data=\"https:\/\/unifsa.com.br\/cics2023\/wp-content\/uploads\/2023\/05\/1-Edital-de-Submissao-de-Trabalhos-para-GTs-1-CICS-2023.pdf\" type=\"application\/pdf\" style=\"width:100%;height:600px\" aria-label=\"Incorporado de 1-Edital-de-Submissao-de-Trabalhos-para-GTs-1-CICS-2023.\"><\/object><a id=\"wp-block-file--media-577b50d8-6297-4356-b03c-0b272f6c7836\" href=\"https:\/\/unifsa.com.br\/cics2023\/wp-content\/uploads\/2023\/05\/1-Edital-de-Submissao-de-Trabalhos-para-GTs-1-CICS-2023.pdf\">1-Edital-de-Submissao-de-Trabalhos-para-GTs-1-CICS-2023<\/a><a href=\"https:\/\/unifsa.com.br\/cics2023\/wp-content\/uploads\/2023\/05\/1-Edital-de-Submissao-de-Trabalhos-para-GTs-1-CICS-2023.pdf\" class=\"wp-block-file__button wp-element-button\" download aria-describedby=\"wp-block-file--media-577b50d8-6297-4356-b03c-0b272f6c7836\">Baixar<\/a><\/div>\n\n\n\n<h2 class=\"wp-block-heading has-black-color has-cyan-bluish-gray-background-color has-text-color has-background has-medium-font-size\">EDITAL DE SUBMISS\u00c3O DE GRUPO TEM\u00c1TICO<\/h2>\n\n\n\n<p class=\"has-vivid-cyan-blue-color has-text-color\">Caro\/a pesquisador, baixe o Edital de Submiss\u00e3o de GT, bem como o formul\u00e1rio de inscri\u00e7\u00e3o e modelo da proposta de GT, que deve ser encaminhado ao e-mail: cics.cientifico@unifsa.com.br<\/p>\n\n\n\n<div class=\"wp-block-buttons is-content-justification-left is-layout-flex wp-container-core-buttons-is-layout-fc4fd283 wp-block-buttons-is-layout-flex\">\n<div class=\"wp-block-button is-style-fill\"><a class=\"wp-block-button__link has-vivid-cyan-blue-background-color has-background wp-element-button\" href=\"https:\/\/unifsa.com.br\/cics2023\/wp-content\/uploads\/2023\/01\/1-Edital-de-Submissao-de-GTS-do-1-CICS.pdf\" target=\"_blank\" rel=\"noreferrer noopener\">E<strong>DITAL <\/strong>DE SUBMISS\u00c3O DE GT<\/a><\/div>\n\n\n\n<div class=\"wp-block-button is-style-fill\"><a class=\"wp-block-button__link has-vivid-cyan-blue-background-color has-background wp-element-button\" href=\"https:\/\/unifsa.com.br\/cics2023\/wp-content\/uploads\/2023\/01\/Formulario-de-submissao-de-GTs-para-o-CICS-1.docx\" target=\"_blank\" rel=\"noreferrer noopener\">FORMUL\u00c1RIO<\/a><\/div>\n\n\n\n<div class=\"wp-block-button is-style-fill\"><a class=\"wp-block-button__link has-vivid-cyan-blue-background-color has-background wp-element-button\" href=\"https:\/\/unifsa.com.br\/cics2023\/wp-content\/uploads\/2023\/01\/MODELO-PROPOSTA-SUBMISSAO-DE-GT-CICS-1-1.docx\" target=\"_blank\" rel=\"noreferrer noopener\">MODELO PROPOSTA GT<\/a><\/div>\n<\/div>\n\n\n\n<p><\/p>\n\n\n\n<div data-wp-interactive=\"core\/file\" class=\"wp-block-file\"><object data-wp-bind--hidden=\"!state.hasPdfPreview\" hidden class=\"wp-block-file__embed\" data=\"https:\/\/unifsa.com.br\/cics2023\/wp-content\/uploads\/2023\/01\/1-Edital-de-Submissao-de-GTS-do-1-CICS-2.pdf\" type=\"application\/pdf\" style=\"width:100%;height:600px\" aria-label=\"Incorporado de 1-Edital-de-Submissao-de-GTS-do-1-CICS-2.\"><\/object><a id=\"wp-block-file--media-074e2029-49ad-4210-a3ce-f09dd88717d7\" href=\"https:\/\/unifsa.com.br\/cics2023\/wp-content\/uploads\/2023\/01\/1-Edital-de-Submissao-de-GTS-do-1-CICS-2.pdf\">1-Edital-de-Submissao-de-GTS-do-1-CICS-2<\/a><a href=\"https:\/\/unifsa.com.br\/cics2023\/wp-content\/uploads\/2023\/01\/1-Edital-de-Submissao-de-GTS-do-1-CICS-2.pdf\" class=\"wp-block-file__button wp-element-button\" download aria-describedby=\"wp-block-file--media-074e2029-49ad-4210-a3ce-f09dd88717d7\">Baixar<\/a><\/div>\n\n\n\n<p>Caro\/a pesquisador, baixe o Edital de Submiss\u00e3o de GT (acima), bem como o formul\u00e1rio de inscri\u00e7\u00e3o e modelo da proposta de GT, que deve ser encaminhado ao e-mail: cics.cientifico@unifsa.com.br, considerando o prazo de prorroga\u00e7\u00e3o estabelecido para 13\/03\/23.<\/p>\n\n\n\n<h2 class=\"wp-block-heading has-black-color has-cyan-bluish-gray-background-color has-text-color has-background has-medium-font-size\">PRORROGA\u00c7\u00c3O SUBMISS\u00c3O DE GRUPO TEM\u00c1TICO &#8211; AT\u00c9 13 DE MAR\u00c7O\/23<\/h2>\n\n\n\n<div data-wp-interactive=\"core\/file\" class=\"wp-block-file\"><object data-wp-bind--hidden=\"!state.hasPdfPreview\" hidden class=\"wp-block-file__embed\" data=\"https:\/\/unifsa.com.br\/cics2023\/wp-content\/uploads\/2023\/03\/1.1-Edital-de-Submissao-GTS-Prorrogacao-2.pdf\" type=\"application\/pdf\" style=\"width:100%;height:600px\" aria-label=\"Incorporado de 1.1-Edital-de-Submissao-GTS-Prorrogacao-2.\"><\/object><a id=\"wp-block-file--media-ed2f4dcd-4ff4-4239-80fd-3171470fd335\" href=\"https:\/\/unifsa.com.br\/cics2023\/wp-content\/uploads\/2023\/03\/1.1-Edital-de-Submissao-GTS-Prorrogacao-2.pdf\">1.1-Edital-de-Submissao-GTS-Prorrogacao-2<\/a><a href=\"https:\/\/unifsa.com.br\/cics2023\/wp-content\/uploads\/2023\/03\/1.1-Edital-de-Submissao-GTS-Prorrogacao-2.pdf\" class=\"wp-block-file__button wp-element-button\" download aria-describedby=\"wp-block-file--media-ed2f4dcd-4ff4-4239-80fd-3171470fd335\">Baixar<\/a><\/div>\n\n\n\n<p><\/p>\n\n\n\n<h2 class=\"wp-block-heading has-black-color has-cyan-bluish-gray-background-color has-text-color has-background has-medium-font-size\">EDITAL DE SELE\u00c7\u00c3O DE MONITORES CICS<\/h2>\n\n\n\n<p class=\"has-vivid-cyan-blue-color has-text-color\">Caro\/a discente, baixe o Edital de Sele\u00e7\u00e3o de Monitores do CICS e preencha o formul\u00e1rio de inscri\u00e7\u00e3o<\/p>\n\n\n\n<div data-wp-interactive=\"core\/file\" class=\"wp-block-file\"><object data-wp-bind--hidden=\"!state.hasPdfPreview\" hidden class=\"wp-block-file__embed\" data=\"https:\/\/unifsa.com.br\/cics2023\/wp-content\/uploads\/2023\/02\/1-EDITAL-MONITOR-1-CICS-2023.pdf\" type=\"application\/pdf\" style=\"width:100%;height:600px\" aria-label=\"Incorporado de 1-EDITAL-MONITOR-1-CICS-2023.\"><\/object><a id=\"wp-block-file--media-c7283a55-47f0-4f17-b9f1-c7cc4fe88d38\" href=\"https:\/\/unifsa.com.br\/cics2023\/wp-content\/uploads\/2023\/02\/1-EDITAL-MONITOR-1-CICS-2023.pdf\">1-EDITAL-MONITOR-1-CICS-2023<\/a><a href=\"https:\/\/unifsa.com.br\/cics2023\/wp-content\/uploads\/2023\/02\/1-EDITAL-MONITOR-1-CICS-2023.pdf\" class=\"wp-block-file__button wp-element-button\" download aria-describedby=\"wp-block-file--media-c7283a55-47f0-4f17-b9f1-c7cc4fe88d38\">Baixar<\/a><\/div>\n\n\n\n<div class=\"wp-block-buttons is-layout-flex wp-block-buttons-is-layout-flex\">\n<div class=\"wp-block-button\"><a class=\"wp-block-button__link has-white-color has-vivid-cyan-blue-background-color has-text-color has-background wp-element-button\" href=\"https:\/\/forms.office.com\/Pages\/ResponsePage.aspx?id=KqomXUyH80S3ogfKCG9OnldeHsuCRGpCkhL-Ev-xfrpUQUJIMjBYOVZVMUdSSjBYMzQ1VVBVTzI3VC4u\" target=\"_blank\" rel=\"noreferrer noopener\"><strong>Formul\u00e1rio de Inscri\u00e7\u00e3o na Sele\u00e7\u00e3o de Monitores para o CICS<\/strong><\/a><\/div>\n<\/div>\n","protected":false},"excerpt":{"rendered":"<p>EDITAL DE LAN\u00c7AMENTO DE LIVROS, REVISTAS\/PERI\u00d3DICOS E E-BOOKS Publica\u00e7\u00e3o prevista para o dia 14 setembro. Aguarde. EDITAL DE PRORROGA\u00c7\u00c3O DE SUBMISS\u00c3O DE TRABALHOS NOS GTs CICS TEMPLATES Baixe aqui os templates do CICS TEMPLATE DE SUBMISS\u00c3O TEMPLATE DE APRESENTA\u00c7\u00c3O \/ GTS CICS EDITAL DE SUBMISS\u00c3O DE TRABALHOS NOS GTs CICS EDITAL DE SUBMISS\u00c3O DE GRUPO [&hellip;]<\/p>\n","protected":false},"author":2,"featured_media":0,"parent":0,"menu_order":0,"comment_status":"closed","ping_status":"closed","template":"","meta":{"footnotes":""},"class_list":["post-228","page","type-page","status-publish","hentry"],"acf":[],"yoast_head":"<!-- This site is optimized with the Yoast SEO plugin v24.3 - https:\/\/yoast.com\/wordpress\/plugins\/seo\/ -->\n<title>Editais - 1\u00ba CICS | Edi\u00e7\u00e3o 2023<\/title>\n<meta name=\"robots\" content=\"index, follow, max-snippet:-1, max-image-preview:large, max-video-preview:-1\" \/>\n<link rel=\"canonical\" href=\"https:\/\/unifsa.com.br\/cics2023\/editais\/\" \/>\n<meta property=\"og:locale\" content=\"pt_BR\" \/>\n<meta property=\"og:type\" content=\"article\" \/>\n<meta property=\"og:title\" content=\"Editais - 1\u00ba CICS | Edi\u00e7\u00e3o 2023\" \/>\n<meta property=\"og:description\" content=\"EDITAL DE LAN\u00c7AMENTO DE LIVROS, REVISTAS\/PERI\u00d3DICOS E E-BOOKS Publica\u00e7\u00e3o prevista para o dia 14 setembro. Aguarde. EDITAL DE PRORROGA\u00c7\u00c3O DE SUBMISS\u00c3O DE TRABALHOS NOS GTs CICS TEMPLATES Baixe aqui os templates do CICS TEMPLATE DE SUBMISS\u00c3O TEMPLATE DE APRESENTA\u00c7\u00c3O \/ GTS CICS EDITAL DE SUBMISS\u00c3O DE TRABALHOS NOS GTs CICS EDITAL DE SUBMISS\u00c3O DE GRUPO [&hellip;]\" \/>\n<meta property=\"og:url\" content=\"https:\/\/unifsa.com.br\/cics2023\/editais\/\" \/>\n<meta property=\"og:site_name\" content=\"1\u00ba CICS | Edi\u00e7\u00e3o 2023\" \/>\n<meta property=\"article:publisher\" content=\"https:\/\/unifsa.com.br\/cics2023\/a-conferencia\/\" \/>\n<meta property=\"article:modified_time\" content=\"2023-09-15T17:17:22+00:00\" \/>\n<meta property=\"og:image\" content=\"https:\/\/unifsa.com.br\/cics2023\/wp-content\/uploads\/2023\/01\/logomarca-cics.fw_.png\" \/>\n\t<meta property=\"og:image:width\" content=\"678\" \/>\n\t<meta property=\"og:image:height\" content=\"418\" \/>\n\t<meta property=\"og:image:type\" content=\"image\/png\" \/>\n<meta name=\"twitter:card\" content=\"summary_large_image\" \/>\n<meta name=\"twitter:label1\" content=\"Est. tempo de leitura\" \/>\n\t<meta name=\"twitter:data1\" content=\"2 minutos\" \/>\n<script type=\"application\/ld+json\" class=\"yoast-schema-graph\">{\"@context\":\"https:\/\/schema.org\",\"@graph\":[{\"@type\":\"WebPage\",\"@id\":\"https:\/\/unifsa.com.br\/cics2023\/editais\/\",\"url\":\"https:\/\/unifsa.com.br\/cics2023\/editais\/\",\"name\":\"Editais - 1\u00ba CICS | Edi\u00e7\u00e3o 2023\",\"isPartOf\":{\"@id\":\"https:\/\/unifsa.com.br\/cics2023\/#website\"},\"datePublished\":\"2021-03-15T15:51:38+00:00\",\"dateModified\":\"2023-09-15T17:17:22+00:00\",\"breadcrumb\":{\"@id\":\"https:\/\/unifsa.com.br\/cics2023\/editais\/#breadcrumb\"},\"inLanguage\":\"pt-BR\",\"potentialAction\":[{\"@type\":\"ReadAction\",\"target\":[\"https:\/\/unifsa.com.br\/cics2023\/editais\/\"]}]},{\"@type\":\"BreadcrumbList\",\"@id\":\"https:\/\/unifsa.com.br\/cics2023\/editais\/#breadcrumb\",\"itemListElement\":[{\"@type\":\"ListItem\",\"position\":1,\"name\":\"In\u00edcio\",\"item\":\"https:\/\/unifsa.com.br\/cics2023\/\"},{\"@type\":\"ListItem\",\"position\":2,\"name\":\"Editais\"}]},{\"@type\":\"WebSite\",\"@id\":\"https:\/\/unifsa.com.br\/cics2023\/#website\",\"url\":\"https:\/\/unifsa.com.br\/cics2023\/\",\"name\":\"1\u00ba CICS | Edi\u00e7\u00e3o 2023\",\"description\":\"Congresso Internaconal Ci\u00eancia e Sociedade\",\"publisher\":{\"@id\":\"https:\/\/unifsa.com.br\/cics2023\/#organization\"},\"alternateName\":\"Congresso Internacional Ci\u00eancia e Sociedade (CICS)\",\"potentialAction\":[{\"@type\":\"SearchAction\",\"target\":{\"@type\":\"EntryPoint\",\"urlTemplate\":\"https:\/\/unifsa.com.br\/cics2023\/?s={search_term_string}\"},\"query-input\":{\"@type\":\"PropertyValueSpecification\",\"valueRequired\":true,\"valueName\":\"search_term_string\"}}],\"inLanguage\":\"pt-BR\"},{\"@type\":\"Organization\",\"@id\":\"https:\/\/unifsa.com.br\/cics2023\/#organization\",\"name\":\"Centro Universit\u00e1rio Santo Agostinho\",\"alternateName\":\"UNIFSA\",\"url\":\"https:\/\/unifsa.com.br\/cics2023\/\",\"logo\":{\"@type\":\"ImageObject\",\"inLanguage\":\"pt-BR\",\"@id\":\"https:\/\/unifsa.com.br\/cics2023\/#\/schema\/logo\/image\/\",\"url\":\"https:\/\/unifsa.com.br\/cics2023\/wp-content\/uploads\/2023\/01\/cisc-logo-login.fw_.png\",\"contentUrl\":\"https:\/\/unifsa.com.br\/cics2023\/wp-content\/uploads\/2023\/01\/cisc-logo-login.fw_.png\",\"width\":350,\"height\":216,\"caption\":\"Centro Universit\u00e1rio Santo Agostinho\"},\"image\":{\"@id\":\"https:\/\/unifsa.com.br\/cics2023\/#\/schema\/logo\/image\/\"},\"sameAs\":[\"https:\/\/unifsa.com.br\/cics2023\/a-conferencia\/\"]}]}<\/script>\n<!-- \/ Yoast SEO plugin. -->","yoast_head_json":{"title":"Editais - 1\u00ba CICS | Edi\u00e7\u00e3o 2023","robots":{"index":"index","follow":"follow","max-snippet":"max-snippet:-1","max-image-preview":"max-image-preview:large","max-video-preview":"max-video-preview:-1"},"canonical":"https:\/\/unifsa.com.br\/cics2023\/editais\/","og_locale":"pt_BR","og_type":"article","og_title":"Editais - 1\u00ba CICS | Edi\u00e7\u00e3o 2023","og_description":"EDITAL DE LAN\u00c7AMENTO DE LIVROS, REVISTAS\/PERI\u00d3DICOS E E-BOOKS Publica\u00e7\u00e3o prevista para o dia 14 setembro. Aguarde. EDITAL DE PRORROGA\u00c7\u00c3O DE SUBMISS\u00c3O DE TRABALHOS NOS GTs CICS TEMPLATES Baixe aqui os templates do CICS TEMPLATE DE SUBMISS\u00c3O TEMPLATE DE APRESENTA\u00c7\u00c3O \/ GTS CICS EDITAL DE SUBMISS\u00c3O DE TRABALHOS NOS GTs CICS EDITAL DE SUBMISS\u00c3O DE GRUPO [&hellip;]","og_url":"https:\/\/unifsa.com.br\/cics2023\/editais\/","og_site_name":"1\u00ba CICS | Edi\u00e7\u00e3o 2023","article_publisher":"https:\/\/unifsa.com.br\/cics2023\/a-conferencia\/","article_modified_time":"2023-09-15T17:17:22+00:00","og_image":[{"width":678,"height":418,"url":"https:\/\/unifsa.com.br\/cics2023\/wp-content\/uploads\/2023\/01\/logomarca-cics.fw_.png","type":"image\/png"}],"twitter_card":"summary_large_image","twitter_misc":{"Est. tempo de leitura":"2 minutos"},"schema":{"@context":"https:\/\/schema.org","@graph":[{"@type":"WebPage","@id":"https:\/\/unifsa.com.br\/cics2023\/editais\/","url":"https:\/\/unifsa.com.br\/cics2023\/editais\/","name":"Editais - 1\u00ba CICS | Edi\u00e7\u00e3o 2023","isPartOf":{"@id":"https:\/\/unifsa.com.br\/cics2023\/#website"},"datePublished":"2021-03-15T15:51:38+00:00","dateModified":"2023-09-15T17:17:22+00:00","breadcrumb":{"@id":"https:\/\/unifsa.com.br\/cics2023\/editais\/#breadcrumb"},"inLanguage":"pt-BR","potentialAction":[{"@type":"ReadAction","target":["https:\/\/unifsa.com.br\/cics2023\/editais\/"]}]},{"@type":"BreadcrumbList","@id":"https:\/\/unifsa.com.br\/cics2023\/editais\/#breadcrumb","itemListElement":[{"@type":"ListItem","position":1,"name":"In\u00edcio","item":"https:\/\/unifsa.com.br\/cics2023\/"},{"@type":"ListItem","position":2,"name":"Editais"}]},{"@type":"WebSite","@id":"https:\/\/unifsa.com.br\/cics2023\/#website","url":"https:\/\/unifsa.com.br\/cics2023\/","name":"1\u00ba CICS | Edi\u00e7\u00e3o 2023","description":"Congresso Internaconal Ci\u00eancia e Sociedade","publisher":{"@id":"https:\/\/unifsa.com.br\/cics2023\/#organization"},"alternateName":"Congresso Internacional Ci\u00eancia e Sociedade (CICS)","potentialAction":[{"@type":"SearchAction","target":{"@type":"EntryPoint","urlTemplate":"https:\/\/unifsa.com.br\/cics2023\/?s={search_term_string}"},"query-input":{"@type":"PropertyValueSpecification","valueRequired":true,"valueName":"search_term_string"}}],"inLanguage":"pt-BR"},{"@type":"Organization","@id":"https:\/\/unifsa.com.br\/cics2023\/#organization","name":"Centro Universit\u00e1rio Santo Agostinho","alternateName":"UNIFSA","url":"https:\/\/unifsa.com.br\/cics2023\/","logo":{"@type":"ImageObject","inLanguage":"pt-BR","@id":"https:\/\/unifsa.com.br\/cics2023\/#\/schema\/logo\/image\/","url":"https:\/\/unifsa.com.br\/cics2023\/wp-content\/uploads\/2023\/01\/cisc-logo-login.fw_.png","contentUrl":"https:\/\/unifsa.com.br\/cics2023\/wp-content\/uploads\/2023\/01\/cisc-logo-login.fw_.png","width":350,"height":216,"caption":"Centro Universit\u00e1rio Santo Agostinho"},"image":{"@id":"https:\/\/unifsa.com.br\/cics2023\/#\/schema\/logo\/image\/"},"sameAs":["https:\/\/unifsa.com.br\/cics2023\/a-conferencia\/"]}]}},"_links":{"self":[{"href":"https:\/\/unifsa.com.br\/cics2023\/wp-json\/wp\/v2\/pages\/228","targetHints":{"allow":["GET"]}}],"collection":[{"href":"https:\/\/unifsa.com.br\/cics2023\/wp-json\/wp\/v2\/pages"}],"about":[{"href":"https:\/\/unifsa.com.br\/cics2023\/wp-json\/wp\/v2\/types\/page"}],"author":[{"embeddable":true,"href":"https:\/\/unifsa.com.br\/cics2023\/wp-json\/wp\/v2\/users\/2"}],"replies":[{"embeddable":true,"href":"https:\/\/unifsa.com.br\/cics2023\/wp-json\/wp\/v2\/comments?post=228"}],"version-history":[{"count":40,"href":"https:\/\/unifsa.com.br\/cics2023\/wp-json\/wp\/v2\/pages\/228\/revisions"}],"predecessor-version":[{"id":2196,"href":"https:\/\/unifsa.com.br\/cics2023\/wp-json\/wp\/v2\/pages\/228\/revisions\/2196"}],"wp:attachment":[{"href":"https:\/\/unifsa.com.br\/cics2023\/wp-json\/wp\/v2\/media?parent=228"}],"curies":[{"name":"wp","href":"https:\/\/api.w.org\/{rel}","templated":true}]}}