{"id":185,"date":"2021-02-25T11:31:09","date_gmt":"2021-02-25T14:31:09","guid":{"rendered":"https:\/\/unifsa.com.br\/cics2023\/?page_id=185"},"modified":"2023-10-30T15:39:20","modified_gmt":"2023-10-30T18:39:20","slug":"comissao-de-captacao-de-recursos","status":"publish","type":"page","link":"https:\/\/unifsa.com.br\/cics2023\/comissao-de-captacao-de-recursos\/","title":{"rendered":"Comiss\u00e3o de Capta\u00e7\u00e3o de Recursos"},"content":{"rendered":"\n<p><strong>MEMBROS<br><\/strong>Ma. Indira Maria\u00a0de\u00a0Melo\u00a0Lira Pereira da Silva<br>Prof. Dr. Alisson Dias Gomes<br>Profa. Dra. Izabel H\u00e9rica Gomes Matias Cronemberger<br>Profa. Ma. Ana Kelma Cunha Gallas<br>Esp. Raimunda de Sousa Gomes<br>Ma. Pen\u00e9lope Maria Melo e Lira <br>Profa. Ma. Joseana Martins Soares de Rodrigues Leit\u00e3o<br>Profa. Dra. Eldelita \u00c1guida Porf\u00edrio Franco<br><br><br><\/p>\n","protected":false},"excerpt":{"rendered":"<p>MEMBROSMa. Indira Maria\u00a0de\u00a0Melo\u00a0Lira Pereira da SilvaProf. Dr. Alisson Dias GomesProfa. Dra. Izabel H\u00e9rica Gomes Matias CronembergerProfa. Ma. Ana Kelma Cunha GallasEsp. Raimunda de Sousa GomesMa. Pen\u00e9lope Maria Melo e Lira Profa. Ma. Joseana Martins Soares de Rodrigues Leit\u00e3oProfa. Dra. Eldelita \u00c1guida Porf\u00edrio Franco<\/p>\n","protected":false},"author":2,"featured_media":0,"parent":0,"menu_order":0,"comment_status":"closed","ping_status":"closed","template":"","meta":{"footnotes":""},"class_list":["post-185","page","type-page","status-publish","hentry"],"acf":[],"yoast_head":"<!-- This site is optimized with the Yoast SEO plugin v24.3 - https:\/\/yoast.com\/wordpress\/plugins\/seo\/ -->\n<title>Comiss\u00e3o de Capta\u00e7\u00e3o de Recursos - 1\u00ba CICS | Edi\u00e7\u00e3o 2023<\/title>\n<meta name=\"robots\" content=\"index, follow, max-snippet:-1, max-image-preview:large, max-video-preview:-1\" \/>\n<link rel=\"canonical\" href=\"https:\/\/unifsa.com.br\/cics2023\/comissao-de-captacao-de-recursos\/\" \/>\n<meta property=\"og:locale\" content=\"pt_BR\" \/>\n<meta property=\"og:type\" content=\"article\" \/>\n<meta property=\"og:title\" content=\"Comiss\u00e3o de Capta\u00e7\u00e3o de Recursos - 1\u00ba CICS | Edi\u00e7\u00e3o 2023\" \/>\n<meta property=\"og:description\" content=\"MEMBROSMa. Indira Maria\u00a0de\u00a0Melo\u00a0Lira Pereira da SilvaProf. Dr. Alisson Dias GomesProfa. Dra. Izabel H\u00e9rica Gomes Matias CronembergerProfa. Ma. Ana Kelma Cunha GallasEsp. Raimunda de Sousa GomesMa. Pen\u00e9lope Maria Melo e Lira Profa. Ma. Joseana Martins Soares de Rodrigues Leit\u00e3oProfa. Dra. Eldelita \u00c1guida Porf\u00edrio Franco\" \/>\n<meta property=\"og:url\" content=\"https:\/\/unifsa.com.br\/cics2023\/comissao-de-captacao-de-recursos\/\" \/>\n<meta property=\"og:site_name\" content=\"1\u00ba CICS | Edi\u00e7\u00e3o 2023\" \/>\n<meta property=\"article:publisher\" content=\"https:\/\/unifsa.com.br\/cics2023\/a-conferencia\/\" \/>\n<meta property=\"article:modified_time\" content=\"2023-10-30T18:39:20+00:00\" \/>\n<meta property=\"og:image\" content=\"https:\/\/unifsa.com.br\/cics2023\/wp-content\/uploads\/2023\/01\/logomarca-cics.fw_.png\" \/>\n\t<meta property=\"og:image:width\" content=\"678\" \/>\n\t<meta property=\"og:image:height\" content=\"418\" \/>\n\t<meta property=\"og:image:type\" content=\"image\/png\" \/>\n<meta name=\"twitter:card\" content=\"summary_large_image\" \/>\n<meta name=\"twitter:label1\" content=\"Est. tempo de leitura\" \/>\n\t<meta name=\"twitter:data1\" content=\"1 minuto\" \/>\n<script type=\"application\/ld+json\" class=\"yoast-schema-graph\">{\"@context\":\"https:\/\/schema.org\",\"@graph\":[{\"@type\":\"WebPage\",\"@id\":\"https:\/\/unifsa.com.br\/cics2023\/comissao-de-captacao-de-recursos\/\",\"url\":\"https:\/\/unifsa.com.br\/cics2023\/comissao-de-captacao-de-recursos\/\",\"name\":\"Comiss\u00e3o de Capta\u00e7\u00e3o de Recursos - 1\u00ba CICS | Edi\u00e7\u00e3o 2023\",\"isPartOf\":{\"@id\":\"https:\/\/unifsa.com.br\/cics2023\/#website\"},\"datePublished\":\"2021-02-25T14:31:09+00:00\",\"dateModified\":\"2023-10-30T18:39:20+00:00\",\"breadcrumb\":{\"@id\":\"https:\/\/unifsa.com.br\/cics2023\/comissao-de-captacao-de-recursos\/#breadcrumb\"},\"inLanguage\":\"pt-BR\",\"potentialAction\":[{\"@type\":\"ReadAction\",\"target\":[\"https:\/\/unifsa.com.br\/cics2023\/comissao-de-captacao-de-recursos\/\"]}]},{\"@type\":\"BreadcrumbList\",\"@id\":\"https:\/\/unifsa.com.br\/cics2023\/comissao-de-captacao-de-recursos\/#breadcrumb\",\"itemListElement\":[{\"@type\":\"ListItem\",\"position\":1,\"name\":\"In\u00edcio\",\"item\":\"https:\/\/unifsa.com.br\/cics2023\/\"},{\"@type\":\"ListItem\",\"position\":2,\"name\":\"Comiss\u00e3o de Capta\u00e7\u00e3o de Recursos\"}]},{\"@type\":\"WebSite\",\"@id\":\"https:\/\/unifsa.com.br\/cics2023\/#website\",\"url\":\"https:\/\/unifsa.com.br\/cics2023\/\",\"name\":\"1\u00ba CICS | Edi\u00e7\u00e3o 2023\",\"description\":\"Congresso Internaconal Ci\u00eancia e Sociedade\",\"publisher\":{\"@id\":\"https:\/\/unifsa.com.br\/cics2023\/#organization\"},\"alternateName\":\"Congresso Internacional Ci\u00eancia e Sociedade (CICS)\",\"potentialAction\":[{\"@type\":\"SearchAction\",\"target\":{\"@type\":\"EntryPoint\",\"urlTemplate\":\"https:\/\/unifsa.com.br\/cics2023\/?s={search_term_string}\"},\"query-input\":{\"@type\":\"PropertyValueSpecification\",\"valueRequired\":true,\"valueName\":\"search_term_string\"}}],\"inLanguage\":\"pt-BR\"},{\"@type\":\"Organization\",\"@id\":\"https:\/\/unifsa.com.br\/cics2023\/#organization\",\"name\":\"Centro Universit\u00e1rio Santo Agostinho\",\"alternateName\":\"UNIFSA\",\"url\":\"https:\/\/unifsa.com.br\/cics2023\/\",\"logo\":{\"@type\":\"ImageObject\",\"inLanguage\":\"pt-BR\",\"@id\":\"https:\/\/unifsa.com.br\/cics2023\/#\/schema\/logo\/image\/\",\"url\":\"https:\/\/unifsa.com.br\/cics2023\/wp-content\/uploads\/2023\/01\/cisc-logo-login.fw_.png\",\"contentUrl\":\"https:\/\/unifsa.com.br\/cics2023\/wp-content\/uploads\/2023\/01\/cisc-logo-login.fw_.png\",\"width\":350,\"height\":216,\"caption\":\"Centro Universit\u00e1rio Santo Agostinho\"},\"image\":{\"@id\":\"https:\/\/unifsa.com.br\/cics2023\/#\/schema\/logo\/image\/\"},\"sameAs\":[\"https:\/\/unifsa.com.br\/cics2023\/a-conferencia\/\"]}]}<\/script>\n<!-- \/ Yoast SEO plugin. -->","yoast_head_json":{"title":"Comiss\u00e3o de Capta\u00e7\u00e3o de Recursos - 1\u00ba CICS | Edi\u00e7\u00e3o 2023","robots":{"index":"index","follow":"follow","max-snippet":"max-snippet:-1","max-image-preview":"max-image-preview:large","max-video-preview":"max-video-preview:-1"},"canonical":"https:\/\/unifsa.com.br\/cics2023\/comissao-de-captacao-de-recursos\/","og_locale":"pt_BR","og_type":"article","og_title":"Comiss\u00e3o de Capta\u00e7\u00e3o de Recursos - 1\u00ba CICS | Edi\u00e7\u00e3o 2023","og_description":"MEMBROSMa. Indira Maria\u00a0de\u00a0Melo\u00a0Lira Pereira da SilvaProf. Dr. Alisson Dias GomesProfa. Dra. Izabel H\u00e9rica Gomes Matias CronembergerProfa. Ma. Ana Kelma Cunha GallasEsp. Raimunda de Sousa GomesMa. Pen\u00e9lope Maria Melo e Lira Profa. Ma. Joseana Martins Soares de Rodrigues Leit\u00e3oProfa. Dra. Eldelita \u00c1guida Porf\u00edrio Franco","og_url":"https:\/\/unifsa.com.br\/cics2023\/comissao-de-captacao-de-recursos\/","og_site_name":"1\u00ba CICS | Edi\u00e7\u00e3o 2023","article_publisher":"https:\/\/unifsa.com.br\/cics2023\/a-conferencia\/","article_modified_time":"2023-10-30T18:39:20+00:00","og_image":[{"width":678,"height":418,"url":"https:\/\/unifsa.com.br\/cics2023\/wp-content\/uploads\/2023\/01\/logomarca-cics.fw_.png","type":"image\/png"}],"twitter_card":"summary_large_image","twitter_misc":{"Est. tempo de leitura":"1 minuto"},"schema":{"@context":"https:\/\/schema.org","@graph":[{"@type":"WebPage","@id":"https:\/\/unifsa.com.br\/cics2023\/comissao-de-captacao-de-recursos\/","url":"https:\/\/unifsa.com.br\/cics2023\/comissao-de-captacao-de-recursos\/","name":"Comiss\u00e3o de Capta\u00e7\u00e3o de Recursos - 1\u00ba CICS | Edi\u00e7\u00e3o 2023","isPartOf":{"@id":"https:\/\/unifsa.com.br\/cics2023\/#website"},"datePublished":"2021-02-25T14:31:09+00:00","dateModified":"2023-10-30T18:39:20+00:00","breadcrumb":{"@id":"https:\/\/unifsa.com.br\/cics2023\/comissao-de-captacao-de-recursos\/#breadcrumb"},"inLanguage":"pt-BR","potentialAction":[{"@type":"ReadAction","target":["https:\/\/unifsa.com.br\/cics2023\/comissao-de-captacao-de-recursos\/"]}]},{"@type":"BreadcrumbList","@id":"https:\/\/unifsa.com.br\/cics2023\/comissao-de-captacao-de-recursos\/#breadcrumb","itemListElement":[{"@type":"ListItem","position":1,"name":"In\u00edcio","item":"https:\/\/unifsa.com.br\/cics2023\/"},{"@type":"ListItem","position":2,"name":"Comiss\u00e3o de Capta\u00e7\u00e3o de Recursos"}]},{"@type":"WebSite","@id":"https:\/\/unifsa.com.br\/cics2023\/#website","url":"https:\/\/unifsa.com.br\/cics2023\/","name":"1\u00ba CICS | Edi\u00e7\u00e3o 2023","description":"Congresso Internaconal Ci\u00eancia e Sociedade","publisher":{"@id":"https:\/\/unifsa.com.br\/cics2023\/#organization"},"alternateName":"Congresso Internacional Ci\u00eancia e Sociedade (CICS)","potentialAction":[{"@type":"SearchAction","target":{"@type":"EntryPoint","urlTemplate":"https:\/\/unifsa.com.br\/cics2023\/?s={search_term_string}"},"query-input":{"@type":"PropertyValueSpecification","valueRequired":true,"valueName":"search_term_string"}}],"inLanguage":"pt-BR"},{"@type":"Organization","@id":"https:\/\/unifsa.com.br\/cics2023\/#organization","name":"Centro Universit\u00e1rio Santo Agostinho","alternateName":"UNIFSA","url":"https:\/\/unifsa.com.br\/cics2023\/","logo":{"@type":"ImageObject","inLanguage":"pt-BR","@id":"https:\/\/unifsa.com.br\/cics2023\/#\/schema\/logo\/image\/","url":"https:\/\/unifsa.com.br\/cics2023\/wp-content\/uploads\/2023\/01\/cisc-logo-login.fw_.png","contentUrl":"https:\/\/unifsa.com.br\/cics2023\/wp-content\/uploads\/2023\/01\/cisc-logo-login.fw_.png","width":350,"height":216,"caption":"Centro Universit\u00e1rio Santo Agostinho"},"image":{"@id":"https:\/\/unifsa.com.br\/cics2023\/#\/schema\/logo\/image\/"},"sameAs":["https:\/\/unifsa.com.br\/cics2023\/a-conferencia\/"]}]}},"_links":{"self":[{"href":"https:\/\/unifsa.com.br\/cics2023\/wp-json\/wp\/v2\/pages\/185","targetHints":{"allow":["GET"]}}],"collection":[{"href":"https:\/\/unifsa.com.br\/cics2023\/wp-json\/wp\/v2\/pages"}],"about":[{"href":"https:\/\/unifsa.com.br\/cics2023\/wp-json\/wp\/v2\/types\/page"}],"author":[{"embeddable":true,"href":"https:\/\/unifsa.com.br\/cics2023\/wp-json\/wp\/v2\/users\/2"}],"replies":[{"embeddable":true,"href":"https:\/\/unifsa.com.br\/cics2023\/wp-json\/wp\/v2\/comments?post=185"}],"version-history":[{"count":13,"href":"https:\/\/unifsa.com.br\/cics2023\/wp-json\/wp\/v2\/pages\/185\/revisions"}],"predecessor-version":[{"id":2413,"href":"https:\/\/unifsa.com.br\/cics2023\/wp-json\/wp\/v2\/pages\/185\/revisions\/2413"}],"wp:attachment":[{"href":"https:\/\/unifsa.com.br\/cics2023\/wp-json\/wp\/v2\/media?parent=185"}],"curies":[{"name":"wp","href":"https:\/\/api.w.org\/{rel}","templated":true}]}}