{"id":181,"date":"2021-02-23T11:16:14","date_gmt":"2021-02-23T14:16:14","guid":{"rendered":"https:\/\/unifsa.com.br\/cics2023\/?page_id=181"},"modified":"2023-10-30T15:25:15","modified_gmt":"2023-10-30T18:25:15","slug":"comissao-de-programacao","status":"publish","type":"page","link":"https:\/\/unifsa.com.br\/cics2023\/comissao-de-programacao\/","title":{"rendered":"Comiss\u00e3o de Programa\u00e7\u00e3o"},"content":{"rendered":"\n<p><strong>COORDENA\u00c7\u00c3O<\/strong><br>Prof. Dr. Alisson Dias Gomes <br><br><strong>MEMBROS<br><\/strong>Profa. Me. Antonieta Lira e Silva<br>Profa. Dra. Izabel Herika Gomes Matias Cronemberger<br>Profa. Me. Ana Kelma Cunha Gallas<br>Prof. Dr. Edj\u00f4fre Coelho de Oliveira<br>Profa. Dra. Eldelita Aguida Porfirio Santos<br>Profa. Dra. Willyane de Andrade Alvarenga<br>Profa. Dra. Ana L\u00edvia Castelo Branco de Oliveira<br>Profa. Dra. Neuza Brito de Ar\u00eaa Le\u00e3o Melo<br>Profa. Ma. Lorena Moura Santana<br>Prof. Dr. Fabr\u00edcio de Farias Carvalho<br>Profa. Dra. Maria Helena Rodrigues Mesquita Britto<br>Profa. Ma. Joseana Martins Soares de Rodrigues Leit\u00e3o<br>Esp. Jordana di Paula dos Santos Sousa<\/p>\n\n\n\n<p><br><\/p>\n","protected":false},"excerpt":{"rendered":"<p>COORDENA\u00c7\u00c3OProf. Dr. Alisson Dias Gomes MEMBROSProfa. Me. Antonieta Lira e SilvaProfa. Dra. Izabel Herika Gomes Matias CronembergerProfa. Me. Ana Kelma Cunha GallasProf. Dr. Edj\u00f4fre Coelho de OliveiraProfa. Dra. Eldelita Aguida Porfirio SantosProfa. Dra. Willyane de Andrade AlvarengaProfa. Dra. Ana L\u00edvia Castelo Branco de OliveiraProfa. Dra. Neuza Brito de Ar\u00eaa Le\u00e3o MeloProfa. Ma. Lorena Moura SantanaProf. [&hellip;]<\/p>\n","protected":false},"author":2,"featured_media":0,"parent":0,"menu_order":0,"comment_status":"closed","ping_status":"closed","template":"","meta":{"footnotes":""},"class_list":["post-181","page","type-page","status-publish","hentry"],"acf":[],"yoast_head":"<!-- This site is optimized with the Yoast SEO plugin v24.3 - https:\/\/yoast.com\/wordpress\/plugins\/seo\/ -->\n<title>Comiss\u00e3o de Programa\u00e7\u00e3o - 1\u00ba CICS | Edi\u00e7\u00e3o 2023<\/title>\n<meta name=\"robots\" content=\"index, follow, max-snippet:-1, max-image-preview:large, max-video-preview:-1\" \/>\n<link rel=\"canonical\" href=\"https:\/\/unifsa.com.br\/cics2023\/comissao-de-programacao\/\" \/>\n<meta property=\"og:locale\" content=\"pt_BR\" \/>\n<meta property=\"og:type\" content=\"article\" \/>\n<meta property=\"og:title\" content=\"Comiss\u00e3o de Programa\u00e7\u00e3o - 1\u00ba CICS | Edi\u00e7\u00e3o 2023\" \/>\n<meta property=\"og:description\" content=\"COORDENA\u00c7\u00c3OProf. Dr. Alisson Dias Gomes MEMBROSProfa. Me. Antonieta Lira e SilvaProfa. Dra. Izabel Herika Gomes Matias CronembergerProfa. Me. Ana Kelma Cunha GallasProf. Dr. Edj\u00f4fre Coelho de OliveiraProfa. Dra. Eldelita Aguida Porfirio SantosProfa. Dra. Willyane de Andrade AlvarengaProfa. Dra. Ana L\u00edvia Castelo Branco de OliveiraProfa. Dra. Neuza Brito de Ar\u00eaa Le\u00e3o MeloProfa. Ma. Lorena Moura SantanaProf. [&hellip;]\" \/>\n<meta property=\"og:url\" content=\"https:\/\/unifsa.com.br\/cics2023\/comissao-de-programacao\/\" \/>\n<meta property=\"og:site_name\" content=\"1\u00ba CICS | Edi\u00e7\u00e3o 2023\" \/>\n<meta property=\"article:publisher\" content=\"https:\/\/unifsa.com.br\/cics2023\/a-conferencia\/\" \/>\n<meta property=\"article:modified_time\" content=\"2023-10-30T18:25:15+00:00\" \/>\n<meta property=\"og:image\" content=\"https:\/\/unifsa.com.br\/cics2023\/wp-content\/uploads\/2023\/01\/logomarca-cics.fw_.png\" \/>\n\t<meta property=\"og:image:width\" content=\"678\" \/>\n\t<meta property=\"og:image:height\" content=\"418\" \/>\n\t<meta property=\"og:image:type\" content=\"image\/png\" \/>\n<meta name=\"twitter:card\" content=\"summary_large_image\" \/>\n<meta name=\"twitter:label1\" content=\"Est. tempo de leitura\" \/>\n\t<meta name=\"twitter:data1\" content=\"1 minuto\" \/>\n<script type=\"application\/ld+json\" class=\"yoast-schema-graph\">{\"@context\":\"https:\/\/schema.org\",\"@graph\":[{\"@type\":\"WebPage\",\"@id\":\"https:\/\/unifsa.com.br\/cics2023\/comissao-de-programacao\/\",\"url\":\"https:\/\/unifsa.com.br\/cics2023\/comissao-de-programacao\/\",\"name\":\"Comiss\u00e3o de Programa\u00e7\u00e3o - 1\u00ba CICS | Edi\u00e7\u00e3o 2023\",\"isPartOf\":{\"@id\":\"https:\/\/unifsa.com.br\/cics2023\/#website\"},\"datePublished\":\"2021-02-23T14:16:14+00:00\",\"dateModified\":\"2023-10-30T18:25:15+00:00\",\"breadcrumb\":{\"@id\":\"https:\/\/unifsa.com.br\/cics2023\/comissao-de-programacao\/#breadcrumb\"},\"inLanguage\":\"pt-BR\",\"potentialAction\":[{\"@type\":\"ReadAction\",\"target\":[\"https:\/\/unifsa.com.br\/cics2023\/comissao-de-programacao\/\"]}]},{\"@type\":\"BreadcrumbList\",\"@id\":\"https:\/\/unifsa.com.br\/cics2023\/comissao-de-programacao\/#breadcrumb\",\"itemListElement\":[{\"@type\":\"ListItem\",\"position\":1,\"name\":\"In\u00edcio\",\"item\":\"https:\/\/unifsa.com.br\/cics2023\/\"},{\"@type\":\"ListItem\",\"position\":2,\"name\":\"Comiss\u00e3o de Programa\u00e7\u00e3o\"}]},{\"@type\":\"WebSite\",\"@id\":\"https:\/\/unifsa.com.br\/cics2023\/#website\",\"url\":\"https:\/\/unifsa.com.br\/cics2023\/\",\"name\":\"1\u00ba CICS | Edi\u00e7\u00e3o 2023\",\"description\":\"Congresso Internaconal Ci\u00eancia e Sociedade\",\"publisher\":{\"@id\":\"https:\/\/unifsa.com.br\/cics2023\/#organization\"},\"alternateName\":\"Congresso Internacional Ci\u00eancia e Sociedade (CICS)\",\"potentialAction\":[{\"@type\":\"SearchAction\",\"target\":{\"@type\":\"EntryPoint\",\"urlTemplate\":\"https:\/\/unifsa.com.br\/cics2023\/?s={search_term_string}\"},\"query-input\":{\"@type\":\"PropertyValueSpecification\",\"valueRequired\":true,\"valueName\":\"search_term_string\"}}],\"inLanguage\":\"pt-BR\"},{\"@type\":\"Organization\",\"@id\":\"https:\/\/unifsa.com.br\/cics2023\/#organization\",\"name\":\"Centro Universit\u00e1rio Santo Agostinho\",\"alternateName\":\"UNIFSA\",\"url\":\"https:\/\/unifsa.com.br\/cics2023\/\",\"logo\":{\"@type\":\"ImageObject\",\"inLanguage\":\"pt-BR\",\"@id\":\"https:\/\/unifsa.com.br\/cics2023\/#\/schema\/logo\/image\/\",\"url\":\"https:\/\/unifsa.com.br\/cics2023\/wp-content\/uploads\/2023\/01\/cisc-logo-login.fw_.png\",\"contentUrl\":\"https:\/\/unifsa.com.br\/cics2023\/wp-content\/uploads\/2023\/01\/cisc-logo-login.fw_.png\",\"width\":350,\"height\":216,\"caption\":\"Centro Universit\u00e1rio Santo Agostinho\"},\"image\":{\"@id\":\"https:\/\/unifsa.com.br\/cics2023\/#\/schema\/logo\/image\/\"},\"sameAs\":[\"https:\/\/unifsa.com.br\/cics2023\/a-conferencia\/\"]}]}<\/script>\n<!-- \/ Yoast SEO plugin. -->","yoast_head_json":{"title":"Comiss\u00e3o de Programa\u00e7\u00e3o - 1\u00ba CICS | Edi\u00e7\u00e3o 2023","robots":{"index":"index","follow":"follow","max-snippet":"max-snippet:-1","max-image-preview":"max-image-preview:large","max-video-preview":"max-video-preview:-1"},"canonical":"https:\/\/unifsa.com.br\/cics2023\/comissao-de-programacao\/","og_locale":"pt_BR","og_type":"article","og_title":"Comiss\u00e3o de Programa\u00e7\u00e3o - 1\u00ba CICS | Edi\u00e7\u00e3o 2023","og_description":"COORDENA\u00c7\u00c3OProf. Dr. Alisson Dias Gomes MEMBROSProfa. Me. Antonieta Lira e SilvaProfa. Dra. Izabel Herika Gomes Matias CronembergerProfa. Me. Ana Kelma Cunha GallasProf. Dr. Edj\u00f4fre Coelho de OliveiraProfa. Dra. Eldelita Aguida Porfirio SantosProfa. Dra. Willyane de Andrade AlvarengaProfa. Dra. Ana L\u00edvia Castelo Branco de OliveiraProfa. Dra. Neuza Brito de Ar\u00eaa Le\u00e3o MeloProfa. Ma. Lorena Moura SantanaProf. [&hellip;]","og_url":"https:\/\/unifsa.com.br\/cics2023\/comissao-de-programacao\/","og_site_name":"1\u00ba CICS | Edi\u00e7\u00e3o 2023","article_publisher":"https:\/\/unifsa.com.br\/cics2023\/a-conferencia\/","article_modified_time":"2023-10-30T18:25:15+00:00","og_image":[{"width":678,"height":418,"url":"https:\/\/unifsa.com.br\/cics2023\/wp-content\/uploads\/2023\/01\/logomarca-cics.fw_.png","type":"image\/png"}],"twitter_card":"summary_large_image","twitter_misc":{"Est. tempo de leitura":"1 minuto"},"schema":{"@context":"https:\/\/schema.org","@graph":[{"@type":"WebPage","@id":"https:\/\/unifsa.com.br\/cics2023\/comissao-de-programacao\/","url":"https:\/\/unifsa.com.br\/cics2023\/comissao-de-programacao\/","name":"Comiss\u00e3o de Programa\u00e7\u00e3o - 1\u00ba CICS | Edi\u00e7\u00e3o 2023","isPartOf":{"@id":"https:\/\/unifsa.com.br\/cics2023\/#website"},"datePublished":"2021-02-23T14:16:14+00:00","dateModified":"2023-10-30T18:25:15+00:00","breadcrumb":{"@id":"https:\/\/unifsa.com.br\/cics2023\/comissao-de-programacao\/#breadcrumb"},"inLanguage":"pt-BR","potentialAction":[{"@type":"ReadAction","target":["https:\/\/unifsa.com.br\/cics2023\/comissao-de-programacao\/"]}]},{"@type":"BreadcrumbList","@id":"https:\/\/unifsa.com.br\/cics2023\/comissao-de-programacao\/#breadcrumb","itemListElement":[{"@type":"ListItem","position":1,"name":"In\u00edcio","item":"https:\/\/unifsa.com.br\/cics2023\/"},{"@type":"ListItem","position":2,"name":"Comiss\u00e3o de Programa\u00e7\u00e3o"}]},{"@type":"WebSite","@id":"https:\/\/unifsa.com.br\/cics2023\/#website","url":"https:\/\/unifsa.com.br\/cics2023\/","name":"1\u00ba CICS | Edi\u00e7\u00e3o 2023","description":"Congresso Internaconal Ci\u00eancia e Sociedade","publisher":{"@id":"https:\/\/unifsa.com.br\/cics2023\/#organization"},"alternateName":"Congresso Internacional Ci\u00eancia e Sociedade (CICS)","potentialAction":[{"@type":"SearchAction","target":{"@type":"EntryPoint","urlTemplate":"https:\/\/unifsa.com.br\/cics2023\/?s={search_term_string}"},"query-input":{"@type":"PropertyValueSpecification","valueRequired":true,"valueName":"search_term_string"}}],"inLanguage":"pt-BR"},{"@type":"Organization","@id":"https:\/\/unifsa.com.br\/cics2023\/#organization","name":"Centro Universit\u00e1rio Santo Agostinho","alternateName":"UNIFSA","url":"https:\/\/unifsa.com.br\/cics2023\/","logo":{"@type":"ImageObject","inLanguage":"pt-BR","@id":"https:\/\/unifsa.com.br\/cics2023\/#\/schema\/logo\/image\/","url":"https:\/\/unifsa.com.br\/cics2023\/wp-content\/uploads\/2023\/01\/cisc-logo-login.fw_.png","contentUrl":"https:\/\/unifsa.com.br\/cics2023\/wp-content\/uploads\/2023\/01\/cisc-logo-login.fw_.png","width":350,"height":216,"caption":"Centro Universit\u00e1rio Santo Agostinho"},"image":{"@id":"https:\/\/unifsa.com.br\/cics2023\/#\/schema\/logo\/image\/"},"sameAs":["https:\/\/unifsa.com.br\/cics2023\/a-conferencia\/"]}]}},"_links":{"self":[{"href":"https:\/\/unifsa.com.br\/cics2023\/wp-json\/wp\/v2\/pages\/181","targetHints":{"allow":["GET"]}}],"collection":[{"href":"https:\/\/unifsa.com.br\/cics2023\/wp-json\/wp\/v2\/pages"}],"about":[{"href":"https:\/\/unifsa.com.br\/cics2023\/wp-json\/wp\/v2\/types\/page"}],"author":[{"embeddable":true,"href":"https:\/\/unifsa.com.br\/cics2023\/wp-json\/wp\/v2\/users\/2"}],"replies":[{"embeddable":true,"href":"https:\/\/unifsa.com.br\/cics2023\/wp-json\/wp\/v2\/comments?post=181"}],"version-history":[{"count":15,"href":"https:\/\/unifsa.com.br\/cics2023\/wp-json\/wp\/v2\/pages\/181\/revisions"}],"predecessor-version":[{"id":2405,"href":"https:\/\/unifsa.com.br\/cics2023\/wp-json\/wp\/v2\/pages\/181\/revisions\/2405"}],"wp:attachment":[{"href":"https:\/\/unifsa.com.br\/cics2023\/wp-json\/wp\/v2\/media?parent=181"}],"curies":[{"name":"wp","href":"https:\/\/api.w.org\/{rel}","templated":true}]}}