{"id":173,"date":"2021-02-22T16:16:19","date_gmt":"2021-02-22T19:16:19","guid":{"rendered":"https:\/\/unifsa.com.br\/cics2023\/?page_id=173"},"modified":"2023-10-30T15:48:33","modified_gmt":"2023-10-30T18:48:33","slug":"comissao-de-comunicacao","status":"publish","type":"page","link":"https:\/\/unifsa.com.br\/cics2023\/comissao-de-comunicacao\/","title":{"rendered":"Comiss\u00e3o de Comunica\u00e7\u00e3o"},"content":{"rendered":"\n<p><strong>COORDENADORA <\/strong><br>Ma. Pen\u00e9lope Maria Melo e Lira<br><br><strong>MEMBROS<\/strong><br>Esp. La\u00eds Maria Matos Barradas <br>Odr\u00e2nio Sousa Rocha<br>Carla Eug\u00eania Lima dos Santos Rocha<br><br><strong>JORNALISTAS<\/strong><br>Oceannyra Kelly da Cruz Silva<br>Estev\u00e3o Leite Cordeiro de Souza <br><br><strong>BOLSISTA CICS<br><\/strong>D\u00e9bora Amorim Pereira da Silva<\/p>\n","protected":false},"excerpt":{"rendered":"<p>COORDENADORA Ma. Pen\u00e9lope Maria Melo e Lira MEMBROSEsp. La\u00eds Maria Matos Barradas Odr\u00e2nio Sousa RochaCarla Eug\u00eania Lima dos Santos Rocha JORNALISTASOceannyra Kelly da Cruz SilvaEstev\u00e3o Leite Cordeiro de Souza BOLSISTA CICSD\u00e9bora Amorim Pereira da Silva<\/p>\n","protected":false},"author":1,"featured_media":0,"parent":0,"menu_order":0,"comment_status":"closed","ping_status":"closed","template":"","meta":{"footnotes":""},"class_list":["post-173","page","type-page","status-publish","hentry"],"acf":[],"yoast_head":"<!-- This site is optimized with the Yoast SEO plugin v24.3 - https:\/\/yoast.com\/wordpress\/plugins\/seo\/ -->\n<title>Comiss\u00e3o de Comunica\u00e7\u00e3o - 1\u00ba CICS | Edi\u00e7\u00e3o 2023<\/title>\n<meta name=\"robots\" content=\"index, follow, max-snippet:-1, max-image-preview:large, max-video-preview:-1\" \/>\n<link rel=\"canonical\" href=\"https:\/\/unifsa.com.br\/cics2023\/comissao-de-comunicacao\/\" \/>\n<meta property=\"og:locale\" content=\"pt_BR\" \/>\n<meta property=\"og:type\" content=\"article\" \/>\n<meta property=\"og:title\" content=\"Comiss\u00e3o de Comunica\u00e7\u00e3o - 1\u00ba CICS | Edi\u00e7\u00e3o 2023\" \/>\n<meta property=\"og:description\" content=\"COORDENADORA Ma. Pen\u00e9lope Maria Melo e Lira MEMBROSEsp. La\u00eds Maria Matos Barradas Odr\u00e2nio Sousa RochaCarla Eug\u00eania Lima dos Santos Rocha JORNALISTASOceannyra Kelly da Cruz SilvaEstev\u00e3o Leite Cordeiro de Souza BOLSISTA CICSD\u00e9bora Amorim Pereira da Silva\" \/>\n<meta property=\"og:url\" content=\"https:\/\/unifsa.com.br\/cics2023\/comissao-de-comunicacao\/\" \/>\n<meta property=\"og:site_name\" content=\"1\u00ba CICS | Edi\u00e7\u00e3o 2023\" \/>\n<meta property=\"article:publisher\" content=\"https:\/\/unifsa.com.br\/cics2023\/a-conferencia\/\" \/>\n<meta property=\"article:modified_time\" content=\"2023-10-30T18:48:33+00:00\" \/>\n<meta property=\"og:image\" content=\"https:\/\/unifsa.com.br\/cics2023\/wp-content\/uploads\/2023\/01\/logomarca-cics.fw_.png\" \/>\n\t<meta property=\"og:image:width\" content=\"678\" \/>\n\t<meta property=\"og:image:height\" content=\"418\" \/>\n\t<meta property=\"og:image:type\" content=\"image\/png\" \/>\n<meta name=\"twitter:card\" content=\"summary_large_image\" \/>\n<meta name=\"twitter:label1\" content=\"Est. tempo de leitura\" \/>\n\t<meta name=\"twitter:data1\" content=\"1 minuto\" \/>\n<script type=\"application\/ld+json\" class=\"yoast-schema-graph\">{\"@context\":\"https:\/\/schema.org\",\"@graph\":[{\"@type\":\"WebPage\",\"@id\":\"https:\/\/unifsa.com.br\/cics2023\/comissao-de-comunicacao\/\",\"url\":\"https:\/\/unifsa.com.br\/cics2023\/comissao-de-comunicacao\/\",\"name\":\"Comiss\u00e3o de Comunica\u00e7\u00e3o - 1\u00ba CICS | Edi\u00e7\u00e3o 2023\",\"isPartOf\":{\"@id\":\"https:\/\/unifsa.com.br\/cics2023\/#website\"},\"datePublished\":\"2021-02-22T19:16:19+00:00\",\"dateModified\":\"2023-10-30T18:48:33+00:00\",\"breadcrumb\":{\"@id\":\"https:\/\/unifsa.com.br\/cics2023\/comissao-de-comunicacao\/#breadcrumb\"},\"inLanguage\":\"pt-BR\",\"potentialAction\":[{\"@type\":\"ReadAction\",\"target\":[\"https:\/\/unifsa.com.br\/cics2023\/comissao-de-comunicacao\/\"]}]},{\"@type\":\"BreadcrumbList\",\"@id\":\"https:\/\/unifsa.com.br\/cics2023\/comissao-de-comunicacao\/#breadcrumb\",\"itemListElement\":[{\"@type\":\"ListItem\",\"position\":1,\"name\":\"In\u00edcio\",\"item\":\"https:\/\/unifsa.com.br\/cics2023\/\"},{\"@type\":\"ListItem\",\"position\":2,\"name\":\"Comiss\u00e3o de Comunica\u00e7\u00e3o\"}]},{\"@type\":\"WebSite\",\"@id\":\"https:\/\/unifsa.com.br\/cics2023\/#website\",\"url\":\"https:\/\/unifsa.com.br\/cics2023\/\",\"name\":\"1\u00ba CICS | Edi\u00e7\u00e3o 2023\",\"description\":\"Congresso Internaconal Ci\u00eancia e Sociedade\",\"publisher\":{\"@id\":\"https:\/\/unifsa.com.br\/cics2023\/#organization\"},\"alternateName\":\"Congresso Internacional Ci\u00eancia e Sociedade (CICS)\",\"potentialAction\":[{\"@type\":\"SearchAction\",\"target\":{\"@type\":\"EntryPoint\",\"urlTemplate\":\"https:\/\/unifsa.com.br\/cics2023\/?s={search_term_string}\"},\"query-input\":{\"@type\":\"PropertyValueSpecification\",\"valueRequired\":true,\"valueName\":\"search_term_string\"}}],\"inLanguage\":\"pt-BR\"},{\"@type\":\"Organization\",\"@id\":\"https:\/\/unifsa.com.br\/cics2023\/#organization\",\"name\":\"Centro Universit\u00e1rio Santo Agostinho\",\"alternateName\":\"UNIFSA\",\"url\":\"https:\/\/unifsa.com.br\/cics2023\/\",\"logo\":{\"@type\":\"ImageObject\",\"inLanguage\":\"pt-BR\",\"@id\":\"https:\/\/unifsa.com.br\/cics2023\/#\/schema\/logo\/image\/\",\"url\":\"https:\/\/unifsa.com.br\/cics2023\/wp-content\/uploads\/2023\/01\/cisc-logo-login.fw_.png\",\"contentUrl\":\"https:\/\/unifsa.com.br\/cics2023\/wp-content\/uploads\/2023\/01\/cisc-logo-login.fw_.png\",\"width\":350,\"height\":216,\"caption\":\"Centro Universit\u00e1rio Santo Agostinho\"},\"image\":{\"@id\":\"https:\/\/unifsa.com.br\/cics2023\/#\/schema\/logo\/image\/\"},\"sameAs\":[\"https:\/\/unifsa.com.br\/cics2023\/a-conferencia\/\"]}]}<\/script>\n<!-- \/ Yoast SEO plugin. -->","yoast_head_json":{"title":"Comiss\u00e3o de Comunica\u00e7\u00e3o - 1\u00ba CICS | Edi\u00e7\u00e3o 2023","robots":{"index":"index","follow":"follow","max-snippet":"max-snippet:-1","max-image-preview":"max-image-preview:large","max-video-preview":"max-video-preview:-1"},"canonical":"https:\/\/unifsa.com.br\/cics2023\/comissao-de-comunicacao\/","og_locale":"pt_BR","og_type":"article","og_title":"Comiss\u00e3o de Comunica\u00e7\u00e3o - 1\u00ba CICS | Edi\u00e7\u00e3o 2023","og_description":"COORDENADORA Ma. Pen\u00e9lope Maria Melo e Lira MEMBROSEsp. La\u00eds Maria Matos Barradas Odr\u00e2nio Sousa RochaCarla Eug\u00eania Lima dos Santos Rocha JORNALISTASOceannyra Kelly da Cruz SilvaEstev\u00e3o Leite Cordeiro de Souza BOLSISTA CICSD\u00e9bora Amorim Pereira da Silva","og_url":"https:\/\/unifsa.com.br\/cics2023\/comissao-de-comunicacao\/","og_site_name":"1\u00ba CICS | Edi\u00e7\u00e3o 2023","article_publisher":"https:\/\/unifsa.com.br\/cics2023\/a-conferencia\/","article_modified_time":"2023-10-30T18:48:33+00:00","og_image":[{"width":678,"height":418,"url":"https:\/\/unifsa.com.br\/cics2023\/wp-content\/uploads\/2023\/01\/logomarca-cics.fw_.png","type":"image\/png"}],"twitter_card":"summary_large_image","twitter_misc":{"Est. tempo de leitura":"1 minuto"},"schema":{"@context":"https:\/\/schema.org","@graph":[{"@type":"WebPage","@id":"https:\/\/unifsa.com.br\/cics2023\/comissao-de-comunicacao\/","url":"https:\/\/unifsa.com.br\/cics2023\/comissao-de-comunicacao\/","name":"Comiss\u00e3o de Comunica\u00e7\u00e3o - 1\u00ba CICS | Edi\u00e7\u00e3o 2023","isPartOf":{"@id":"https:\/\/unifsa.com.br\/cics2023\/#website"},"datePublished":"2021-02-22T19:16:19+00:00","dateModified":"2023-10-30T18:48:33+00:00","breadcrumb":{"@id":"https:\/\/unifsa.com.br\/cics2023\/comissao-de-comunicacao\/#breadcrumb"},"inLanguage":"pt-BR","potentialAction":[{"@type":"ReadAction","target":["https:\/\/unifsa.com.br\/cics2023\/comissao-de-comunicacao\/"]}]},{"@type":"BreadcrumbList","@id":"https:\/\/unifsa.com.br\/cics2023\/comissao-de-comunicacao\/#breadcrumb","itemListElement":[{"@type":"ListItem","position":1,"name":"In\u00edcio","item":"https:\/\/unifsa.com.br\/cics2023\/"},{"@type":"ListItem","position":2,"name":"Comiss\u00e3o de Comunica\u00e7\u00e3o"}]},{"@type":"WebSite","@id":"https:\/\/unifsa.com.br\/cics2023\/#website","url":"https:\/\/unifsa.com.br\/cics2023\/","name":"1\u00ba CICS | Edi\u00e7\u00e3o 2023","description":"Congresso Internaconal Ci\u00eancia e Sociedade","publisher":{"@id":"https:\/\/unifsa.com.br\/cics2023\/#organization"},"alternateName":"Congresso Internacional Ci\u00eancia e Sociedade (CICS)","potentialAction":[{"@type":"SearchAction","target":{"@type":"EntryPoint","urlTemplate":"https:\/\/unifsa.com.br\/cics2023\/?s={search_term_string}"},"query-input":{"@type":"PropertyValueSpecification","valueRequired":true,"valueName":"search_term_string"}}],"inLanguage":"pt-BR"},{"@type":"Organization","@id":"https:\/\/unifsa.com.br\/cics2023\/#organization","name":"Centro Universit\u00e1rio Santo Agostinho","alternateName":"UNIFSA","url":"https:\/\/unifsa.com.br\/cics2023\/","logo":{"@type":"ImageObject","inLanguage":"pt-BR","@id":"https:\/\/unifsa.com.br\/cics2023\/#\/schema\/logo\/image\/","url":"https:\/\/unifsa.com.br\/cics2023\/wp-content\/uploads\/2023\/01\/cisc-logo-login.fw_.png","contentUrl":"https:\/\/unifsa.com.br\/cics2023\/wp-content\/uploads\/2023\/01\/cisc-logo-login.fw_.png","width":350,"height":216,"caption":"Centro Universit\u00e1rio Santo Agostinho"},"image":{"@id":"https:\/\/unifsa.com.br\/cics2023\/#\/schema\/logo\/image\/"},"sameAs":["https:\/\/unifsa.com.br\/cics2023\/a-conferencia\/"]}]}},"_links":{"self":[{"href":"https:\/\/unifsa.com.br\/cics2023\/wp-json\/wp\/v2\/pages\/173","targetHints":{"allow":["GET"]}}],"collection":[{"href":"https:\/\/unifsa.com.br\/cics2023\/wp-json\/wp\/v2\/pages"}],"about":[{"href":"https:\/\/unifsa.com.br\/cics2023\/wp-json\/wp\/v2\/types\/page"}],"author":[{"embeddable":true,"href":"https:\/\/unifsa.com.br\/cics2023\/wp-json\/wp\/v2\/users\/1"}],"replies":[{"embeddable":true,"href":"https:\/\/unifsa.com.br\/cics2023\/wp-json\/wp\/v2\/comments?post=173"}],"version-history":[{"count":22,"href":"https:\/\/unifsa.com.br\/cics2023\/wp-json\/wp\/v2\/pages\/173\/revisions"}],"predecessor-version":[{"id":2416,"href":"https:\/\/unifsa.com.br\/cics2023\/wp-json\/wp\/v2\/pages\/173\/revisions\/2416"}],"wp:attachment":[{"href":"https:\/\/unifsa.com.br\/cics2023\/wp-json\/wp\/v2\/media?parent=173"}],"curies":[{"name":"wp","href":"https:\/\/api.w.org\/{rel}","templated":true}]}}