{"id":136,"date":"2021-02-18T10:27:13","date_gmt":"2021-02-18T13:27:13","guid":{"rendered":"https:\/\/unifsa.com.br\/cics2023\/?page_id=136"},"modified":"2023-10-30T15:20:29","modified_gmt":"2023-10-30T18:20:29","slug":"coordenacao-geral","status":"publish","type":"page","link":"https:\/\/unifsa.com.br\/cics2023\/coordenacao-geral\/","title":{"rendered":"Coordena\u00e7\u00e3o Geral"},"content":{"rendered":"\n<p><strong>PRESIDENTA DA COMISS\u00c3O ORGANIZADORA<\/strong><br>Profa. Ma. Antonieta Lira e Silva<br><br><strong>COORDENA\u00c7\u00c3O GERAL<\/strong><br>Prof. Dr. Alisson Dias Gomes<br>Profa. Dra. Izabel Herika Gomes Matias Cronemberger<br>Profa. Me. Ana Kelma Cunha Gallas<br><br><strong>MEMBROS<br><\/strong>Prof. Dr. Edj\u00f4fre Coelho de Oliveira<br>Profa. Esp. Roberta Mara Ara\u00fajo Oliveira<br>Ma. Indira Maria de Melo Lira Pereira da Silva<br><br><strong>EQUIPE T\u00c9CNICA<\/strong><br>Ma. Pen\u00e9lope Maria Melo e Lira<br>Esp. Polyana Fabiene Rodrigues de Sousa Alc\u00e2ntara<br>Esp. La\u00eds Maria Matos Barradas<br>Esp. Raimunda de Souza Gomes<br>Bela. Mariana do Nascimento Lopes<br>Profa. Dra. Eldelita \u00c1guida Porf\u00edrio Franco<\/p>\n\n\n\n<p><br><br><\/p>\n","protected":false},"excerpt":{"rendered":"<p>PRESIDENTA DA COMISS\u00c3O ORGANIZADORAProfa. Ma. Antonieta Lira e Silva COORDENA\u00c7\u00c3O GERALProf. Dr. Alisson Dias GomesProfa. Dra. Izabel Herika Gomes Matias CronembergerProfa. Me. Ana Kelma Cunha Gallas MEMBROSProf. Dr. Edj\u00f4fre Coelho de OliveiraProfa. Esp. Roberta Mara Ara\u00fajo OliveiraMa. Indira Maria de Melo Lira Pereira da Silva EQUIPE T\u00c9CNICAMa. Pen\u00e9lope Maria Melo e LiraEsp. Polyana Fabiene Rodrigues [&hellip;]<\/p>\n","protected":false},"author":1,"featured_media":0,"parent":0,"menu_order":0,"comment_status":"closed","ping_status":"closed","template":"","meta":{"footnotes":""},"class_list":["post-136","page","type-page","status-publish","hentry"],"acf":[],"yoast_head":"<!-- This site is optimized with the Yoast SEO plugin v24.3 - https:\/\/yoast.com\/wordpress\/plugins\/seo\/ -->\n<title>Coordena\u00e7\u00e3o Geral - 1\u00ba CICS | Edi\u00e7\u00e3o 2023<\/title>\n<meta name=\"robots\" content=\"index, follow, max-snippet:-1, max-image-preview:large, max-video-preview:-1\" \/>\n<link rel=\"canonical\" href=\"https:\/\/unifsa.com.br\/cics2023\/coordenacao-geral\/\" \/>\n<meta property=\"og:locale\" content=\"pt_BR\" \/>\n<meta property=\"og:type\" content=\"article\" \/>\n<meta property=\"og:title\" content=\"Coordena\u00e7\u00e3o Geral - 1\u00ba CICS | Edi\u00e7\u00e3o 2023\" \/>\n<meta property=\"og:description\" content=\"PRESIDENTA DA COMISS\u00c3O ORGANIZADORAProfa. Ma. Antonieta Lira e Silva COORDENA\u00c7\u00c3O GERALProf. Dr. Alisson Dias GomesProfa. Dra. Izabel Herika Gomes Matias CronembergerProfa. Me. Ana Kelma Cunha Gallas MEMBROSProf. Dr. Edj\u00f4fre Coelho de OliveiraProfa. Esp. Roberta Mara Ara\u00fajo OliveiraMa. Indira Maria de Melo Lira Pereira da Silva EQUIPE T\u00c9CNICAMa. Pen\u00e9lope Maria Melo e LiraEsp. Polyana Fabiene Rodrigues [&hellip;]\" \/>\n<meta property=\"og:url\" content=\"https:\/\/unifsa.com.br\/cics2023\/coordenacao-geral\/\" \/>\n<meta property=\"og:site_name\" content=\"1\u00ba CICS | Edi\u00e7\u00e3o 2023\" \/>\n<meta property=\"article:publisher\" content=\"https:\/\/unifsa.com.br\/cics2023\/a-conferencia\/\" \/>\n<meta property=\"article:modified_time\" content=\"2023-10-30T18:20:29+00:00\" \/>\n<meta property=\"og:image\" content=\"https:\/\/unifsa.com.br\/cics2023\/wp-content\/uploads\/2023\/01\/logomarca-cics.fw_.png\" \/>\n\t<meta property=\"og:image:width\" content=\"678\" \/>\n\t<meta property=\"og:image:height\" content=\"418\" \/>\n\t<meta property=\"og:image:type\" content=\"image\/png\" \/>\n<meta name=\"twitter:card\" content=\"summary_large_image\" \/>\n<meta name=\"twitter:label1\" content=\"Est. tempo de leitura\" \/>\n\t<meta name=\"twitter:data1\" content=\"1 minuto\" \/>\n<script type=\"application\/ld+json\" class=\"yoast-schema-graph\">{\"@context\":\"https:\/\/schema.org\",\"@graph\":[{\"@type\":\"WebPage\",\"@id\":\"https:\/\/unifsa.com.br\/cics2023\/coordenacao-geral\/\",\"url\":\"https:\/\/unifsa.com.br\/cics2023\/coordenacao-geral\/\",\"name\":\"Coordena\u00e7\u00e3o Geral - 1\u00ba CICS | Edi\u00e7\u00e3o 2023\",\"isPartOf\":{\"@id\":\"https:\/\/unifsa.com.br\/cics2023\/#website\"},\"datePublished\":\"2021-02-18T13:27:13+00:00\",\"dateModified\":\"2023-10-30T18:20:29+00:00\",\"breadcrumb\":{\"@id\":\"https:\/\/unifsa.com.br\/cics2023\/coordenacao-geral\/#breadcrumb\"},\"inLanguage\":\"pt-BR\",\"potentialAction\":[{\"@type\":\"ReadAction\",\"target\":[\"https:\/\/unifsa.com.br\/cics2023\/coordenacao-geral\/\"]}]},{\"@type\":\"BreadcrumbList\",\"@id\":\"https:\/\/unifsa.com.br\/cics2023\/coordenacao-geral\/#breadcrumb\",\"itemListElement\":[{\"@type\":\"ListItem\",\"position\":1,\"name\":\"In\u00edcio\",\"item\":\"https:\/\/unifsa.com.br\/cics2023\/\"},{\"@type\":\"ListItem\",\"position\":2,\"name\":\"Coordena\u00e7\u00e3o Geral\"}]},{\"@type\":\"WebSite\",\"@id\":\"https:\/\/unifsa.com.br\/cics2023\/#website\",\"url\":\"https:\/\/unifsa.com.br\/cics2023\/\",\"name\":\"1\u00ba CICS | Edi\u00e7\u00e3o 2023\",\"description\":\"Congresso Internaconal Ci\u00eancia e Sociedade\",\"publisher\":{\"@id\":\"https:\/\/unifsa.com.br\/cics2023\/#organization\"},\"alternateName\":\"Congresso Internacional Ci\u00eancia e Sociedade (CICS)\",\"potentialAction\":[{\"@type\":\"SearchAction\",\"target\":{\"@type\":\"EntryPoint\",\"urlTemplate\":\"https:\/\/unifsa.com.br\/cics2023\/?s={search_term_string}\"},\"query-input\":{\"@type\":\"PropertyValueSpecification\",\"valueRequired\":true,\"valueName\":\"search_term_string\"}}],\"inLanguage\":\"pt-BR\"},{\"@type\":\"Organization\",\"@id\":\"https:\/\/unifsa.com.br\/cics2023\/#organization\",\"name\":\"Centro Universit\u00e1rio Santo Agostinho\",\"alternateName\":\"UNIFSA\",\"url\":\"https:\/\/unifsa.com.br\/cics2023\/\",\"logo\":{\"@type\":\"ImageObject\",\"inLanguage\":\"pt-BR\",\"@id\":\"https:\/\/unifsa.com.br\/cics2023\/#\/schema\/logo\/image\/\",\"url\":\"https:\/\/unifsa.com.br\/cics2023\/wp-content\/uploads\/2023\/01\/cisc-logo-login.fw_.png\",\"contentUrl\":\"https:\/\/unifsa.com.br\/cics2023\/wp-content\/uploads\/2023\/01\/cisc-logo-login.fw_.png\",\"width\":350,\"height\":216,\"caption\":\"Centro Universit\u00e1rio Santo Agostinho\"},\"image\":{\"@id\":\"https:\/\/unifsa.com.br\/cics2023\/#\/schema\/logo\/image\/\"},\"sameAs\":[\"https:\/\/unifsa.com.br\/cics2023\/a-conferencia\/\"]}]}<\/script>\n<!-- \/ Yoast SEO plugin. -->","yoast_head_json":{"title":"Coordena\u00e7\u00e3o Geral - 1\u00ba CICS | Edi\u00e7\u00e3o 2023","robots":{"index":"index","follow":"follow","max-snippet":"max-snippet:-1","max-image-preview":"max-image-preview:large","max-video-preview":"max-video-preview:-1"},"canonical":"https:\/\/unifsa.com.br\/cics2023\/coordenacao-geral\/","og_locale":"pt_BR","og_type":"article","og_title":"Coordena\u00e7\u00e3o Geral - 1\u00ba CICS | Edi\u00e7\u00e3o 2023","og_description":"PRESIDENTA DA COMISS\u00c3O ORGANIZADORAProfa. Ma. Antonieta Lira e Silva COORDENA\u00c7\u00c3O GERALProf. Dr. Alisson Dias GomesProfa. Dra. Izabel Herika Gomes Matias CronembergerProfa. Me. Ana Kelma Cunha Gallas MEMBROSProf. Dr. Edj\u00f4fre Coelho de OliveiraProfa. Esp. Roberta Mara Ara\u00fajo OliveiraMa. Indira Maria de Melo Lira Pereira da Silva EQUIPE T\u00c9CNICAMa. Pen\u00e9lope Maria Melo e LiraEsp. Polyana Fabiene Rodrigues [&hellip;]","og_url":"https:\/\/unifsa.com.br\/cics2023\/coordenacao-geral\/","og_site_name":"1\u00ba CICS | Edi\u00e7\u00e3o 2023","article_publisher":"https:\/\/unifsa.com.br\/cics2023\/a-conferencia\/","article_modified_time":"2023-10-30T18:20:29+00:00","og_image":[{"width":678,"height":418,"url":"https:\/\/unifsa.com.br\/cics2023\/wp-content\/uploads\/2023\/01\/logomarca-cics.fw_.png","type":"image\/png"}],"twitter_card":"summary_large_image","twitter_misc":{"Est. tempo de leitura":"1 minuto"},"schema":{"@context":"https:\/\/schema.org","@graph":[{"@type":"WebPage","@id":"https:\/\/unifsa.com.br\/cics2023\/coordenacao-geral\/","url":"https:\/\/unifsa.com.br\/cics2023\/coordenacao-geral\/","name":"Coordena\u00e7\u00e3o Geral - 1\u00ba CICS | Edi\u00e7\u00e3o 2023","isPartOf":{"@id":"https:\/\/unifsa.com.br\/cics2023\/#website"},"datePublished":"2021-02-18T13:27:13+00:00","dateModified":"2023-10-30T18:20:29+00:00","breadcrumb":{"@id":"https:\/\/unifsa.com.br\/cics2023\/coordenacao-geral\/#breadcrumb"},"inLanguage":"pt-BR","potentialAction":[{"@type":"ReadAction","target":["https:\/\/unifsa.com.br\/cics2023\/coordenacao-geral\/"]}]},{"@type":"BreadcrumbList","@id":"https:\/\/unifsa.com.br\/cics2023\/coordenacao-geral\/#breadcrumb","itemListElement":[{"@type":"ListItem","position":1,"name":"In\u00edcio","item":"https:\/\/unifsa.com.br\/cics2023\/"},{"@type":"ListItem","position":2,"name":"Coordena\u00e7\u00e3o Geral"}]},{"@type":"WebSite","@id":"https:\/\/unifsa.com.br\/cics2023\/#website","url":"https:\/\/unifsa.com.br\/cics2023\/","name":"1\u00ba CICS | Edi\u00e7\u00e3o 2023","description":"Congresso Internaconal Ci\u00eancia e Sociedade","publisher":{"@id":"https:\/\/unifsa.com.br\/cics2023\/#organization"},"alternateName":"Congresso Internacional Ci\u00eancia e Sociedade (CICS)","potentialAction":[{"@type":"SearchAction","target":{"@type":"EntryPoint","urlTemplate":"https:\/\/unifsa.com.br\/cics2023\/?s={search_term_string}"},"query-input":{"@type":"PropertyValueSpecification","valueRequired":true,"valueName":"search_term_string"}}],"inLanguage":"pt-BR"},{"@type":"Organization","@id":"https:\/\/unifsa.com.br\/cics2023\/#organization","name":"Centro Universit\u00e1rio Santo Agostinho","alternateName":"UNIFSA","url":"https:\/\/unifsa.com.br\/cics2023\/","logo":{"@type":"ImageObject","inLanguage":"pt-BR","@id":"https:\/\/unifsa.com.br\/cics2023\/#\/schema\/logo\/image\/","url":"https:\/\/unifsa.com.br\/cics2023\/wp-content\/uploads\/2023\/01\/cisc-logo-login.fw_.png","contentUrl":"https:\/\/unifsa.com.br\/cics2023\/wp-content\/uploads\/2023\/01\/cisc-logo-login.fw_.png","width":350,"height":216,"caption":"Centro Universit\u00e1rio Santo Agostinho"},"image":{"@id":"https:\/\/unifsa.com.br\/cics2023\/#\/schema\/logo\/image\/"},"sameAs":["https:\/\/unifsa.com.br\/cics2023\/a-conferencia\/"]}]}},"_links":{"self":[{"href":"https:\/\/unifsa.com.br\/cics2023\/wp-json\/wp\/v2\/pages\/136","targetHints":{"allow":["GET"]}}],"collection":[{"href":"https:\/\/unifsa.com.br\/cics2023\/wp-json\/wp\/v2\/pages"}],"about":[{"href":"https:\/\/unifsa.com.br\/cics2023\/wp-json\/wp\/v2\/types\/page"}],"author":[{"embeddable":true,"href":"https:\/\/unifsa.com.br\/cics2023\/wp-json\/wp\/v2\/users\/1"}],"replies":[{"embeddable":true,"href":"https:\/\/unifsa.com.br\/cics2023\/wp-json\/wp\/v2\/comments?post=136"}],"version-history":[{"count":27,"href":"https:\/\/unifsa.com.br\/cics2023\/wp-json\/wp\/v2\/pages\/136\/revisions"}],"predecessor-version":[{"id":2402,"href":"https:\/\/unifsa.com.br\/cics2023\/wp-json\/wp\/v2\/pages\/136\/revisions\/2402"}],"wp:attachment":[{"href":"https:\/\/unifsa.com.br\/cics2023\/wp-json\/wp\/v2\/media?parent=136"}],"curies":[{"name":"wp","href":"https:\/\/api.w.org\/{rel}","templated":true}]}}