{"id":1301,"date":"2023-02-03T19:25:52","date_gmt":"2023-02-03T22:25:52","guid":{"rendered":"https:\/\/unifsa.com.br\/cics2023\/comissao-de-captacao-de-recursos-copy\/"},"modified":"2023-06-20T14:02:11","modified_gmt":"2023-06-20T17:02:11","slug":"comissao-de-publicacoes","status":"publish","type":"page","link":"https:\/\/unifsa.com.br\/cics2023\/comissao-de-publicacoes\/","title":{"rendered":"Comiss\u00e3o de Publica\u00e7\u00f5es"},"content":{"rendered":"\n<p><strong>COORDENA\u00c7\u00c3O<\/strong><br><a data-type=\"URL\" data-id=\"http:\/\/lattes.cnpq.br\/4880694253138298\" href=\"http:\/\/lattes.cnpq.br\/4880694253138298\" target=\"_blank\" rel=\"noreferrer noopener\">Profa. Ma. Ana Kelma Cunha Gallas<\/a><br><br><strong>MEMBROS<\/strong><br><a href=\"http:\/\/lattes.cnpq.br\/8256140747283328\" target=\"_blank\" rel=\"noreferrer noopener\">Profa. Dra. Willyane de Andrade Alvarenga<\/a><br><a href=\"http:\/\/lattes.cnpq.br\/8227347815366039\" target=\"_blank\" rel=\"noreferrer noopener\">Prof. Me. Rhubens Ewald Moura Ribeiro<\/a><br><a href=\"http:\/\/lattes.cnpq.br\/2603493497031704\" target=\"_blank\" rel=\"noreferrer noopener\">Prof. Dr. Tonny Kerley de Alencar Rodrigues<\/a><br><a href=\"http:\/\/lattes.cnpq.br\/5298380377588942\" target=\"_blank\" rel=\"noreferrer noopener\">Prof. Dr. Ant\u00f4nio Carlos Leal Cortez<\/a><br><a href=\"http:\/\/lattes.cnpq.br\/3300006317745526\" target=\"_blank\" rel=\"noreferrer noopener\">Profa. Dra. Liana Dantas da Costa e Silva Barbosa<\/a><br><\/p>\n\n\n\n<p><br><\/p>\n","protected":false},"excerpt":{"rendered":"<p>COORDENA\u00c7\u00c3OProfa. Ma. Ana Kelma Cunha Gallas MEMBROSProfa. Dra. Willyane de Andrade AlvarengaProf. Me. Rhubens Ewald Moura RibeiroProf. Dr. Tonny Kerley de Alencar RodriguesProf. Dr. Ant\u00f4nio Carlos Leal CortezProfa. Dra. Liana Dantas da Costa e Silva Barbosa<\/p>\n","protected":false},"author":1,"featured_media":0,"parent":0,"menu_order":0,"comment_status":"closed","ping_status":"closed","template":"","meta":{"footnotes":""},"class_list":["post-1301","page","type-page","status-publish","hentry"],"acf":[],"yoast_head":"<!-- This site is optimized with the Yoast SEO plugin v24.3 - https:\/\/yoast.com\/wordpress\/plugins\/seo\/ -->\n<title>Comiss\u00e3o de Publica\u00e7\u00f5es - 1\u00ba CICS | Edi\u00e7\u00e3o 2023<\/title>\n<meta name=\"robots\" content=\"index, follow, max-snippet:-1, max-image-preview:large, max-video-preview:-1\" \/>\n<link rel=\"canonical\" href=\"https:\/\/unifsa.com.br\/cics2023\/comissao-de-publicacoes\/\" \/>\n<meta property=\"og:locale\" content=\"pt_BR\" \/>\n<meta property=\"og:type\" content=\"article\" \/>\n<meta property=\"og:title\" content=\"Comiss\u00e3o de Publica\u00e7\u00f5es - 1\u00ba CICS | Edi\u00e7\u00e3o 2023\" \/>\n<meta property=\"og:description\" content=\"COORDENA\u00c7\u00c3OProfa. Ma. Ana Kelma Cunha Gallas MEMBROSProfa. Dra. Willyane de Andrade AlvarengaProf. Me. Rhubens Ewald Moura RibeiroProf. Dr. Tonny Kerley de Alencar RodriguesProf. Dr. Ant\u00f4nio Carlos Leal CortezProfa. Dra. Liana Dantas da Costa e Silva Barbosa\" \/>\n<meta property=\"og:url\" content=\"https:\/\/unifsa.com.br\/cics2023\/comissao-de-publicacoes\/\" \/>\n<meta property=\"og:site_name\" content=\"1\u00ba CICS | Edi\u00e7\u00e3o 2023\" \/>\n<meta property=\"article:publisher\" content=\"https:\/\/unifsa.com.br\/cics2023\/a-conferencia\/\" \/>\n<meta property=\"article:modified_time\" content=\"2023-06-20T17:02:11+00:00\" \/>\n<meta property=\"og:image\" content=\"https:\/\/unifsa.com.br\/cics2023\/wp-content\/uploads\/2023\/01\/logomarca-cics.fw_.png\" \/>\n\t<meta property=\"og:image:width\" content=\"678\" \/>\n\t<meta property=\"og:image:height\" content=\"418\" \/>\n\t<meta property=\"og:image:type\" content=\"image\/png\" \/>\n<meta name=\"twitter:card\" content=\"summary_large_image\" \/>\n<meta name=\"twitter:label1\" content=\"Est. tempo de leitura\" \/>\n\t<meta name=\"twitter:data1\" content=\"1 minuto\" \/>\n<script type=\"application\/ld+json\" class=\"yoast-schema-graph\">{\"@context\":\"https:\/\/schema.org\",\"@graph\":[{\"@type\":\"WebPage\",\"@id\":\"https:\/\/unifsa.com.br\/cics2023\/comissao-de-publicacoes\/\",\"url\":\"https:\/\/unifsa.com.br\/cics2023\/comissao-de-publicacoes\/\",\"name\":\"Comiss\u00e3o de Publica\u00e7\u00f5es - 1\u00ba CICS | Edi\u00e7\u00e3o 2023\",\"isPartOf\":{\"@id\":\"https:\/\/unifsa.com.br\/cics2023\/#website\"},\"datePublished\":\"2023-02-03T22:25:52+00:00\",\"dateModified\":\"2023-06-20T17:02:11+00:00\",\"breadcrumb\":{\"@id\":\"https:\/\/unifsa.com.br\/cics2023\/comissao-de-publicacoes\/#breadcrumb\"},\"inLanguage\":\"pt-BR\",\"potentialAction\":[{\"@type\":\"ReadAction\",\"target\":[\"https:\/\/unifsa.com.br\/cics2023\/comissao-de-publicacoes\/\"]}]},{\"@type\":\"BreadcrumbList\",\"@id\":\"https:\/\/unifsa.com.br\/cics2023\/comissao-de-publicacoes\/#breadcrumb\",\"itemListElement\":[{\"@type\":\"ListItem\",\"position\":1,\"name\":\"In\u00edcio\",\"item\":\"https:\/\/unifsa.com.br\/cics2023\/\"},{\"@type\":\"ListItem\",\"position\":2,\"name\":\"Comiss\u00e3o de Publica\u00e7\u00f5es\"}]},{\"@type\":\"WebSite\",\"@id\":\"https:\/\/unifsa.com.br\/cics2023\/#website\",\"url\":\"https:\/\/unifsa.com.br\/cics2023\/\",\"name\":\"1\u00ba CICS | Edi\u00e7\u00e3o 2023\",\"description\":\"Congresso Internaconal Ci\u00eancia e Sociedade\",\"publisher\":{\"@id\":\"https:\/\/unifsa.com.br\/cics2023\/#organization\"},\"alternateName\":\"Congresso Internacional Ci\u00eancia e Sociedade (CICS)\",\"potentialAction\":[{\"@type\":\"SearchAction\",\"target\":{\"@type\":\"EntryPoint\",\"urlTemplate\":\"https:\/\/unifsa.com.br\/cics2023\/?s={search_term_string}\"},\"query-input\":{\"@type\":\"PropertyValueSpecification\",\"valueRequired\":true,\"valueName\":\"search_term_string\"}}],\"inLanguage\":\"pt-BR\"},{\"@type\":\"Organization\",\"@id\":\"https:\/\/unifsa.com.br\/cics2023\/#organization\",\"name\":\"Centro Universit\u00e1rio Santo Agostinho\",\"alternateName\":\"UNIFSA\",\"url\":\"https:\/\/unifsa.com.br\/cics2023\/\",\"logo\":{\"@type\":\"ImageObject\",\"inLanguage\":\"pt-BR\",\"@id\":\"https:\/\/unifsa.com.br\/cics2023\/#\/schema\/logo\/image\/\",\"url\":\"https:\/\/unifsa.com.br\/cics2023\/wp-content\/uploads\/2023\/01\/cisc-logo-login.fw_.png\",\"contentUrl\":\"https:\/\/unifsa.com.br\/cics2023\/wp-content\/uploads\/2023\/01\/cisc-logo-login.fw_.png\",\"width\":350,\"height\":216,\"caption\":\"Centro Universit\u00e1rio Santo Agostinho\"},\"image\":{\"@id\":\"https:\/\/unifsa.com.br\/cics2023\/#\/schema\/logo\/image\/\"},\"sameAs\":[\"https:\/\/unifsa.com.br\/cics2023\/a-conferencia\/\"]}]}<\/script>\n<!-- \/ Yoast SEO plugin. -->","yoast_head_json":{"title":"Comiss\u00e3o de Publica\u00e7\u00f5es - 1\u00ba CICS | Edi\u00e7\u00e3o 2023","robots":{"index":"index","follow":"follow","max-snippet":"max-snippet:-1","max-image-preview":"max-image-preview:large","max-video-preview":"max-video-preview:-1"},"canonical":"https:\/\/unifsa.com.br\/cics2023\/comissao-de-publicacoes\/","og_locale":"pt_BR","og_type":"article","og_title":"Comiss\u00e3o de Publica\u00e7\u00f5es - 1\u00ba CICS | Edi\u00e7\u00e3o 2023","og_description":"COORDENA\u00c7\u00c3OProfa. Ma. Ana Kelma Cunha Gallas MEMBROSProfa. Dra. Willyane de Andrade AlvarengaProf. Me. Rhubens Ewald Moura RibeiroProf. Dr. Tonny Kerley de Alencar RodriguesProf. Dr. Ant\u00f4nio Carlos Leal CortezProfa. Dra. Liana Dantas da Costa e Silva Barbosa","og_url":"https:\/\/unifsa.com.br\/cics2023\/comissao-de-publicacoes\/","og_site_name":"1\u00ba CICS | Edi\u00e7\u00e3o 2023","article_publisher":"https:\/\/unifsa.com.br\/cics2023\/a-conferencia\/","article_modified_time":"2023-06-20T17:02:11+00:00","og_image":[{"width":678,"height":418,"url":"https:\/\/unifsa.com.br\/cics2023\/wp-content\/uploads\/2023\/01\/logomarca-cics.fw_.png","type":"image\/png"}],"twitter_card":"summary_large_image","twitter_misc":{"Est. tempo de leitura":"1 minuto"},"schema":{"@context":"https:\/\/schema.org","@graph":[{"@type":"WebPage","@id":"https:\/\/unifsa.com.br\/cics2023\/comissao-de-publicacoes\/","url":"https:\/\/unifsa.com.br\/cics2023\/comissao-de-publicacoes\/","name":"Comiss\u00e3o de Publica\u00e7\u00f5es - 1\u00ba CICS | Edi\u00e7\u00e3o 2023","isPartOf":{"@id":"https:\/\/unifsa.com.br\/cics2023\/#website"},"datePublished":"2023-02-03T22:25:52+00:00","dateModified":"2023-06-20T17:02:11+00:00","breadcrumb":{"@id":"https:\/\/unifsa.com.br\/cics2023\/comissao-de-publicacoes\/#breadcrumb"},"inLanguage":"pt-BR","potentialAction":[{"@type":"ReadAction","target":["https:\/\/unifsa.com.br\/cics2023\/comissao-de-publicacoes\/"]}]},{"@type":"BreadcrumbList","@id":"https:\/\/unifsa.com.br\/cics2023\/comissao-de-publicacoes\/#breadcrumb","itemListElement":[{"@type":"ListItem","position":1,"name":"In\u00edcio","item":"https:\/\/unifsa.com.br\/cics2023\/"},{"@type":"ListItem","position":2,"name":"Comiss\u00e3o de Publica\u00e7\u00f5es"}]},{"@type":"WebSite","@id":"https:\/\/unifsa.com.br\/cics2023\/#website","url":"https:\/\/unifsa.com.br\/cics2023\/","name":"1\u00ba CICS | Edi\u00e7\u00e3o 2023","description":"Congresso Internaconal Ci\u00eancia e Sociedade","publisher":{"@id":"https:\/\/unifsa.com.br\/cics2023\/#organization"},"alternateName":"Congresso Internacional Ci\u00eancia e Sociedade (CICS)","potentialAction":[{"@type":"SearchAction","target":{"@type":"EntryPoint","urlTemplate":"https:\/\/unifsa.com.br\/cics2023\/?s={search_term_string}"},"query-input":{"@type":"PropertyValueSpecification","valueRequired":true,"valueName":"search_term_string"}}],"inLanguage":"pt-BR"},{"@type":"Organization","@id":"https:\/\/unifsa.com.br\/cics2023\/#organization","name":"Centro Universit\u00e1rio Santo Agostinho","alternateName":"UNIFSA","url":"https:\/\/unifsa.com.br\/cics2023\/","logo":{"@type":"ImageObject","inLanguage":"pt-BR","@id":"https:\/\/unifsa.com.br\/cics2023\/#\/schema\/logo\/image\/","url":"https:\/\/unifsa.com.br\/cics2023\/wp-content\/uploads\/2023\/01\/cisc-logo-login.fw_.png","contentUrl":"https:\/\/unifsa.com.br\/cics2023\/wp-content\/uploads\/2023\/01\/cisc-logo-login.fw_.png","width":350,"height":216,"caption":"Centro Universit\u00e1rio Santo Agostinho"},"image":{"@id":"https:\/\/unifsa.com.br\/cics2023\/#\/schema\/logo\/image\/"},"sameAs":["https:\/\/unifsa.com.br\/cics2023\/a-conferencia\/"]}]}},"_links":{"self":[{"href":"https:\/\/unifsa.com.br\/cics2023\/wp-json\/wp\/v2\/pages\/1301","targetHints":{"allow":["GET"]}}],"collection":[{"href":"https:\/\/unifsa.com.br\/cics2023\/wp-json\/wp\/v2\/pages"}],"about":[{"href":"https:\/\/unifsa.com.br\/cics2023\/wp-json\/wp\/v2\/types\/page"}],"author":[{"embeddable":true,"href":"https:\/\/unifsa.com.br\/cics2023\/wp-json\/wp\/v2\/users\/1"}],"replies":[{"embeddable":true,"href":"https:\/\/unifsa.com.br\/cics2023\/wp-json\/wp\/v2\/comments?post=1301"}],"version-history":[{"count":7,"href":"https:\/\/unifsa.com.br\/cics2023\/wp-json\/wp\/v2\/pages\/1301\/revisions"}],"predecessor-version":[{"id":1972,"href":"https:\/\/unifsa.com.br\/cics2023\/wp-json\/wp\/v2\/pages\/1301\/revisions\/1972"}],"wp:attachment":[{"href":"https:\/\/unifsa.com.br\/cics2023\/wp-json\/wp\/v2\/media?parent=1301"}],"curies":[{"name":"wp","href":"https:\/\/api.w.org\/{rel}","templated":true}]}}