{"id":1298,"date":"2023-02-03T19:23:45","date_gmt":"2023-02-03T22:23:45","guid":{"rendered":"https:\/\/unifsa.com.br\/cics2023\/comissao-cientifica-copy\/"},"modified":"2023-10-30T15:30:59","modified_gmt":"2023-10-30T18:30:59","slug":"comissao-de-articulacao-internacional","status":"publish","type":"page","link":"https:\/\/unifsa.com.br\/cics2023\/comissao-de-articulacao-internacional\/","title":{"rendered":"Comiss\u00e3o de Articula\u00e7\u00e3o Internacional"},"content":{"rendered":"\n<p><strong>COORDENA\u00c7\u00c3O<\/strong><br>Prof. Dr. Alisson Dias Gomes<br><br><strong>MEMBROS<\/strong><\/p>\n\n\n\n<p>Prof. Dr. Ant\u00f4nio Teixeira de Barros &#8211; Inst. Nacional de Ci\u00eancia e Tecnologia em Democracia Digital (Brasil)<br>Profa. Dra. \u202aBego\u00f1a Guti\u00e9rrez San Miguel &#8211; Universidad de Salamanca (Espanha)<br>Profa. Dra. Carla Baptista &#8211; Universidade Nova de Lisboa (Portugal)<br>Profa. Dra. Estrella Montes L\u00f3pez &#8211; Universidad de Salamanca (Espanha)<br>Prof. Dr. Flavio Francini &#8211; Universidad Nacional de La Plata (Argentina)<br>Prof. Dr. Francis Musa Boakari &#8211; Universidade Federal do Piau\u00ed (Brasil)<br>Prof. Dr. Francisco Javier Herrero Gutierr\u00e9z &#8211; Universidad de Salamanca (Espanha)<br>Prof. Dr. Francisco Jos\u00e9 Fidalgo Enr\u00edquez &#8211; Universidade da Beira Interior (Portugal)<br>Prof. Dr. Francisco Rui C\u00e1dima &#8211; Universidade Nova de Lisboa (Portugal)<br>Prof. Dr. Jes\u00fas Galindo Melero &#8211; Universidad de Valladolid (Espanha)<br>Prof. Dr. Jos\u00e9 David Pujante S\u00e1nchez &#8211; Universidad de Valladolid (Espanha)<br>Samuel Lincoln Bezerra Lins &#8211; Universidade do Porto (Portugal)<br>Prof. Dr. Jos\u00e9 Ignacio Aguaded Gomez &#8211; Universidad de Huelva (Espanha)<br>Prof. Dr. Juan \u00c1ngel Basualdo Farjat &#8211; Universidad Nacional de La Plata (Argentina)<br>Profa. Dra. Judite Gon\u00e7alves de Freitas &#8211; Universidade Fernando Pessoa (Portugal)<br>Prof. Dr. Hector Martin Stassi &#8211; Universidad Nacional de C\u00f3rdoba (Argentina)<br>Profa. Dra. Helena Serra &#8211; Universidade Nova de Lisboa (Portugal)<br>Prof. Dr. Luis Venegas Ramos &#8211; Universidade Miguel de Cervantes (Chile)<br>Prof. Dra. Mar\u00eda Virginia Croce &#8211; Universidad Nacional de La Plata (Argentina)<br>Profa. Dra. M\u00e1rcia Borges Saldanha &#8211; Universidade de Lisboa (Portugal)<br>Profa. Dra. Maria Beatriz Ricci &#8211; Universidad Nacional de C\u00f3rdoba (Argentina)<br>Profa. Dra. Maria Eugenia Gonz\u00e1lez Alafita &#8211; Instituto Tecnol\u00f3gico de Monterrey (M\u00e9xico)<br>Profa. Dra. Mar\u00eda Izabel Rodriguez Fidalgo &#8211; Universidad de Salamanca (Espanha)<br>Profa. Dra. Maria Paula Lehner \u2013 Universidad de Buenos Aires (Argentina)<br>Profa. Dra. Maria Valeria Palanza &#8211; Pontif\u00edcia Universidad Cat\u00f3lica de Chile (Chile)<br>Profa. Dra. Noem\u00ed P\u00e9rez P\u00e9rez &#8211; Universidade da Beira Interior (Portugal)<br>Prof. Dr. Osvaldo Nilo Balmaseda Neyra &#8211; Universidad de Havana (Cuba)<br>Prof. Dr. Paulo Cardoso &#8211; Universidade Fernando Pessoa \/ Universidade Lus\u00edada do Porto (Portugal)<br>Prof. Dr. Tom\u00e1s Augusto Barros Ramos &#8211; Universidade Nova de Lisboa (Portugal)<br>Prof. Dr. Rodrigo Mardones &#8211; Pontif\u00edcia Universidad Cat\u00f3lica de Chile (Chile)<\/p>\n\n\n\n<p><br><br><br><br><\/p>\n\n\n\n<p><\/p>\n","protected":false},"excerpt":{"rendered":"<p>COORDENA\u00c7\u00c3OProf. Dr. Alisson Dias Gomes MEMBROS Prof. Dr. Ant\u00f4nio Teixeira de Barros &#8211; Inst. Nacional de Ci\u00eancia e Tecnologia em Democracia Digital (Brasil)Profa. Dra. \u202aBego\u00f1a Guti\u00e9rrez San Miguel &#8211; Universidad de Salamanca (Espanha)Profa. Dra. Carla Baptista &#8211; Universidade Nova de Lisboa (Portugal)Profa. Dra. Estrella Montes L\u00f3pez &#8211; Universidad de Salamanca (Espanha)Prof. Dr. Flavio Francini &#8211; [&hellip;]<\/p>\n","protected":false},"author":1,"featured_media":0,"parent":0,"menu_order":0,"comment_status":"closed","ping_status":"closed","template":"","meta":{"footnotes":""},"class_list":["post-1298","page","type-page","status-publish","hentry"],"acf":[],"yoast_head":"<!-- This site is optimized with the Yoast SEO plugin v24.3 - https:\/\/yoast.com\/wordpress\/plugins\/seo\/ -->\n<title>Comiss\u00e3o de Articula\u00e7\u00e3o Internacional - 1\u00ba CICS | Edi\u00e7\u00e3o 2023<\/title>\n<meta name=\"robots\" content=\"index, follow, max-snippet:-1, max-image-preview:large, max-video-preview:-1\" \/>\n<link rel=\"canonical\" href=\"https:\/\/unifsa.com.br\/cics2023\/comissao-de-articulacao-internacional\/\" \/>\n<meta property=\"og:locale\" content=\"pt_BR\" \/>\n<meta property=\"og:type\" content=\"article\" \/>\n<meta property=\"og:title\" content=\"Comiss\u00e3o de Articula\u00e7\u00e3o Internacional - 1\u00ba CICS | Edi\u00e7\u00e3o 2023\" \/>\n<meta property=\"og:description\" content=\"COORDENA\u00c7\u00c3OProf. Dr. Alisson Dias Gomes MEMBROS Prof. Dr. Ant\u00f4nio Teixeira de Barros &#8211; Inst. Nacional de Ci\u00eancia e Tecnologia em Democracia Digital (Brasil)Profa. Dra. \u202aBego\u00f1a Guti\u00e9rrez San Miguel &#8211; Universidad de Salamanca (Espanha)Profa. Dra. Carla Baptista &#8211; Universidade Nova de Lisboa (Portugal)Profa. Dra. Estrella Montes L\u00f3pez &#8211; Universidad de Salamanca (Espanha)Prof. Dr. Flavio Francini &#8211; [&hellip;]\" \/>\n<meta property=\"og:url\" content=\"https:\/\/unifsa.com.br\/cics2023\/comissao-de-articulacao-internacional\/\" \/>\n<meta property=\"og:site_name\" content=\"1\u00ba CICS | Edi\u00e7\u00e3o 2023\" \/>\n<meta property=\"article:publisher\" content=\"https:\/\/unifsa.com.br\/cics2023\/a-conferencia\/\" \/>\n<meta property=\"article:modified_time\" content=\"2023-10-30T18:30:59+00:00\" \/>\n<meta property=\"og:image\" content=\"https:\/\/unifsa.com.br\/cics2023\/wp-content\/uploads\/2023\/01\/logomarca-cics.fw_.png\" \/>\n\t<meta property=\"og:image:width\" content=\"678\" \/>\n\t<meta property=\"og:image:height\" content=\"418\" \/>\n\t<meta property=\"og:image:type\" content=\"image\/png\" \/>\n<meta name=\"twitter:card\" content=\"summary_large_image\" \/>\n<meta name=\"twitter:label1\" content=\"Est. tempo de leitura\" \/>\n\t<meta name=\"twitter:data1\" content=\"2 minutos\" \/>\n<script type=\"application\/ld+json\" class=\"yoast-schema-graph\">{\"@context\":\"https:\/\/schema.org\",\"@graph\":[{\"@type\":\"WebPage\",\"@id\":\"https:\/\/unifsa.com.br\/cics2023\/comissao-de-articulacao-internacional\/\",\"url\":\"https:\/\/unifsa.com.br\/cics2023\/comissao-de-articulacao-internacional\/\",\"name\":\"Comiss\u00e3o de Articula\u00e7\u00e3o Internacional - 1\u00ba CICS | Edi\u00e7\u00e3o 2023\",\"isPartOf\":{\"@id\":\"https:\/\/unifsa.com.br\/cics2023\/#website\"},\"datePublished\":\"2023-02-03T22:23:45+00:00\",\"dateModified\":\"2023-10-30T18:30:59+00:00\",\"breadcrumb\":{\"@id\":\"https:\/\/unifsa.com.br\/cics2023\/comissao-de-articulacao-internacional\/#breadcrumb\"},\"inLanguage\":\"pt-BR\",\"potentialAction\":[{\"@type\":\"ReadAction\",\"target\":[\"https:\/\/unifsa.com.br\/cics2023\/comissao-de-articulacao-internacional\/\"]}]},{\"@type\":\"BreadcrumbList\",\"@id\":\"https:\/\/unifsa.com.br\/cics2023\/comissao-de-articulacao-internacional\/#breadcrumb\",\"itemListElement\":[{\"@type\":\"ListItem\",\"position\":1,\"name\":\"In\u00edcio\",\"item\":\"https:\/\/unifsa.com.br\/cics2023\/\"},{\"@type\":\"ListItem\",\"position\":2,\"name\":\"Comiss\u00e3o de Articula\u00e7\u00e3o Internacional\"}]},{\"@type\":\"WebSite\",\"@id\":\"https:\/\/unifsa.com.br\/cics2023\/#website\",\"url\":\"https:\/\/unifsa.com.br\/cics2023\/\",\"name\":\"1\u00ba CICS | Edi\u00e7\u00e3o 2023\",\"description\":\"Congresso Internaconal Ci\u00eancia e Sociedade\",\"publisher\":{\"@id\":\"https:\/\/unifsa.com.br\/cics2023\/#organization\"},\"alternateName\":\"Congresso Internacional Ci\u00eancia e Sociedade (CICS)\",\"potentialAction\":[{\"@type\":\"SearchAction\",\"target\":{\"@type\":\"EntryPoint\",\"urlTemplate\":\"https:\/\/unifsa.com.br\/cics2023\/?s={search_term_string}\"},\"query-input\":{\"@type\":\"PropertyValueSpecification\",\"valueRequired\":true,\"valueName\":\"search_term_string\"}}],\"inLanguage\":\"pt-BR\"},{\"@type\":\"Organization\",\"@id\":\"https:\/\/unifsa.com.br\/cics2023\/#organization\",\"name\":\"Centro Universit\u00e1rio Santo Agostinho\",\"alternateName\":\"UNIFSA\",\"url\":\"https:\/\/unifsa.com.br\/cics2023\/\",\"logo\":{\"@type\":\"ImageObject\",\"inLanguage\":\"pt-BR\",\"@id\":\"https:\/\/unifsa.com.br\/cics2023\/#\/schema\/logo\/image\/\",\"url\":\"https:\/\/unifsa.com.br\/cics2023\/wp-content\/uploads\/2023\/01\/cisc-logo-login.fw_.png\",\"contentUrl\":\"https:\/\/unifsa.com.br\/cics2023\/wp-content\/uploads\/2023\/01\/cisc-logo-login.fw_.png\",\"width\":350,\"height\":216,\"caption\":\"Centro Universit\u00e1rio Santo Agostinho\"},\"image\":{\"@id\":\"https:\/\/unifsa.com.br\/cics2023\/#\/schema\/logo\/image\/\"},\"sameAs\":[\"https:\/\/unifsa.com.br\/cics2023\/a-conferencia\/\"]}]}<\/script>\n<!-- \/ Yoast SEO plugin. -->","yoast_head_json":{"title":"Comiss\u00e3o de Articula\u00e7\u00e3o Internacional - 1\u00ba CICS | Edi\u00e7\u00e3o 2023","robots":{"index":"index","follow":"follow","max-snippet":"max-snippet:-1","max-image-preview":"max-image-preview:large","max-video-preview":"max-video-preview:-1"},"canonical":"https:\/\/unifsa.com.br\/cics2023\/comissao-de-articulacao-internacional\/","og_locale":"pt_BR","og_type":"article","og_title":"Comiss\u00e3o de Articula\u00e7\u00e3o Internacional - 1\u00ba CICS | Edi\u00e7\u00e3o 2023","og_description":"COORDENA\u00c7\u00c3OProf. Dr. Alisson Dias Gomes MEMBROS Prof. Dr. Ant\u00f4nio Teixeira de Barros &#8211; Inst. Nacional de Ci\u00eancia e Tecnologia em Democracia Digital (Brasil)Profa. Dra. \u202aBego\u00f1a Guti\u00e9rrez San Miguel &#8211; Universidad de Salamanca (Espanha)Profa. Dra. Carla Baptista &#8211; Universidade Nova de Lisboa (Portugal)Profa. Dra. Estrella Montes L\u00f3pez &#8211; Universidad de Salamanca (Espanha)Prof. Dr. Flavio Francini &#8211; [&hellip;]","og_url":"https:\/\/unifsa.com.br\/cics2023\/comissao-de-articulacao-internacional\/","og_site_name":"1\u00ba CICS | Edi\u00e7\u00e3o 2023","article_publisher":"https:\/\/unifsa.com.br\/cics2023\/a-conferencia\/","article_modified_time":"2023-10-30T18:30:59+00:00","og_image":[{"width":678,"height":418,"url":"https:\/\/unifsa.com.br\/cics2023\/wp-content\/uploads\/2023\/01\/logomarca-cics.fw_.png","type":"image\/png"}],"twitter_card":"summary_large_image","twitter_misc":{"Est. tempo de leitura":"2 minutos"},"schema":{"@context":"https:\/\/schema.org","@graph":[{"@type":"WebPage","@id":"https:\/\/unifsa.com.br\/cics2023\/comissao-de-articulacao-internacional\/","url":"https:\/\/unifsa.com.br\/cics2023\/comissao-de-articulacao-internacional\/","name":"Comiss\u00e3o de Articula\u00e7\u00e3o Internacional - 1\u00ba CICS | Edi\u00e7\u00e3o 2023","isPartOf":{"@id":"https:\/\/unifsa.com.br\/cics2023\/#website"},"datePublished":"2023-02-03T22:23:45+00:00","dateModified":"2023-10-30T18:30:59+00:00","breadcrumb":{"@id":"https:\/\/unifsa.com.br\/cics2023\/comissao-de-articulacao-internacional\/#breadcrumb"},"inLanguage":"pt-BR","potentialAction":[{"@type":"ReadAction","target":["https:\/\/unifsa.com.br\/cics2023\/comissao-de-articulacao-internacional\/"]}]},{"@type":"BreadcrumbList","@id":"https:\/\/unifsa.com.br\/cics2023\/comissao-de-articulacao-internacional\/#breadcrumb","itemListElement":[{"@type":"ListItem","position":1,"name":"In\u00edcio","item":"https:\/\/unifsa.com.br\/cics2023\/"},{"@type":"ListItem","position":2,"name":"Comiss\u00e3o de Articula\u00e7\u00e3o Internacional"}]},{"@type":"WebSite","@id":"https:\/\/unifsa.com.br\/cics2023\/#website","url":"https:\/\/unifsa.com.br\/cics2023\/","name":"1\u00ba CICS | Edi\u00e7\u00e3o 2023","description":"Congresso Internaconal Ci\u00eancia e Sociedade","publisher":{"@id":"https:\/\/unifsa.com.br\/cics2023\/#organization"},"alternateName":"Congresso Internacional Ci\u00eancia e Sociedade (CICS)","potentialAction":[{"@type":"SearchAction","target":{"@type":"EntryPoint","urlTemplate":"https:\/\/unifsa.com.br\/cics2023\/?s={search_term_string}"},"query-input":{"@type":"PropertyValueSpecification","valueRequired":true,"valueName":"search_term_string"}}],"inLanguage":"pt-BR"},{"@type":"Organization","@id":"https:\/\/unifsa.com.br\/cics2023\/#organization","name":"Centro Universit\u00e1rio Santo Agostinho","alternateName":"UNIFSA","url":"https:\/\/unifsa.com.br\/cics2023\/","logo":{"@type":"ImageObject","inLanguage":"pt-BR","@id":"https:\/\/unifsa.com.br\/cics2023\/#\/schema\/logo\/image\/","url":"https:\/\/unifsa.com.br\/cics2023\/wp-content\/uploads\/2023\/01\/cisc-logo-login.fw_.png","contentUrl":"https:\/\/unifsa.com.br\/cics2023\/wp-content\/uploads\/2023\/01\/cisc-logo-login.fw_.png","width":350,"height":216,"caption":"Centro Universit\u00e1rio Santo Agostinho"},"image":{"@id":"https:\/\/unifsa.com.br\/cics2023\/#\/schema\/logo\/image\/"},"sameAs":["https:\/\/unifsa.com.br\/cics2023\/a-conferencia\/"]}]}},"_links":{"self":[{"href":"https:\/\/unifsa.com.br\/cics2023\/wp-json\/wp\/v2\/pages\/1298","targetHints":{"allow":["GET"]}}],"collection":[{"href":"https:\/\/unifsa.com.br\/cics2023\/wp-json\/wp\/v2\/pages"}],"about":[{"href":"https:\/\/unifsa.com.br\/cics2023\/wp-json\/wp\/v2\/types\/page"}],"author":[{"embeddable":true,"href":"https:\/\/unifsa.com.br\/cics2023\/wp-json\/wp\/v2\/users\/1"}],"replies":[{"embeddable":true,"href":"https:\/\/unifsa.com.br\/cics2023\/wp-json\/wp\/v2\/comments?post=1298"}],"version-history":[{"count":8,"href":"https:\/\/unifsa.com.br\/cics2023\/wp-json\/wp\/v2\/pages\/1298\/revisions"}],"predecessor-version":[{"id":2408,"href":"https:\/\/unifsa.com.br\/cics2023\/wp-json\/wp\/v2\/pages\/1298\/revisions\/2408"}],"wp:attachment":[{"href":"https:\/\/unifsa.com.br\/cics2023\/wp-json\/wp\/v2\/media?parent=1298"}],"curies":[{"name":"wp","href":"https:\/\/api.w.org\/{rel}","templated":true}]}}