{"id":122,"date":"2021-02-18T10:21:12","date_gmt":"2021-02-18T13:21:12","guid":{"rendered":"https:\/\/unifsa.com.br\/cics2023\/?page_id=122"},"modified":"2023-08-21T16:20:47","modified_gmt":"2023-08-21T19:20:47","slug":"submissao","status":"publish","type":"page","link":"https:\/\/unifsa.com.br\/cics2023\/submissao\/","title":{"rendered":"Submiss\u00e3o de trabalhos"},"content":{"rendered":"\n<p class=\"has-text-align-center has-white-color has-text-color has-background\" style=\"background-color:#0b527b\"><strong>EDITAL DE PRORROGA\u00c7\u00c3O DE SUBMISS\u00c3O DE TRABALHOS NOS GTS DO 1\u00ba CICS <\/strong><\/p>\n\n\n\n<div data-wp-interactive=\"core\/file\" class=\"wp-block-file\"><object data-wp-bind--hidden=\"!state.hasPdfPreview\" hidden class=\"wp-block-file__embed\" data=\"https:\/\/unifsa.com.br\/cics2023\/wp-content\/uploads\/2023\/08\/2-PRORROGACAO-EDITAL-SUBMISSAO-TRABALHO-1-CICS-2023-1.pdf\" type=\"application\/pdf\" style=\"width:100%;height:600px\" aria-label=\"Incorporado de 2-PRORROGACAO-EDITAL-SUBMISSAO-TRABALHO-1-CICS-2023-1.\"><\/object><a id=\"wp-block-file--media-41091054-e30f-4277-82b5-d138676a3453\" href=\"https:\/\/unifsa.com.br\/cics2023\/wp-content\/uploads\/2023\/08\/2-PRORROGACAO-EDITAL-SUBMISSAO-TRABALHO-1-CICS-2023-1.pdf\">2-PRORROGACAO-EDITAL-SUBMISSAO-TRABALHO-1-CICS-2023-1<\/a><a href=\"https:\/\/unifsa.com.br\/cics2023\/wp-content\/uploads\/2023\/08\/2-PRORROGACAO-EDITAL-SUBMISSAO-TRABALHO-1-CICS-2023-1.pdf\" class=\"wp-block-file__button wp-element-button\" download aria-describedby=\"wp-block-file--media-41091054-e30f-4277-82b5-d138676a3453\">Baixar<\/a><\/div>\n\n\n\n<div class=\"wp-block-buttons is-content-justification-center is-layout-flex wp-container-core-buttons-is-layout-a89b3969 wp-block-buttons-is-layout-flex\">\n<div class=\"wp-block-button\"><a class=\"wp-block-button__link has-white-color has-vivid-cyan-blue-background-color has-text-color has-background wp-element-button\" href=\"https:\/\/unifsa.com.br\/site\/wp-content\/uploads\/2023\/08\/Modelo-padrao-para-submissao-do-trabalho-1.docx\">BAIXE O MODELO-PADR\u00c3O PARA <strong>SUBMISS\u00c3O DO ARTIGO<\/strong><\/a><\/div>\n<\/div>\n\n\n\n<p><\/p>\n\n\n\n<p class=\"has-text-align-center has-black-color has-luminous-vivid-orange-background-color has-text-color has-background\"><strong>EDITAL DE SUBMISS\u00c3O DE TRABALHOS NOS GTS DO 1\u00ba CICS <\/strong><\/p>\n\n\n\n<p><\/p>\n\n\n\n<div data-wp-interactive=\"core\/file\" class=\"wp-block-file\"><object data-wp-bind--hidden=\"!state.hasPdfPreview\" hidden class=\"wp-block-file__embed\" data=\"https:\/\/unifsa.com.br\/cics2023\/wp-content\/uploads\/2023\/08\/1-Edital-de-Submissao-de-Trabalhos-para-GTs-1-CICS-2023.pdf\" type=\"application\/pdf\" style=\"width:100%;height:600px\" aria-label=\"Incorporado de 1-Edital-de-Submissao-de-Trabalhos-para-GTs-1-CICS-2023.\"><\/object><a id=\"wp-block-file--media-11bb6c15-8935-4dbe-99d7-d02640455578\" href=\"https:\/\/unifsa.com.br\/cics2023\/wp-content\/uploads\/2023\/08\/1-Edital-de-Submissao-de-Trabalhos-para-GTs-1-CICS-2023.pdf\">1-Edital-de-Submissao-de-Trabalhos-para-GTs-1-CICS-2023<\/a><a href=\"https:\/\/unifsa.com.br\/cics2023\/wp-content\/uploads\/2023\/08\/1-Edital-de-Submissao-de-Trabalhos-para-GTs-1-CICS-2023.pdf\" class=\"wp-block-file__button wp-element-button\" download aria-describedby=\"wp-block-file--media-11bb6c15-8935-4dbe-99d7-d02640455578\">Baixar<\/a><\/div>\n\n\n\n<div style=\"height:11px\" aria-hidden=\"true\" class=\"wp-block-spacer\"><\/div>\n\n\n\n<p><\/p>\n","protected":false},"excerpt":{"rendered":"<p>EDITAL DE PRORROGA\u00c7\u00c3O DE SUBMISS\u00c3O DE TRABALHOS NOS GTS DO 1\u00ba CICS EDITAL DE SUBMISS\u00c3O DE TRABALHOS NOS GTS DO 1\u00ba CICS<\/p>\n","protected":false},"author":1,"featured_media":0,"parent":0,"menu_order":0,"comment_status":"closed","ping_status":"closed","template":"","meta":{"footnotes":""},"class_list":["post-122","page","type-page","status-publish","hentry"],"acf":[],"yoast_head":"<!-- This site is optimized with the Yoast SEO plugin v24.3 - https:\/\/yoast.com\/wordpress\/plugins\/seo\/ -->\n<title>Submiss\u00e3o de trabalhos - 1\u00ba CICS | Edi\u00e7\u00e3o 2023<\/title>\n<meta name=\"robots\" content=\"index, follow, max-snippet:-1, max-image-preview:large, max-video-preview:-1\" \/>\n<link rel=\"canonical\" href=\"https:\/\/unifsa.com.br\/cics2023\/submissao\/\" \/>\n<meta property=\"og:locale\" content=\"pt_BR\" \/>\n<meta property=\"og:type\" content=\"article\" \/>\n<meta property=\"og:title\" content=\"Submiss\u00e3o de trabalhos - 1\u00ba CICS | Edi\u00e7\u00e3o 2023\" \/>\n<meta property=\"og:description\" content=\"EDITAL DE PRORROGA\u00c7\u00c3O DE SUBMISS\u00c3O DE TRABALHOS NOS GTS DO 1\u00ba CICS EDITAL DE SUBMISS\u00c3O DE TRABALHOS NOS GTS DO 1\u00ba CICS\" \/>\n<meta property=\"og:url\" content=\"https:\/\/unifsa.com.br\/cics2023\/submissao\/\" \/>\n<meta property=\"og:site_name\" content=\"1\u00ba CICS | Edi\u00e7\u00e3o 2023\" \/>\n<meta property=\"article:publisher\" content=\"https:\/\/unifsa.com.br\/cics2023\/a-conferencia\/\" \/>\n<meta property=\"article:modified_time\" content=\"2023-08-21T19:20:47+00:00\" \/>\n<meta property=\"og:image\" content=\"https:\/\/unifsa.com.br\/cics2023\/wp-content\/uploads\/2023\/01\/logomarca-cics.fw_.png\" \/>\n\t<meta property=\"og:image:width\" content=\"678\" \/>\n\t<meta property=\"og:image:height\" content=\"418\" \/>\n\t<meta property=\"og:image:type\" content=\"image\/png\" \/>\n<meta name=\"twitter:card\" content=\"summary_large_image\" \/>\n<meta name=\"twitter:label1\" content=\"Est. tempo de leitura\" \/>\n\t<meta name=\"twitter:data1\" content=\"1 minuto\" \/>\n<script type=\"application\/ld+json\" class=\"yoast-schema-graph\">{\"@context\":\"https:\/\/schema.org\",\"@graph\":[{\"@type\":\"WebPage\",\"@id\":\"https:\/\/unifsa.com.br\/cics2023\/submissao\/\",\"url\":\"https:\/\/unifsa.com.br\/cics2023\/submissao\/\",\"name\":\"Submiss\u00e3o de trabalhos - 1\u00ba CICS | Edi\u00e7\u00e3o 2023\",\"isPartOf\":{\"@id\":\"https:\/\/unifsa.com.br\/cics2023\/#website\"},\"datePublished\":\"2021-02-18T13:21:12+00:00\",\"dateModified\":\"2023-08-21T19:20:47+00:00\",\"breadcrumb\":{\"@id\":\"https:\/\/unifsa.com.br\/cics2023\/submissao\/#breadcrumb\"},\"inLanguage\":\"pt-BR\",\"potentialAction\":[{\"@type\":\"ReadAction\",\"target\":[\"https:\/\/unifsa.com.br\/cics2023\/submissao\/\"]}]},{\"@type\":\"BreadcrumbList\",\"@id\":\"https:\/\/unifsa.com.br\/cics2023\/submissao\/#breadcrumb\",\"itemListElement\":[{\"@type\":\"ListItem\",\"position\":1,\"name\":\"In\u00edcio\",\"item\":\"https:\/\/unifsa.com.br\/cics2023\/\"},{\"@type\":\"ListItem\",\"position\":2,\"name\":\"Submiss\u00e3o de trabalhos\"}]},{\"@type\":\"WebSite\",\"@id\":\"https:\/\/unifsa.com.br\/cics2023\/#website\",\"url\":\"https:\/\/unifsa.com.br\/cics2023\/\",\"name\":\"1\u00ba CICS | Edi\u00e7\u00e3o 2023\",\"description\":\"Congresso Internaconal Ci\u00eancia e Sociedade\",\"publisher\":{\"@id\":\"https:\/\/unifsa.com.br\/cics2023\/#organization\"},\"alternateName\":\"Congresso Internacional Ci\u00eancia e Sociedade (CICS)\",\"potentialAction\":[{\"@type\":\"SearchAction\",\"target\":{\"@type\":\"EntryPoint\",\"urlTemplate\":\"https:\/\/unifsa.com.br\/cics2023\/?s={search_term_string}\"},\"query-input\":{\"@type\":\"PropertyValueSpecification\",\"valueRequired\":true,\"valueName\":\"search_term_string\"}}],\"inLanguage\":\"pt-BR\"},{\"@type\":\"Organization\",\"@id\":\"https:\/\/unifsa.com.br\/cics2023\/#organization\",\"name\":\"Centro Universit\u00e1rio Santo Agostinho\",\"alternateName\":\"UNIFSA\",\"url\":\"https:\/\/unifsa.com.br\/cics2023\/\",\"logo\":{\"@type\":\"ImageObject\",\"inLanguage\":\"pt-BR\",\"@id\":\"https:\/\/unifsa.com.br\/cics2023\/#\/schema\/logo\/image\/\",\"url\":\"https:\/\/unifsa.com.br\/cics2023\/wp-content\/uploads\/2023\/01\/cisc-logo-login.fw_.png\",\"contentUrl\":\"https:\/\/unifsa.com.br\/cics2023\/wp-content\/uploads\/2023\/01\/cisc-logo-login.fw_.png\",\"width\":350,\"height\":216,\"caption\":\"Centro Universit\u00e1rio Santo Agostinho\"},\"image\":{\"@id\":\"https:\/\/unifsa.com.br\/cics2023\/#\/schema\/logo\/image\/\"},\"sameAs\":[\"https:\/\/unifsa.com.br\/cics2023\/a-conferencia\/\"]}]}<\/script>\n<!-- \/ Yoast SEO plugin. -->","yoast_head_json":{"title":"Submiss\u00e3o de trabalhos - 1\u00ba CICS | Edi\u00e7\u00e3o 2023","robots":{"index":"index","follow":"follow","max-snippet":"max-snippet:-1","max-image-preview":"max-image-preview:large","max-video-preview":"max-video-preview:-1"},"canonical":"https:\/\/unifsa.com.br\/cics2023\/submissao\/","og_locale":"pt_BR","og_type":"article","og_title":"Submiss\u00e3o de trabalhos - 1\u00ba CICS | Edi\u00e7\u00e3o 2023","og_description":"EDITAL DE PRORROGA\u00c7\u00c3O DE SUBMISS\u00c3O DE TRABALHOS NOS GTS DO 1\u00ba CICS EDITAL DE SUBMISS\u00c3O DE TRABALHOS NOS GTS DO 1\u00ba CICS","og_url":"https:\/\/unifsa.com.br\/cics2023\/submissao\/","og_site_name":"1\u00ba CICS | Edi\u00e7\u00e3o 2023","article_publisher":"https:\/\/unifsa.com.br\/cics2023\/a-conferencia\/","article_modified_time":"2023-08-21T19:20:47+00:00","og_image":[{"width":678,"height":418,"url":"https:\/\/unifsa.com.br\/cics2023\/wp-content\/uploads\/2023\/01\/logomarca-cics.fw_.png","type":"image\/png"}],"twitter_card":"summary_large_image","twitter_misc":{"Est. tempo de leitura":"1 minuto"},"schema":{"@context":"https:\/\/schema.org","@graph":[{"@type":"WebPage","@id":"https:\/\/unifsa.com.br\/cics2023\/submissao\/","url":"https:\/\/unifsa.com.br\/cics2023\/submissao\/","name":"Submiss\u00e3o de trabalhos - 1\u00ba CICS | Edi\u00e7\u00e3o 2023","isPartOf":{"@id":"https:\/\/unifsa.com.br\/cics2023\/#website"},"datePublished":"2021-02-18T13:21:12+00:00","dateModified":"2023-08-21T19:20:47+00:00","breadcrumb":{"@id":"https:\/\/unifsa.com.br\/cics2023\/submissao\/#breadcrumb"},"inLanguage":"pt-BR","potentialAction":[{"@type":"ReadAction","target":["https:\/\/unifsa.com.br\/cics2023\/submissao\/"]}]},{"@type":"BreadcrumbList","@id":"https:\/\/unifsa.com.br\/cics2023\/submissao\/#breadcrumb","itemListElement":[{"@type":"ListItem","position":1,"name":"In\u00edcio","item":"https:\/\/unifsa.com.br\/cics2023\/"},{"@type":"ListItem","position":2,"name":"Submiss\u00e3o de trabalhos"}]},{"@type":"WebSite","@id":"https:\/\/unifsa.com.br\/cics2023\/#website","url":"https:\/\/unifsa.com.br\/cics2023\/","name":"1\u00ba CICS | Edi\u00e7\u00e3o 2023","description":"Congresso Internaconal Ci\u00eancia e Sociedade","publisher":{"@id":"https:\/\/unifsa.com.br\/cics2023\/#organization"},"alternateName":"Congresso Internacional Ci\u00eancia e Sociedade (CICS)","potentialAction":[{"@type":"SearchAction","target":{"@type":"EntryPoint","urlTemplate":"https:\/\/unifsa.com.br\/cics2023\/?s={search_term_string}"},"query-input":{"@type":"PropertyValueSpecification","valueRequired":true,"valueName":"search_term_string"}}],"inLanguage":"pt-BR"},{"@type":"Organization","@id":"https:\/\/unifsa.com.br\/cics2023\/#organization","name":"Centro Universit\u00e1rio Santo Agostinho","alternateName":"UNIFSA","url":"https:\/\/unifsa.com.br\/cics2023\/","logo":{"@type":"ImageObject","inLanguage":"pt-BR","@id":"https:\/\/unifsa.com.br\/cics2023\/#\/schema\/logo\/image\/","url":"https:\/\/unifsa.com.br\/cics2023\/wp-content\/uploads\/2023\/01\/cisc-logo-login.fw_.png","contentUrl":"https:\/\/unifsa.com.br\/cics2023\/wp-content\/uploads\/2023\/01\/cisc-logo-login.fw_.png","width":350,"height":216,"caption":"Centro Universit\u00e1rio Santo Agostinho"},"image":{"@id":"https:\/\/unifsa.com.br\/cics2023\/#\/schema\/logo\/image\/"},"sameAs":["https:\/\/unifsa.com.br\/cics2023\/a-conferencia\/"]}]}},"_links":{"self":[{"href":"https:\/\/unifsa.com.br\/cics2023\/wp-json\/wp\/v2\/pages\/122","targetHints":{"allow":["GET"]}}],"collection":[{"href":"https:\/\/unifsa.com.br\/cics2023\/wp-json\/wp\/v2\/pages"}],"about":[{"href":"https:\/\/unifsa.com.br\/cics2023\/wp-json\/wp\/v2\/types\/page"}],"author":[{"embeddable":true,"href":"https:\/\/unifsa.com.br\/cics2023\/wp-json\/wp\/v2\/users\/1"}],"replies":[{"embeddable":true,"href":"https:\/\/unifsa.com.br\/cics2023\/wp-json\/wp\/v2\/comments?post=122"}],"version-history":[{"count":34,"href":"https:\/\/unifsa.com.br\/cics2023\/wp-json\/wp\/v2\/pages\/122\/revisions"}],"predecessor-version":[{"id":2076,"href":"https:\/\/unifsa.com.br\/cics2023\/wp-json\/wp\/v2\/pages\/122\/revisions\/2076"}],"wp:attachment":[{"href":"https:\/\/unifsa.com.br\/cics2023\/wp-json\/wp\/v2\/media?parent=122"}],"curies":[{"name":"wp","href":"https:\/\/api.w.org\/{rel}","templated":true}]}}