{"id":111,"date":"2021-02-18T10:08:22","date_gmt":"2021-02-18T13:08:22","guid":{"rendered":"https:\/\/unifsa.com.br\/cics2023\/?page_id=111"},"modified":"2023-11-23T15:56:01","modified_gmt":"2023-11-23T18:56:01","slug":"publicacoes","status":"publish","type":"page","link":"https:\/\/unifsa.com.br\/cics2023\/publicacoes\/","title":{"rendered":"Publica\u00e7\u00f5es"},"content":{"rendered":"\n<div class=\"wp-block-buttons is-layout-flex wp-block-buttons-is-layout-flex\">\n<div class=\"wp-block-button\"><a class=\"wp-block-button__link has-white-color has-luminous-vivid-orange-background-color has-text-color has-background has-link-color wp-element-button\"><strong>ANAIS DO 1\u00ba CICS<\/strong><\/a><\/div>\n<\/div>\n\n\n\n<p><br><a href=\"https:\/\/proceedings.science\/cics-2023?lang=pt-br\">Acesse aos Proceedings (anais) do 1\u00ba Congresso Internacional Ci\u00eancia e Sociedade<\/a><br><br><\/p>\n\n\n\n<div class=\"wp-block-buttons is-layout-flex wp-block-buttons-is-layout-flex\">\n<div class=\"wp-block-button\"><a class=\"wp-block-button__link has-white-color has-luminous-vivid-orange-background-color has-text-color has-background has-link-color wp-element-button\"><strong>IMPORTANTE<\/strong><\/a><\/div>\n<\/div>\n\n\n\n<p>\u2022 Os Anais do 1\u00ba CICS (proceedings) s\u00e3o digitais, sendo identificados pelo ISBN (International Standard Book Number). <br>\u2022 O trabalho aprovado ser\u00e1 publicado nos Anais do 1\u00ba CICS com um identificador DOI (Digital Object Identifier), sendo catalogado no reposit\u00f3rio do evento por meio de links permanentes. A URL de cada trabalho pode ser compartilhada por meio digital. <br>\u2022 O identificador DOI garante a identidade un\u00edvoca de propriedade intelectual, permitindo a sua localiza\u00e7\u00e3o em bancos de dados acad\u00eamicos e cient\u00edficos em \u00e2mbito internacional. O trabalho com DOI \u00e9 diretamente indexado no ORCID do autor.  <br>\u2022 Os Anais do 1\u00ba CICS ser\u00e3o \u201cOpen Access\u201d, sendo o acesso aos trabalhos publicados livre, irrestrito e gratuito. Esse procedimento garantir\u00e1 a visibilidade, acessibilidade e difus\u00e3o dos resultados da atividade cient\u00edfica, potencializando o seu impacto na comunidade cient\u00edfica internacional. <br>\u2022 A plataforma do 1\u00ba CICS vincular\u00e1 o trabalho aprovado a plataformas de pesquisa acad\u00eamica, como o Google Acad\u00eamico, favorecendo o melhor posicionamento de sua pesquisa no \u00e2mbito acad\u00eamico e cient\u00edfico mundial.<\/p>\n","protected":false},"excerpt":{"rendered":"<p>Acesse aos Proceedings (anais) do 1\u00ba Congresso Internacional Ci\u00eancia e Sociedade \u2022 Os Anais do 1\u00ba CICS (proceedings) s\u00e3o digitais, sendo identificados pelo ISBN (International Standard Book Number). \u2022 O trabalho aprovado ser\u00e1 publicado nos Anais do 1\u00ba CICS com um identificador DOI (Digital Object Identifier), sendo catalogado no reposit\u00f3rio do evento por meio de [&hellip;]<\/p>\n","protected":false},"author":1,"featured_media":0,"parent":0,"menu_order":0,"comment_status":"closed","ping_status":"closed","template":"","meta":{"footnotes":""},"class_list":["post-111","page","type-page","status-publish","hentry"],"acf":[],"yoast_head":"<!-- This site is optimized with the Yoast SEO plugin v24.3 - https:\/\/yoast.com\/wordpress\/plugins\/seo\/ -->\n<title>Publica\u00e7\u00f5es - 1\u00ba CICS | Edi\u00e7\u00e3o 2023<\/title>\n<meta name=\"robots\" content=\"index, follow, max-snippet:-1, max-image-preview:large, max-video-preview:-1\" \/>\n<link rel=\"canonical\" href=\"https:\/\/unifsa.com.br\/cics2023\/publicacoes\/\" \/>\n<meta property=\"og:locale\" content=\"pt_BR\" \/>\n<meta property=\"og:type\" content=\"article\" \/>\n<meta property=\"og:title\" content=\"Publica\u00e7\u00f5es - 1\u00ba CICS | Edi\u00e7\u00e3o 2023\" \/>\n<meta property=\"og:description\" content=\"Acesse aos Proceedings (anais) do 1\u00ba Congresso Internacional Ci\u00eancia e Sociedade \u2022 Os Anais do 1\u00ba CICS (proceedings) s\u00e3o digitais, sendo identificados pelo ISBN (International Standard Book Number). \u2022 O trabalho aprovado ser\u00e1 publicado nos Anais do 1\u00ba CICS com um identificador DOI (Digital Object Identifier), sendo catalogado no reposit\u00f3rio do evento por meio de [&hellip;]\" \/>\n<meta property=\"og:url\" content=\"https:\/\/unifsa.com.br\/cics2023\/publicacoes\/\" \/>\n<meta property=\"og:site_name\" content=\"1\u00ba CICS | Edi\u00e7\u00e3o 2023\" \/>\n<meta property=\"article:publisher\" content=\"https:\/\/unifsa.com.br\/cics2023\/a-conferencia\/\" \/>\n<meta property=\"article:modified_time\" content=\"2023-11-23T18:56:01+00:00\" \/>\n<meta property=\"og:image\" content=\"https:\/\/unifsa.com.br\/cics2023\/wp-content\/uploads\/2023\/01\/logomarca-cics.fw_.png\" \/>\n\t<meta property=\"og:image:width\" content=\"678\" \/>\n\t<meta property=\"og:image:height\" content=\"418\" \/>\n\t<meta property=\"og:image:type\" content=\"image\/png\" \/>\n<meta name=\"twitter:card\" content=\"summary_large_image\" \/>\n<meta name=\"twitter:label1\" content=\"Est. tempo de leitura\" \/>\n\t<meta name=\"twitter:data1\" content=\"1 minuto\" \/>\n<script type=\"application\/ld+json\" class=\"yoast-schema-graph\">{\"@context\":\"https:\/\/schema.org\",\"@graph\":[{\"@type\":\"WebPage\",\"@id\":\"https:\/\/unifsa.com.br\/cics2023\/publicacoes\/\",\"url\":\"https:\/\/unifsa.com.br\/cics2023\/publicacoes\/\",\"name\":\"Publica\u00e7\u00f5es - 1\u00ba CICS | Edi\u00e7\u00e3o 2023\",\"isPartOf\":{\"@id\":\"https:\/\/unifsa.com.br\/cics2023\/#website\"},\"datePublished\":\"2021-02-18T13:08:22+00:00\",\"dateModified\":\"2023-11-23T18:56:01+00:00\",\"breadcrumb\":{\"@id\":\"https:\/\/unifsa.com.br\/cics2023\/publicacoes\/#breadcrumb\"},\"inLanguage\":\"pt-BR\",\"potentialAction\":[{\"@type\":\"ReadAction\",\"target\":[\"https:\/\/unifsa.com.br\/cics2023\/publicacoes\/\"]}]},{\"@type\":\"BreadcrumbList\",\"@id\":\"https:\/\/unifsa.com.br\/cics2023\/publicacoes\/#breadcrumb\",\"itemListElement\":[{\"@type\":\"ListItem\",\"position\":1,\"name\":\"In\u00edcio\",\"item\":\"https:\/\/unifsa.com.br\/cics2023\/\"},{\"@type\":\"ListItem\",\"position\":2,\"name\":\"Publica\u00e7\u00f5es\"}]},{\"@type\":\"WebSite\",\"@id\":\"https:\/\/unifsa.com.br\/cics2023\/#website\",\"url\":\"https:\/\/unifsa.com.br\/cics2023\/\",\"name\":\"1\u00ba CICS | Edi\u00e7\u00e3o 2023\",\"description\":\"Congresso Internaconal Ci\u00eancia e Sociedade\",\"publisher\":{\"@id\":\"https:\/\/unifsa.com.br\/cics2023\/#organization\"},\"alternateName\":\"Congresso Internacional Ci\u00eancia e Sociedade (CICS)\",\"potentialAction\":[{\"@type\":\"SearchAction\",\"target\":{\"@type\":\"EntryPoint\",\"urlTemplate\":\"https:\/\/unifsa.com.br\/cics2023\/?s={search_term_string}\"},\"query-input\":{\"@type\":\"PropertyValueSpecification\",\"valueRequired\":true,\"valueName\":\"search_term_string\"}}],\"inLanguage\":\"pt-BR\"},{\"@type\":\"Organization\",\"@id\":\"https:\/\/unifsa.com.br\/cics2023\/#organization\",\"name\":\"Centro Universit\u00e1rio Santo Agostinho\",\"alternateName\":\"UNIFSA\",\"url\":\"https:\/\/unifsa.com.br\/cics2023\/\",\"logo\":{\"@type\":\"ImageObject\",\"inLanguage\":\"pt-BR\",\"@id\":\"https:\/\/unifsa.com.br\/cics2023\/#\/schema\/logo\/image\/\",\"url\":\"https:\/\/unifsa.com.br\/cics2023\/wp-content\/uploads\/2023\/01\/cisc-logo-login.fw_.png\",\"contentUrl\":\"https:\/\/unifsa.com.br\/cics2023\/wp-content\/uploads\/2023\/01\/cisc-logo-login.fw_.png\",\"width\":350,\"height\":216,\"caption\":\"Centro Universit\u00e1rio Santo Agostinho\"},\"image\":{\"@id\":\"https:\/\/unifsa.com.br\/cics2023\/#\/schema\/logo\/image\/\"},\"sameAs\":[\"https:\/\/unifsa.com.br\/cics2023\/a-conferencia\/\"]}]}<\/script>\n<!-- \/ Yoast SEO plugin. -->","yoast_head_json":{"title":"Publica\u00e7\u00f5es - 1\u00ba CICS | Edi\u00e7\u00e3o 2023","robots":{"index":"index","follow":"follow","max-snippet":"max-snippet:-1","max-image-preview":"max-image-preview:large","max-video-preview":"max-video-preview:-1"},"canonical":"https:\/\/unifsa.com.br\/cics2023\/publicacoes\/","og_locale":"pt_BR","og_type":"article","og_title":"Publica\u00e7\u00f5es - 1\u00ba CICS | Edi\u00e7\u00e3o 2023","og_description":"Acesse aos Proceedings (anais) do 1\u00ba Congresso Internacional Ci\u00eancia e Sociedade \u2022 Os Anais do 1\u00ba CICS (proceedings) s\u00e3o digitais, sendo identificados pelo ISBN (International Standard Book Number). \u2022 O trabalho aprovado ser\u00e1 publicado nos Anais do 1\u00ba CICS com um identificador DOI (Digital Object Identifier), sendo catalogado no reposit\u00f3rio do evento por meio de [&hellip;]","og_url":"https:\/\/unifsa.com.br\/cics2023\/publicacoes\/","og_site_name":"1\u00ba CICS | Edi\u00e7\u00e3o 2023","article_publisher":"https:\/\/unifsa.com.br\/cics2023\/a-conferencia\/","article_modified_time":"2023-11-23T18:56:01+00:00","og_image":[{"width":678,"height":418,"url":"https:\/\/unifsa.com.br\/cics2023\/wp-content\/uploads\/2023\/01\/logomarca-cics.fw_.png","type":"image\/png"}],"twitter_card":"summary_large_image","twitter_misc":{"Est. tempo de leitura":"1 minuto"},"schema":{"@context":"https:\/\/schema.org","@graph":[{"@type":"WebPage","@id":"https:\/\/unifsa.com.br\/cics2023\/publicacoes\/","url":"https:\/\/unifsa.com.br\/cics2023\/publicacoes\/","name":"Publica\u00e7\u00f5es - 1\u00ba CICS | Edi\u00e7\u00e3o 2023","isPartOf":{"@id":"https:\/\/unifsa.com.br\/cics2023\/#website"},"datePublished":"2021-02-18T13:08:22+00:00","dateModified":"2023-11-23T18:56:01+00:00","breadcrumb":{"@id":"https:\/\/unifsa.com.br\/cics2023\/publicacoes\/#breadcrumb"},"inLanguage":"pt-BR","potentialAction":[{"@type":"ReadAction","target":["https:\/\/unifsa.com.br\/cics2023\/publicacoes\/"]}]},{"@type":"BreadcrumbList","@id":"https:\/\/unifsa.com.br\/cics2023\/publicacoes\/#breadcrumb","itemListElement":[{"@type":"ListItem","position":1,"name":"In\u00edcio","item":"https:\/\/unifsa.com.br\/cics2023\/"},{"@type":"ListItem","position":2,"name":"Publica\u00e7\u00f5es"}]},{"@type":"WebSite","@id":"https:\/\/unifsa.com.br\/cics2023\/#website","url":"https:\/\/unifsa.com.br\/cics2023\/","name":"1\u00ba CICS | Edi\u00e7\u00e3o 2023","description":"Congresso Internaconal Ci\u00eancia e Sociedade","publisher":{"@id":"https:\/\/unifsa.com.br\/cics2023\/#organization"},"alternateName":"Congresso Internacional Ci\u00eancia e Sociedade (CICS)","potentialAction":[{"@type":"SearchAction","target":{"@type":"EntryPoint","urlTemplate":"https:\/\/unifsa.com.br\/cics2023\/?s={search_term_string}"},"query-input":{"@type":"PropertyValueSpecification","valueRequired":true,"valueName":"search_term_string"}}],"inLanguage":"pt-BR"},{"@type":"Organization","@id":"https:\/\/unifsa.com.br\/cics2023\/#organization","name":"Centro Universit\u00e1rio Santo Agostinho","alternateName":"UNIFSA","url":"https:\/\/unifsa.com.br\/cics2023\/","logo":{"@type":"ImageObject","inLanguage":"pt-BR","@id":"https:\/\/unifsa.com.br\/cics2023\/#\/schema\/logo\/image\/","url":"https:\/\/unifsa.com.br\/cics2023\/wp-content\/uploads\/2023\/01\/cisc-logo-login.fw_.png","contentUrl":"https:\/\/unifsa.com.br\/cics2023\/wp-content\/uploads\/2023\/01\/cisc-logo-login.fw_.png","width":350,"height":216,"caption":"Centro Universit\u00e1rio Santo Agostinho"},"image":{"@id":"https:\/\/unifsa.com.br\/cics2023\/#\/schema\/logo\/image\/"},"sameAs":["https:\/\/unifsa.com.br\/cics2023\/a-conferencia\/"]}]}},"_links":{"self":[{"href":"https:\/\/unifsa.com.br\/cics2023\/wp-json\/wp\/v2\/pages\/111","targetHints":{"allow":["GET"]}}],"collection":[{"href":"https:\/\/unifsa.com.br\/cics2023\/wp-json\/wp\/v2\/pages"}],"about":[{"href":"https:\/\/unifsa.com.br\/cics2023\/wp-json\/wp\/v2\/types\/page"}],"author":[{"embeddable":true,"href":"https:\/\/unifsa.com.br\/cics2023\/wp-json\/wp\/v2\/users\/1"}],"replies":[{"embeddable":true,"href":"https:\/\/unifsa.com.br\/cics2023\/wp-json\/wp\/v2\/comments?post=111"}],"version-history":[{"count":17,"href":"https:\/\/unifsa.com.br\/cics2023\/wp-json\/wp\/v2\/pages\/111\/revisions"}],"predecessor-version":[{"id":2424,"href":"https:\/\/unifsa.com.br\/cics2023\/wp-json\/wp\/v2\/pages\/111\/revisions\/2424"}],"wp:attachment":[{"href":"https:\/\/unifsa.com.br\/cics2023\/wp-json\/wp\/v2\/media?parent=111"}],"curies":[{"name":"wp","href":"https:\/\/api.w.org\/{rel}","templated":true}]}}