{"id":109,"date":"2021-02-18T10:01:16","date_gmt":"2021-02-18T13:01:16","guid":{"rendered":"https:\/\/unifsa.com.br\/cics2023\/?page_id=109"},"modified":"2023-10-03T11:49:31","modified_gmt":"2023-10-03T14:49:31","slug":"certificacoes","status":"publish","type":"page","link":"https:\/\/unifsa.com.br\/cics2023\/certificacoes\/","title":{"rendered":"Certifica\u00e7\u00f5es"},"content":{"rendered":"\n<p>O 1\u00ba Congresso Internacional Ci\u00eancia e Sociedade (1\u00ba CICS) tem como objetivo favorecer o trabalho em conjunto de pesquisadores em torno de subcampos do conhecimento e\/ou de especialidades, visando contribuir para o desenvolvimento cient\u00edfico, bem como, para cria\u00e7\u00e3o de v\u00ednculos acad\u00eamicos e investigativos por meio da amplia\u00e7\u00e3o de networking. Por meio dos marcadores: Conhecimento; Tecnologia; Desenvolvimento Social, o 1\u00ba CICS nortear\u00e1 suas contribui\u00e7\u00f5es acad\u00eamicas para o bem-estar social, em coer\u00eancia com a Agenda 2030\/ONU.<br><br>Quem participa do CICS tem acesso a diversos tipos de certifica\u00e7\u00f5es:<br><br><strong>CERTIFICADO DE PARTICIPANTE<\/strong><br>Esse certificado \u00e9 concedido a todos os(as) participantes inscritos no 1\u00ba CICS, com carga hor\u00e1ria de 40h. Os certificados desta categoria ser\u00e3o disponibilizados na plataforma do congresso, ap\u00f3s a conclus\u00e3o do evento.<br><br><strong>CERTIFICADO DE AUTOR(A)<\/strong><br>Esse certificado \u00e9 concedido a participantes que submeteram e aprovaram trabalhos no 1\u00ba CICS, em sess\u00f5es denominadas Grupos Tem\u00e1ticos (GTs). OS GTs re\u00fanem, de forma multidisciplinar, pesquisadores em torno de temas comuns. <br>Observa-se que, se o trabalho submetido tiver autoria coletiva, os certificados de apresenta\u00e7\u00e3o de trabalho, conter\u00e3o os nomes de todos os autores, conjuntamente.<br>Ap\u00f3s a apresenta\u00e7\u00e3o dos trabalhos, os certificados de autoria ser\u00e3o enviados ao e-mail dos autores inscritos, estando, ainda, disponibilizados na plataforma do evento.<br><br><strong>CARTA DE ACEITE<br><\/strong>Documento encaminhado aos autores que tiveram trabalhos aprovados para apresenta\u00e7\u00e3o nos Grupos Tem\u00e1ticos (GT) do 1\u00ba CICS. Esse certificado \u00e9 enviado por e-mail aos autores do trabalho e fica dispon\u00edvel para download na p\u00e1gina de cada autor inscrito no evento.<br><br><strong>CERTIFICADO DE MELHOR TRABALHO<\/strong><br><strong><u>PREMIA\u00c7\u00c3O<\/u>:<\/strong><\/p>\n\n\n\n<p>O melhor trabalho de cada Grupo Tem\u00e1tico (GT) do 1\u00ba CICS, indicado formalmente pelos coordenadores dessas sess\u00f5es, ser\u00e1 publicado, como cap\u00edtulo, no ebook denominado \u201cMelhores Trabalhos do 1\u00ba CICS: Desenvolvimento humano e social: das ideias \u00e0s pr\u00e1ticas\u201d. <br>A edi\u00e7\u00e3o, realizada em parceria com a <a href=\"https:\/\/lestu.org\/books\/index.php\/lestu\/catalog\">Editora Lestu<\/a>, ser\u00e1 publicada com ISBN e DOI pr\u00f3prios, sendo atribu\u00eddo a cada cap\u00edtulo, um DOI individual. A obra ser\u00e1 disponibilizada no site da Editora, bem como, no site do <a href=\"https:\/\/unifsa.com.br\/cics2023\/\">1\u00ba CICS<\/a>, e na \u00e1rea de Publica\u00e7\u00f5es Acad\u00eamicas do site <a href=\"https:\/\/unifsa.com.br\/site\/\">UNIFSA<\/a>. <br>Os trabalhos indicados como Melhores de cada GT receber\u00e3o um Certificado especial, destacando essa conquista, a ser remetidos aos autores, ap\u00f3s a realiza\u00e7\u00e3o do evento.<\/p>\n","protected":false},"excerpt":{"rendered":"<p>O 1\u00ba Congresso Internacional Ci\u00eancia e Sociedade (1\u00ba CICS) tem como objetivo favorecer o trabalho em conjunto de pesquisadores em torno de subcampos do conhecimento e\/ou de especialidades, visando contribuir para o desenvolvimento cient\u00edfico, bem como, para cria\u00e7\u00e3o de v\u00ednculos acad\u00eamicos e investigativos por meio da amplia\u00e7\u00e3o de networking. Por meio dos marcadores: Conhecimento; Tecnologia; [&hellip;]<\/p>\n","protected":false},"author":1,"featured_media":0,"parent":0,"menu_order":0,"comment_status":"closed","ping_status":"closed","template":"","meta":{"footnotes":""},"class_list":["post-109","page","type-page","status-publish","hentry"],"acf":[],"yoast_head":"<!-- This site is optimized with the Yoast SEO plugin v24.3 - https:\/\/yoast.com\/wordpress\/plugins\/seo\/ -->\n<title>Certifica\u00e7\u00f5es - 1\u00ba CICS | Edi\u00e7\u00e3o 2023<\/title>\n<meta name=\"robots\" content=\"index, follow, max-snippet:-1, max-image-preview:large, max-video-preview:-1\" \/>\n<link rel=\"canonical\" href=\"https:\/\/unifsa.com.br\/cics2023\/certificacoes\/\" \/>\n<meta property=\"og:locale\" content=\"pt_BR\" \/>\n<meta property=\"og:type\" content=\"article\" \/>\n<meta property=\"og:title\" content=\"Certifica\u00e7\u00f5es - 1\u00ba CICS | Edi\u00e7\u00e3o 2023\" \/>\n<meta property=\"og:description\" content=\"O 1\u00ba Congresso Internacional Ci\u00eancia e Sociedade (1\u00ba CICS) tem como objetivo favorecer o trabalho em conjunto de pesquisadores em torno de subcampos do conhecimento e\/ou de especialidades, visando contribuir para o desenvolvimento cient\u00edfico, bem como, para cria\u00e7\u00e3o de v\u00ednculos acad\u00eamicos e investigativos por meio da amplia\u00e7\u00e3o de networking. Por meio dos marcadores: Conhecimento; Tecnologia; [&hellip;]\" \/>\n<meta property=\"og:url\" content=\"https:\/\/unifsa.com.br\/cics2023\/certificacoes\/\" \/>\n<meta property=\"og:site_name\" content=\"1\u00ba CICS | Edi\u00e7\u00e3o 2023\" \/>\n<meta property=\"article:publisher\" content=\"https:\/\/unifsa.com.br\/cics2023\/a-conferencia\/\" \/>\n<meta property=\"article:modified_time\" content=\"2023-10-03T14:49:31+00:00\" \/>\n<meta property=\"og:image\" content=\"https:\/\/unifsa.com.br\/cics2023\/wp-content\/uploads\/2023\/01\/logomarca-cics.fw_.png\" \/>\n\t<meta property=\"og:image:width\" content=\"678\" \/>\n\t<meta property=\"og:image:height\" content=\"418\" \/>\n\t<meta property=\"og:image:type\" content=\"image\/png\" \/>\n<meta name=\"twitter:card\" content=\"summary_large_image\" \/>\n<meta name=\"twitter:label1\" content=\"Est. tempo de leitura\" \/>\n\t<meta name=\"twitter:data1\" content=\"2 minutos\" \/>\n<script type=\"application\/ld+json\" class=\"yoast-schema-graph\">{\"@context\":\"https:\/\/schema.org\",\"@graph\":[{\"@type\":\"WebPage\",\"@id\":\"https:\/\/unifsa.com.br\/cics2023\/certificacoes\/\",\"url\":\"https:\/\/unifsa.com.br\/cics2023\/certificacoes\/\",\"name\":\"Certifica\u00e7\u00f5es - 1\u00ba CICS | Edi\u00e7\u00e3o 2023\",\"isPartOf\":{\"@id\":\"https:\/\/unifsa.com.br\/cics2023\/#website\"},\"datePublished\":\"2021-02-18T13:01:16+00:00\",\"dateModified\":\"2023-10-03T14:49:31+00:00\",\"breadcrumb\":{\"@id\":\"https:\/\/unifsa.com.br\/cics2023\/certificacoes\/#breadcrumb\"},\"inLanguage\":\"pt-BR\",\"potentialAction\":[{\"@type\":\"ReadAction\",\"target\":[\"https:\/\/unifsa.com.br\/cics2023\/certificacoes\/\"]}]},{\"@type\":\"BreadcrumbList\",\"@id\":\"https:\/\/unifsa.com.br\/cics2023\/certificacoes\/#breadcrumb\",\"itemListElement\":[{\"@type\":\"ListItem\",\"position\":1,\"name\":\"In\u00edcio\",\"item\":\"https:\/\/unifsa.com.br\/cics2023\/\"},{\"@type\":\"ListItem\",\"position\":2,\"name\":\"Certifica\u00e7\u00f5es\"}]},{\"@type\":\"WebSite\",\"@id\":\"https:\/\/unifsa.com.br\/cics2023\/#website\",\"url\":\"https:\/\/unifsa.com.br\/cics2023\/\",\"name\":\"1\u00ba CICS | Edi\u00e7\u00e3o 2023\",\"description\":\"Congresso Internaconal Ci\u00eancia e Sociedade\",\"publisher\":{\"@id\":\"https:\/\/unifsa.com.br\/cics2023\/#organization\"},\"alternateName\":\"Congresso Internacional Ci\u00eancia e Sociedade (CICS)\",\"potentialAction\":[{\"@type\":\"SearchAction\",\"target\":{\"@type\":\"EntryPoint\",\"urlTemplate\":\"https:\/\/unifsa.com.br\/cics2023\/?s={search_term_string}\"},\"query-input\":{\"@type\":\"PropertyValueSpecification\",\"valueRequired\":true,\"valueName\":\"search_term_string\"}}],\"inLanguage\":\"pt-BR\"},{\"@type\":\"Organization\",\"@id\":\"https:\/\/unifsa.com.br\/cics2023\/#organization\",\"name\":\"Centro Universit\u00e1rio Santo Agostinho\",\"alternateName\":\"UNIFSA\",\"url\":\"https:\/\/unifsa.com.br\/cics2023\/\",\"logo\":{\"@type\":\"ImageObject\",\"inLanguage\":\"pt-BR\",\"@id\":\"https:\/\/unifsa.com.br\/cics2023\/#\/schema\/logo\/image\/\",\"url\":\"https:\/\/unifsa.com.br\/cics2023\/wp-content\/uploads\/2023\/01\/cisc-logo-login.fw_.png\",\"contentUrl\":\"https:\/\/unifsa.com.br\/cics2023\/wp-content\/uploads\/2023\/01\/cisc-logo-login.fw_.png\",\"width\":350,\"height\":216,\"caption\":\"Centro Universit\u00e1rio Santo Agostinho\"},\"image\":{\"@id\":\"https:\/\/unifsa.com.br\/cics2023\/#\/schema\/logo\/image\/\"},\"sameAs\":[\"https:\/\/unifsa.com.br\/cics2023\/a-conferencia\/\"]}]}<\/script>\n<!-- \/ Yoast SEO plugin. -->","yoast_head_json":{"title":"Certifica\u00e7\u00f5es - 1\u00ba CICS | Edi\u00e7\u00e3o 2023","robots":{"index":"index","follow":"follow","max-snippet":"max-snippet:-1","max-image-preview":"max-image-preview:large","max-video-preview":"max-video-preview:-1"},"canonical":"https:\/\/unifsa.com.br\/cics2023\/certificacoes\/","og_locale":"pt_BR","og_type":"article","og_title":"Certifica\u00e7\u00f5es - 1\u00ba CICS | Edi\u00e7\u00e3o 2023","og_description":"O 1\u00ba Congresso Internacional Ci\u00eancia e Sociedade (1\u00ba CICS) tem como objetivo favorecer o trabalho em conjunto de pesquisadores em torno de subcampos do conhecimento e\/ou de especialidades, visando contribuir para o desenvolvimento cient\u00edfico, bem como, para cria\u00e7\u00e3o de v\u00ednculos acad\u00eamicos e investigativos por meio da amplia\u00e7\u00e3o de networking. Por meio dos marcadores: Conhecimento; Tecnologia; [&hellip;]","og_url":"https:\/\/unifsa.com.br\/cics2023\/certificacoes\/","og_site_name":"1\u00ba CICS | Edi\u00e7\u00e3o 2023","article_publisher":"https:\/\/unifsa.com.br\/cics2023\/a-conferencia\/","article_modified_time":"2023-10-03T14:49:31+00:00","og_image":[{"width":678,"height":418,"url":"https:\/\/unifsa.com.br\/cics2023\/wp-content\/uploads\/2023\/01\/logomarca-cics.fw_.png","type":"image\/png"}],"twitter_card":"summary_large_image","twitter_misc":{"Est. tempo de leitura":"2 minutos"},"schema":{"@context":"https:\/\/schema.org","@graph":[{"@type":"WebPage","@id":"https:\/\/unifsa.com.br\/cics2023\/certificacoes\/","url":"https:\/\/unifsa.com.br\/cics2023\/certificacoes\/","name":"Certifica\u00e7\u00f5es - 1\u00ba CICS | Edi\u00e7\u00e3o 2023","isPartOf":{"@id":"https:\/\/unifsa.com.br\/cics2023\/#website"},"datePublished":"2021-02-18T13:01:16+00:00","dateModified":"2023-10-03T14:49:31+00:00","breadcrumb":{"@id":"https:\/\/unifsa.com.br\/cics2023\/certificacoes\/#breadcrumb"},"inLanguage":"pt-BR","potentialAction":[{"@type":"ReadAction","target":["https:\/\/unifsa.com.br\/cics2023\/certificacoes\/"]}]},{"@type":"BreadcrumbList","@id":"https:\/\/unifsa.com.br\/cics2023\/certificacoes\/#breadcrumb","itemListElement":[{"@type":"ListItem","position":1,"name":"In\u00edcio","item":"https:\/\/unifsa.com.br\/cics2023\/"},{"@type":"ListItem","position":2,"name":"Certifica\u00e7\u00f5es"}]},{"@type":"WebSite","@id":"https:\/\/unifsa.com.br\/cics2023\/#website","url":"https:\/\/unifsa.com.br\/cics2023\/","name":"1\u00ba CICS | Edi\u00e7\u00e3o 2023","description":"Congresso Internaconal Ci\u00eancia e Sociedade","publisher":{"@id":"https:\/\/unifsa.com.br\/cics2023\/#organization"},"alternateName":"Congresso Internacional Ci\u00eancia e Sociedade (CICS)","potentialAction":[{"@type":"SearchAction","target":{"@type":"EntryPoint","urlTemplate":"https:\/\/unifsa.com.br\/cics2023\/?s={search_term_string}"},"query-input":{"@type":"PropertyValueSpecification","valueRequired":true,"valueName":"search_term_string"}}],"inLanguage":"pt-BR"},{"@type":"Organization","@id":"https:\/\/unifsa.com.br\/cics2023\/#organization","name":"Centro Universit\u00e1rio Santo Agostinho","alternateName":"UNIFSA","url":"https:\/\/unifsa.com.br\/cics2023\/","logo":{"@type":"ImageObject","inLanguage":"pt-BR","@id":"https:\/\/unifsa.com.br\/cics2023\/#\/schema\/logo\/image\/","url":"https:\/\/unifsa.com.br\/cics2023\/wp-content\/uploads\/2023\/01\/cisc-logo-login.fw_.png","contentUrl":"https:\/\/unifsa.com.br\/cics2023\/wp-content\/uploads\/2023\/01\/cisc-logo-login.fw_.png","width":350,"height":216,"caption":"Centro Universit\u00e1rio Santo Agostinho"},"image":{"@id":"https:\/\/unifsa.com.br\/cics2023\/#\/schema\/logo\/image\/"},"sameAs":["https:\/\/unifsa.com.br\/cics2023\/a-conferencia\/"]}]}},"_links":{"self":[{"href":"https:\/\/unifsa.com.br\/cics2023\/wp-json\/wp\/v2\/pages\/109","targetHints":{"allow":["GET"]}}],"collection":[{"href":"https:\/\/unifsa.com.br\/cics2023\/wp-json\/wp\/v2\/pages"}],"about":[{"href":"https:\/\/unifsa.com.br\/cics2023\/wp-json\/wp\/v2\/types\/page"}],"author":[{"embeddable":true,"href":"https:\/\/unifsa.com.br\/cics2023\/wp-json\/wp\/v2\/users\/1"}],"replies":[{"embeddable":true,"href":"https:\/\/unifsa.com.br\/cics2023\/wp-json\/wp\/v2\/comments?post=109"}],"version-history":[{"count":3,"href":"https:\/\/unifsa.com.br\/cics2023\/wp-json\/wp\/v2\/pages\/109\/revisions"}],"predecessor-version":[{"id":2296,"href":"https:\/\/unifsa.com.br\/cics2023\/wp-json\/wp\/v2\/pages\/109\/revisions\/2296"}],"wp:attachment":[{"href":"https:\/\/unifsa.com.br\/cics2023\/wp-json\/wp\/v2\/media?parent=109"}],"curies":[{"name":"wp","href":"https:\/\/api.w.org\/{rel}","templated":true}]}}